{"id":5410,"date":"2021-03-11T16:53:02","date_gmt":"2021-03-11T19:53:02","guid":{"rendered":"http:\/\/intsregiaosaca.org.br\/ints\/wp-admin\/?page_id=5410"},"modified":"2025-01-27T09:32:52","modified_gmt":"2025-01-27T12:32:52","slug":"hospital-integrado-santo-amaro-ambulatorio-de-especialidades","status":"publish","type":"page","link":"https:\/\/intsregiaosaca.org.br\/ints\/wp-admin\/atencao-secundaria\/hospital-integrado-santo-amaro-ambulatorio-de-especialidades\/","title":{"rendered":"SANTO AMARO"},"content":{"rendered":"<p>[vc_row][vc_column][vc_column_text]<\/p>\n<p style=\"margin: 0cm; vertical-align: baseline;\"><span style=\"font-size: 10.5pt; font-family: 'Arial',sans-serif; color: #666666;\">O Hospital Dia Santo Amaro (HDSA), em S\u00e3o Paulo, sob gest\u00e3o do Instituto Nacional de Tecnologia e Sa\u00fade (INTS), iniciou atendimento \u00e0 popula\u00e7\u00e3o em 04 de novembro de 2020. A unidade de sa\u00fade vai oferecer 80 salas de consultas, exames e atendimentos, distribu\u00eddas em seis andares. Al\u00e9m de contar com o primeiro Centro Municipal de Refer\u00eancia para Acompanhamento de Portadores de Hemoglobinopatias (CRAPH), em benef\u00edcio da popula\u00e7\u00e3o adulta, o HISA poder\u00e1 realizar cerca de 60 mil atendimentos mensais, sendo mais de 15 mil consultas, mais de 34 mil exames de apoio e imagem, 10 mil exames de coletas laboratoriais e cerca de 350 cirurgias ao m\u00eas.<\/span><\/p>\n<p>[\/vc_column_text][vc_text_separator title=&#8221;Caracteriza\u00e7\u00e3o&#8221; title_align=&#8221;separator_align_left&#8221; color=&#8221;custom&#8221; border_width=&#8221;3&#8243; accent_color=&#8221;#006527&#8243;][vc_column_text]<span style=\"font-size: 10.5pt; font-family: 'Arial',sans-serif; color: #666666;\">Para 2021, a expectativa \u00e9 que o HDSA funcione em sua totalidade, nos 13 andares, com 90 leitos para interna\u00e7\u00e3o e 463 profissionais contratados, sendo 240 m\u00e9dicos. <\/span><\/p>\n<p><span style=\"font-size: 10.5pt; font-family: 'Arial',sans-serif; color: #666666;\">O hospital tamb\u00e9m disponibilizar\u00e1 atendimento em 15 especialidades cl\u00ednicas:<\/span><\/p>\n<ul>\n<li><span style=\"font-size: 10.5pt; font-family: 'Arial',sans-serif; color: #666666;\">Endocrinologia; <\/span><\/li>\n<li><span style=\"font-size: 10.5pt; font-family: 'Arial',sans-serif; color: #666666;\">Reumatologia; <\/span><\/li>\n<li><span style=\"font-size: 10.5pt; font-family: 'Arial',sans-serif; color: #666666;\">Oftalmologia;<\/span><\/li>\n<li><span style=\"font-size: 10.5pt; font-family: 'Arial',sans-serif; color: #666666;\">Cardiologia; <\/span><\/li>\n<li><span style=\"font-size: 10.5pt; font-family: 'Arial',sans-serif; color: #666666;\">Mastologia; <\/span><\/li>\n<li><span style=\"font-size: 10.5pt; font-family: 'Arial',sans-serif; color: #666666;\">Otorrinolaringologia;<\/span><\/li>\n<li><span style=\"font-size: 10.5pt; font-family: 'Arial',sans-serif; color: #666666;\">Urologia;<\/span><\/li>\n<li><span style=\"font-size: 10.5pt; font-family: 'Arial',sans-serif; color: #666666;\">Vascular;<\/span><\/li>\n<li><span style=\"font-size: 10.5pt; font-family: 'Arial',sans-serif; color: #666666;\">Ortopedia;<\/span><\/li>\n<li><span style=\"font-size: 10.5pt; font-family: 'Arial',sans-serif; color: #666666;\">Proctologia;<\/span><\/li>\n<li><span style=\"font-size: 10.5pt; font-family: 'Arial',sans-serif; color: #666666;\">Gastroenterologia;<\/span><\/li>\n<li><span style=\"font-size: 10.5pt; font-family: 'Arial',sans-serif; color: #666666;\">Neurologia;<\/span><\/li>\n<li><span style=\"font-size: 10.5pt; font-family: 'Arial',sans-serif; color: #666666;\">Dermatologia;<\/span><\/li>\n<li><span style=\"font-size: 10.5pt; font-family: 'Arial',sans-serif; color: #666666;\">Pneumologia e <\/span><\/li>\n<li><span style=\"font-size: 10.5pt; font-family: 'Arial',sans-serif; color: #666666;\">Hematologia. <\/span><\/li>\n<\/ul>\n<p><span style=\"font-size: 10.5pt; font-family: 'Arial',sans-serif; color: #666666;\">T<\/span><span style=\"font-size: 10.5pt; font-family: 'Arial',sans-serif; color: #666666;\">amb\u00e9m ser\u00e1 oferecido atendimento em nove especialidades cir\u00fargicas, como:<\/span><\/p>\n<ul>\n<li><span style=\"font-size: 10.5pt; font-family: 'Arial',sans-serif; color: #666666;\">Oftalmologia cir\u00fargica; <\/span><\/li>\n<li><span style=\"font-size: 10.5pt; font-family: 'Arial',sans-serif; color: #666666;\">Cirurgia ginecol\u00f3gica;<\/span><\/li>\n<li><span style=\"font-size: 10.5pt; font-family: 'Arial',sans-serif; color: #666666;\">Ortopedia cir\u00fargica;<\/span><\/li>\n<li><span style=\"font-size: 10.5pt; font-family: 'Arial',sans-serif; color: #666666;\">Cirurgia geral;<\/span><\/li>\n<li><span style=\"font-size: 10.5pt; font-family: 'Arial',sans-serif; color: #666666;\">Cirurgia pedi\u00e1trica, entre outras.<\/span><\/li>\n<\/ul>\n<p>[\/vc_column_text][\/vc_column][\/vc_row][vc_row][vc_column][vc_text_separator title=&#8221;Aqui voc\u00ea encontra:&#8221; color=&#8221;custom&#8221; border_width=&#8221;3&#8243; accent_color=&#8221;#006527&#8243;][\/vc_column][\/vc_row][vc_row][vc_column width=&#8221;1\/3&#8243;][vc_column_text]01 Assistente Social<\/p>\n<p>06 Auxiliares de Farm\u00e1cia<\/p>\n<p>01 Diretor Geral<\/p>\n<p>01 Diretor M\u00e9dico<\/p>\n<p>06 Enfermeiros<\/p>\n<p>02 Farmac\u00eauticos<\/p>\n<p>01 Gerente de Enfermagem<\/p>\n<p>34 T\u00e9cnicos de Enfermagem<\/p>\n<p>04 M\u00e9dicos Cirurgi\u00e3o Geral[\/vc_column_text][\/vc_column][vc_column width=&#8221;1\/3&#8243;][vc_column_text]01 M\u00e9dico Ginecologista<\/p>\n<p>07 M\u00e9dicos Cardiologista<\/p>\n<p>08 M\u00e9dicos Cirurgi\u00e3o Oftalmol\u00f3gico<\/p>\n<p>03 M\u00e9dicos Cirurgi\u00e3o Ortop\u00e9dico<\/p>\n<p>03 M\u00e9dicos Cirurgi\u00e3o Pedi\u00e1trico<\/p>\n<p>06 M\u00e9dicos Cirurgi\u00e3o Vascular<\/p>\n<p>03 M\u00e9dicos Dermatologista<\/p>\n<p>03 M\u00e9dicos Endocrinologista<\/p>\n<p>03 M\u00e9dicos Gastroenterologista[\/vc_column_text][\/vc_column][vc_column width=&#8221;1\/3&#8243;][vc_column_text]01 M\u00e9dico Hematologista<\/p>\n<p>03 M\u00e9dicos Neurologista<\/p>\n<p>41 M\u00e9dicos Oftalmologista<\/p>\n<p>23 M\u00e9dicos Ortopedista<\/p>\n<p>03 M\u00e9dicos Pediatria<\/p>\n<p>02 M\u00e9dicos Proctologista<\/p>\n<p>03 M\u00e9dicos Reumatologista<\/p>\n<p>03 M\u00e9dicos Urologista[\/vc_column_text][\/vc_column][\/vc_row][vc_row][vc_column][vc_text_separator title=&#8221;Caracter\u00edsticas Relevantes da Regi\u00e3o&#8221; color=&#8221;custom&#8221; border_width=&#8221;3&#8243; accent_color=&#8221;#006527&#8243;][vc_column_text]<\/p>\n<p style=\"text-align: center;\">Popula\u00e7\u00e3o \u00e1rea abrang\u00eancia Unidade: 691.566<br \/>\nPopula\u00e7\u00e3o do Distrito Administrativo de Santo Amaro 74.447<br \/>\nIDH (\u00cdndice de Desenvolvimento Humano) 0,800<\/p>\n<p>[\/vc_column_text][\/vc_column][\/vc_row][vc_row][vc_column][vc_text_separator title=&#8221;REUNI\u00d5ES DO CONSELHO&#8221; color=&#8221;custom&#8221; border_width=&#8221;3&#8243; accent_color=&#8221;#006527&#8243;][vc_column_text]<\/p>\n<p style=\"text-align: center;\">As reuni\u00f5es de conselho gestor acontecem mensalmente. Participam deste encontro, os conselheiros gestores eleitos.<\/p>\n<p style=\"text-align: center;\">No entanto, qualquer cidad\u00e3o frequentador da unidade, pode participar como convidado.<\/p>\n<p style=\"text-align: center;\">Segue cronograma anual das reuni\u00f5es, para conhecimento e divulga\u00e7\u00e3o junto \u00e0 comunidade:<\/p>\n<p>[\/vc_column_text][vc_single_image image=&#8221;7570&#8243; img_size=&#8221;600&#215;400&#8243; alignment=&#8221;center&#8221; css_animation=&#8221;bounceIn&#8221;][\/vc_column][\/vc_row][vc_row][vc_column][vc_text_separator title=&#8221;Localiza\u00e7\u00e3o&#8221; color=&#8221;custom&#8221; border_width=&#8221;3&#8243; accent_color=&#8221;#006527&#8243;][\/vc_column][\/vc_row][vc_row][vc_column width=&#8221;2\/3&#8243;][vc_gmaps link=&#8221;#E-8_JTNDaWZyYW1lJTIwc3JjJTNEJTIyaHR0cHMlM0ElMkYlMkZ3d3cuZ29vZ2xlLmNvbSUyRm1hcHMlMkZlbWJlZCUzRnBiJTNEJTIxMW0xOCUyMTFtMTIlMjExbTMlMjExZDM2NTQuNzM2ODY4MjUwMzc0JTIxMmQtNDYuNzA2NDYxNjg0NDA1MyUyMTNkLTIzLjY0OTU5MjY3MDc0MjkzMyUyMTJtMyUyMTFmMCUyMTJmMCUyMTNmMCUyMTNtMiUyMTFpMTAyNCUyMTJpNzY4JTIxNGYxMy4xJTIxM20zJTIxMW0yJTIxMXMweDk0Y2U1MDU2MGEzZThkMzElMjUzQTB4MjFhZGM5ZGRhN2Q0ODRhMCUyMTJzQXYuJTI1MjBBZG9sZm8lMjUyMFBpbmhlaXJvJTI1MkMlMjUyMDMzOSUyNTIwLSUyNTIwU2FudG8lMjUyMEFtYXJvJTI1MkMlMjUyMFMlMjVDMyUyNUEzbyUyNTIwUGF1bG8lMjUyMC0lMjUyMFNQJTI1MkMlMjUyMDA0NzMzLTEwMCUyMTVlMCUyMTNtMiUyMTFzcHQtQlIlMjEyc2JyJTIxNHYxNjE1NDkyMDEyMTUyJTIxNW0yJTIxMXNwdC1CUiUyMTJzYnIlMjIlMjB3aWR0aCUzRCUyMjYwMCUyMiUyMGhlaWdodCUzRCUyMjQ1MCUyMiUyMHN0eWxlJTNEJTIyYm9yZGVyJTNBMCUzQiUyMiUyMGFsbG93ZnVsbHNjcmVlbiUzRCUyMiUyMiUyMGxvYWRpbmclM0QlMjJsYXp5JTIyJTNFJTNDJTJGaWZyYW1lJTNF&#8221; size=&#8221;450&#8243; css_animation=&#8221;fadeInRight&#8221;][\/vc_column][vc_column width=&#8221;1\/3&#8243;][vc_column_text]<strong>HOSPITAL DIA SANTO AMARO<\/strong>[\/vc_column_text][vc_column_text]<strong>CNES: 9950931<\/strong>[\/vc_column_text][vc_column_text]<strong>Endere\u00e7o:<\/strong><br \/>\nAvenida Adolfo Pinheiro, 339<br \/>\nCEP: 04733-000<\/p>\n<p><strong>Telefone:<\/strong><br \/>\n11 5555 6767[\/vc_column_text][vc_column_text]<strong>Hor\u00e1rio de Atendimento:<\/strong><br \/>\nDe 2\u00aa a s\u00e1bado, das 7:00 \u00e0s 19:00 horas[\/vc_column_text][\/vc_column][\/vc_row]<\/p>\n","protected":false},"excerpt":{"rendered":"<p>[vc_row][vc_column][vc_column_text] O Hospital Dia Santo Amaro (HDSA), em S\u00e3o Paulo, sob gest\u00e3o do Instituto Nacional de Tecnologia e Sa\u00fade (INTS), iniciou atendimento \u00e0 popula\u00e7\u00e3o em 04 de novembro de 2020. A unidade de sa\u00fade vai oferecer 80 salas de consultas, exames e atendimentos, distribu\u00eddas em seis andares. Al\u00e9m de contar com o primeiro Centro Municipal [&hellip;]<\/p>\n","protected":false},"author":4,"featured_media":0,"parent":4428,"menu_order":0,"comment_status":"closed","ping_status":"closed","template":"hdsa.php","meta":{"footnotes":""},"class_list":["post-5410","page","type-page","status-publish","hentry"],"_links":{"self":[{"href":"https:\/\/intsregiaosaca.org.br\/ints\/wp-admin\/wp-json\/wp\/v2\/pages\/5410","targetHints":{"allow":["GET"]}}],"collection":[{"href":"https:\/\/intsregiaosaca.org.br\/ints\/wp-admin\/wp-json\/wp\/v2\/pages"}],"about":[{"href":"https:\/\/intsregiaosaca.org.br\/ints\/wp-admin\/wp-json\/wp\/v2\/types\/page"}],"author":[{"embeddable":true,"href":"https:\/\/intsregiaosaca.org.br\/ints\/wp-admin\/wp-json\/wp\/v2\/users\/4"}],"replies":[{"embeddable":true,"href":"https:\/\/intsregiaosaca.org.br\/ints\/wp-admin\/wp-json\/wp\/v2\/comments?post=5410"}],"version-history":[{"count":15,"href":"https:\/\/intsregiaosaca.org.br\/ints\/wp-admin\/wp-json\/wp\/v2\/pages\/5410\/revisions"}],"predecessor-version":[{"id":10472,"href":"https:\/\/intsregiaosaca.org.br\/ints\/wp-admin\/wp-json\/wp\/v2\/pages\/5410\/revisions\/10472"}],"up":[{"embeddable":true,"href":"https:\/\/intsregiaosaca.org.br\/ints\/wp-admin\/wp-json\/wp\/v2\/pages\/4428"}],"wp:attachment":[{"href":"https:\/\/intsregiaosaca.org.br\/ints\/wp-admin\/wp-json\/wp\/v2\/media?parent=5410"}],"curies":[{"name":"wp","href":"https:\/\/api.w.org\/{rel}","templated":true}]}}