{"id":4798,"date":"2020-10-18T10:36:31","date_gmt":"2020-10-18T13:36:31","guid":{"rendered":"http:\/ossantacatarina.org.br\/?page_id=4798"},"modified":"2024-12-20T10:51:09","modified_gmt":"2024-12-20T13:51:09","slug":"ubs-esf-jardim-laranjeiras-2","status":"publish","type":"page","link":"https:\/\/intsregiaosaca.org.br\/ints\/wp-admin\/atencao-primaria\/ubs-esf-2\/ubs-esf-jardim-laranjeiras-2\/","title":{"rendered":"Vila Imp\u00e9rio<br>Dra. Gilda Tera Tahira"},"content":{"rendered":"<p>[vc_row][vc_column][vc_column_text]A Estrat\u00e9gia Sa\u00fade da Fam\u00edlia, um dos modelos de aten\u00e7\u00e3o b\u00e1sica implantado no munic\u00edpio de S\u00e3o Paulo, caracteriza-se por ser uma das principais portas de entrada do sistema de sa\u00fade, tendo como alicerce a territorializa\u00e7\u00e3o, a descentraliza\u00e7\u00e3o, a intersetorialidade, a equidade e a prioriza\u00e7\u00e3o de grupos populacionais com maior risco de adoecer.<\/p>\n<p>As atividades realizadas buscam a promo\u00e7\u00e3o, a preven\u00e7\u00e3o, a recupera\u00e7\u00e3o, a reabilita\u00e7\u00e3o de doen\u00e7as e agravos mais frequentes, bem como a manuten\u00e7\u00e3o da sa\u00fade da popula\u00e7\u00e3o assistida.<\/p>\n<p>Entendida como um processo de reorienta\u00e7\u00e3o do modelo assistencial, a Estrat\u00e9gia Sa\u00fade da Fam\u00edlia \u00e9 operacionalizada mediante a implanta\u00e7\u00e3o de equipes multiprofissionais compostas por:<\/p>\n<ul>\n<li>01 M\u00e9dico Generalista;<\/li>\n<li>01 Enfermeiro;<\/li>\n<li>02 Auxiliares de Enfermagem;<\/li>\n<li>05 Agentes Comunit\u00e1rios de Sa\u00fade.<\/li>\n<\/ul>\n<p>Podem ser complementadas pela equipe de sa\u00fade bucal, composta por:<\/p>\n<ul>\n<li>01 Cirurgi\u00e3o Dentista;<\/li>\n<li>01 Auxiliar de Sa\u00fade Bucal<\/li>\n<li>01 T\u00e9cnico de Sa\u00fade Bucal, dependendo da modalidade.<\/li>\n<\/ul>\n<p>Cada equipe \u00e9 respons\u00e1vel pela longitudinalidade, integralidade e vigil\u00e2ncia integral \u00e0 sa\u00fade da popula\u00e7\u00e3o de sua \u00e1rea.[\/vc_column_text][vc_text_separator title=&#8221;Caracteriza\u00e7\u00e3o&#8221; title_align=&#8221;separator_align_left&#8221; color=&#8221;custom&#8221; border_width=&#8221;3&#8243; accent_color=&#8221;#006527&#8243;][vc_column_text]A UBS\/ESF Vila Imp\u00e9rio &#8211; Dra. Gilda Tera Tahira \u00e9 modelo de Estrat\u00e9gia sa\u00fade da Fam\u00edlia. Unidade sob gerenciamento e execu\u00e7\u00e3o de a\u00e7\u00f5es e servi\u00e7os de sa\u00fade pelo INTS \u2013 Instituto Nacional de Tecnologia e Sa\u00fade.[\/vc_column_text][\/vc_column][\/vc_row][vc_row][vc_column][vc_text_separator title=&#8221;Aqui voc\u00ea encontra:&#8221; color=&#8221;custom&#8221; border_width=&#8221;3&#8243; accent_color=&#8221;#006527&#8243; css=&#8221;.vc_custom_1602615544044{margin-top: 25px !important;}&#8221;][\/vc_column][\/vc_row][vc_row][vc_column width=&#8221;1\/3&#8243;][vc_column_text]20 agentes comunit\u00e1rios de sa\u00fade<br \/>\n02 cirurgi\u00f5es-dentistas da estrat\u00e9gia de sa\u00fade da fam\u00edlia<br \/>\n04 enfermeiros da estrat\u00e9gia de sa\u00fade da fam\u00edlia<br \/>\n04 m\u00e9dicos da estrat\u00e9gia de sa\u00fade da fam\u00edlia[\/vc_column_text][\/vc_column][vc_column width=&#8221;1\/3&#8243;][vc_column_text]01 Farmac\u00eautico<br \/>\nEquipe de auxilia\/t\u00e9cnico de sa\u00fade bucal Estrat\u00e9gia Sa\u00fade da Fam\u00edlia<br \/>\nEquipe de auxiliar de enfermagem[\/vc_column_text][\/vc_column][vc_column width=&#8221;1\/3&#8243;][vc_column_text]Equipe de auxiliar administrativo<br \/>\n01 Gerente<br \/>\n01 Assistente Administrativo[\/vc_column_text][\/vc_column][\/vc_row][vc_row][vc_column][vc_text_separator title=&#8221;Caracter\u00edsticas Relevantes da Regi\u00e3o&#8221; color=&#8221;custom&#8221; border_width=&#8221;3&#8243; accent_color=&#8221;#006527&#8243; css=&#8221;.vc_custom_1602615535668{margin-top: 25px !important;}&#8221;][vc_column_text]<\/p>\n<p style=\"text-align: center;\">Popula\u00e7\u00e3o \u00e1rea abrang\u00eancia Unidade: 23.951<br \/>\nPopula\u00e7\u00e3o da Subprefeitura de Cidade Ademar 433.234<br \/>\nPopula\u00e7\u00e3o do Distrito Administrativo de Cidade Ademar 278.784<br \/>\nIDH (\u00cdndice de Desenvolvimento Humano) 0,800<br \/>\nFonte: Estimativa da Funda\u00e7\u00e3o SEADE (Per\u00edodo 2016)<\/p>\n<p>[\/vc_column_text][vc_text_separator title=&#8221;Reuni\u00f5es do Conselho&#8221; color=&#8221;custom&#8221; border_width=&#8221;3&#8243; accent_color=&#8221;#006527&#8243; css=&#8221;.vc_custom_1602933753325{margin-top: 25px !important;}&#8221;][vc_column_text]<\/p>\n<p style=\"text-align: center;\">As reuni\u00f5es de conselho gestor acontecem mensalmente. Participam deste encontro, os conselheiros gestores eleitos.<\/p>\n<p style=\"text-align: center;\">No entanto, qualquer cidad\u00e3o frequentador da unidade, pode participar como convidado.<\/p>\n<p style=\"text-align: center;\">Segue cronograma anual das reuni\u00f5es, para conhecimento e divulga\u00e7\u00e3o junto \u00e0 comunidade:<\/p>\n<p>[\/vc_column_text][vc_single_image image=&#8221;7577&#8243; img_size=&#8221;600&#215;400&#8243; alignment=&#8221;center&#8221; css_animation=&#8221;bounceIn&#8221;][vc_text_separator title=&#8221;Localiza\u00e7\u00e3o&#8221; color=&#8221;custom&#8221; border_width=&#8221;3&#8243; accent_color=&#8221;#006527&#8243; css=&#8221;.vc_custom_1602618514168{margin-top: 50px !important;margin-bottom: 50px !important;}&#8221;][\/vc_column][\/vc_row][vc_row][vc_column width=&#8221;2\/3&#8243;][vc_gmaps link=&#8221;#E-8_JTNDaWZyYW1lJTIwc3JjJTNEJTIyaHR0cHMlM0ElMkYlMkZ3d3cuZ29vZ2xlLmNvbSUyRm1hcHMlMkZlbWJlZCUzRnBiJTNEJTIxMW0xNCUyMTFtOCUyMTFtMyUyMTFkNzMwNy45NzI5ODY5ODgzNjIlMjEyZC00Ni42NTA4ODklMjEzZC0yMy42NzY0NDElMjEzbTIlMjExaTEwMjQlMjEyaTc2OCUyMTRmMTMuMSUyMTNtMyUyMTFtMiUyMTFzMHg5NGNlNDUzN2RjMmQ5YWNkJTI1M0EweGQ5ZWNmMjlhMWM5MzQyYzElMjEyc1IuJTI1MjBEci4lMjUyME5lc3RvciUyNTIwU2FtcGFpbyUyNTIwUGVudGVhZG8lMjUyQyUyNTIwMTgxJTI1MjAtJTI1MjBBbWVyaWNhbiUyNUMzJTI1QjNwb2xpcyUyNTJDJTI1MjBTJTI1QzMlMjVBM28lMjUyMFBhdWxvJTI1MjAtJTI1MjBTUCUyNTJDJTI1MjAwNDQwOS0wNjAlMjE1ZTAlMjEzbTIlMjExc3B0LUJSJTIxMnNiciUyMTR2MTYwMzAyODE3NjU1OCUyMTVtMiUyMTFzcHQtQlIlMjEyc2JyJTIyJTIwd2lkdGglM0QlMjI2MDAlMjIlMjBoZWlnaHQlM0QlMjI0NTAlMjIlMjBmcmFtZWJvcmRlciUzRCUyMjAlMjIlMjBzdHlsZSUzRCUyMmJvcmRlciUzQTAlM0IlMjIlMjBhbGxvd2Z1bGxzY3JlZW4lM0QlMjIlMjIlMjBhcmlhLWhpZGRlbiUzRCUyMmZhbHNlJTIyJTIwdGFiaW5kZXglM0QlMjIwJTIyJTNFJTNDJTJGaWZyYW1lJTNF&#8221; size=&#8221;450&#8243; css_animation=&#8221;fadeInRight&#8221;][\/vc_column][vc_column css_animation=&#8221;fadeInRight&#8221; width=&#8221;1\/3&#8243;][vc_column_text]<strong>UBS\/ESF Vila Imp\u00e9rio &#8211; Dra. Gilda Tera Tahira<\/strong>[\/vc_column_text][vc_column_text]<strong>DRA. GILDA TERA TAHIRA<\/strong>[\/vc_column_text][vc_column_text]<strong>CNES: 2788977<\/strong>[\/vc_column_text][vc_column_text]<strong>Endere\u00e7o:<\/strong><br \/>\nRua Dr. Nestor Sampaio Penteado, 181\/189<br \/>\nCEP: 04409-060<\/p>\n<p><strong>Telefones:<\/strong><br \/>\n11 5237-6908 |\u00a0 11 5237-6909 | 11 5237-6910[\/vc_column_text][vc_column_text]<strong>Hor\u00e1rio de Atendimento:<\/strong><br \/>\nDe 2\u00aa a 6\u00aa feira, das 7:00 \u00e0s 17:00 horas[\/vc_column_text][\/vc_column][\/vc_row]<\/p>\n","protected":false},"excerpt":{"rendered":"<p>[vc_row][vc_column][vc_column_text]A Estrat\u00e9gia Sa\u00fade da Fam\u00edlia, um dos modelos de aten\u00e7\u00e3o b\u00e1sica implantado no munic\u00edpio de S\u00e3o Paulo, caracteriza-se por ser uma das principais portas de entrada do sistema de sa\u00fade, tendo como alicerce a territorializa\u00e7\u00e3o, a descentraliza\u00e7\u00e3o, a intersetorialidade, a equidade e a prioriza\u00e7\u00e3o de grupos populacionais com maior risco de adoecer. As atividades realizadas [&hellip;]<\/p>\n","protected":false},"author":3,"featured_media":0,"parent":4718,"menu_order":0,"comment_status":"closed","ping_status":"closed","template":"UBS_ESF.php","meta":{"footnotes":""},"class_list":["post-4798","page","type-page","status-publish","hentry"],"_links":{"self":[{"href":"https:\/\/intsregiaosaca.org.br\/ints\/wp-admin\/wp-json\/wp\/v2\/pages\/4798","targetHints":{"allow":["GET"]}}],"collection":[{"href":"https:\/\/intsregiaosaca.org.br\/ints\/wp-admin\/wp-json\/wp\/v2\/pages"}],"about":[{"href":"https:\/\/intsregiaosaca.org.br\/ints\/wp-admin\/wp-json\/wp\/v2\/types\/page"}],"author":[{"embeddable":true,"href":"https:\/\/intsregiaosaca.org.br\/ints\/wp-admin\/wp-json\/wp\/v2\/users\/3"}],"replies":[{"embeddable":true,"href":"https:\/\/intsregiaosaca.org.br\/ints\/wp-admin\/wp-json\/wp\/v2\/comments?post=4798"}],"version-history":[{"count":7,"href":"https:\/\/intsregiaosaca.org.br\/ints\/wp-admin\/wp-json\/wp\/v2\/pages\/4798\/revisions"}],"predecessor-version":[{"id":10424,"href":"https:\/\/intsregiaosaca.org.br\/ints\/wp-admin\/wp-json\/wp\/v2\/pages\/4798\/revisions\/10424"}],"up":[{"embeddable":true,"href":"https:\/\/intsregiaosaca.org.br\/ints\/wp-admin\/wp-json\/wp\/v2\/pages\/4718"}],"wp:attachment":[{"href":"https:\/\/intsregiaosaca.org.br\/ints\/wp-admin\/wp-json\/wp\/v2\/media?parent=4798"}],"curies":[{"name":"wp","href":"https:\/\/api.w.org\/{rel}","templated":true}]}}