{"id":4795,"date":"2020-10-18T10:32:33","date_gmt":"2020-10-18T13:32:33","guid":{"rendered":"http:\/ossantacatarina.org.br\/?page_id=4795"},"modified":"2024-12-20T10:49:50","modified_gmt":"2024-12-20T13:49:50","slug":"ubs-vila-arriete-2","status":"publish","type":"page","link":"https:\/\/intsregiaosaca.org.br\/ints\/wp-admin\/atencao-primaria\/ubs-esf-2\/ubs-vila-arriete-2\/","title":{"rendered":"Vila Guacuri<br>Dr. Cicero Sergio Cavalcante"},"content":{"rendered":"<p>[vc_row][vc_column][vc_column_text]Um dos modelos de aten\u00e7\u00e3o b\u00e1sica implantado no munic\u00edpio de S\u00e3o Paulo, caracteriza-se por ser uma das principais portas de entrada do sistema de sa\u00fade, tendo como alicerce, a descentraliza\u00e7\u00e3o, a intersetorialidade, a equidade e a prioriza\u00e7\u00e3o de grupos populacionais com maior risco de adoecer.<\/p>\n<p>As atividades realizadas buscam a promo\u00e7\u00e3o, a preven\u00e7\u00e3o, a recupera\u00e7\u00e3o, a reabilita\u00e7\u00e3o de doen\u00e7as e agravos mais frequentes, bem como a manuten\u00e7\u00e3o da sa\u00fade da popula\u00e7\u00e3o assistida. Em rela\u00e7\u00e3o \u00e0 composi\u00e7\u00e3o da equipe estes servi\u00e7os contam com m\u00e9dicos das cl\u00ednicas b\u00e1sicas (cl\u00ednico geral, pediatra e ginecologista), equipe de enfermagem e de sa\u00fade bucal, todos desenvolvendo suas atividades individualmente a partir de planejamento estabelecido.<\/p>\n<p>Quanto ao modelo de vigil\u00e2ncia \u00e0 sa\u00fade, podemos afirmar que a mesma se d\u00e1 atrav\u00e9s de metodologia baseada em estrat\u00e9gias pontuais (vigil\u00e2ncia epidemiol\u00f3gica, gest\u00e3o de casos complexos, acompanhamento do pr\u00e9-natal, entre outras) e busca de assist\u00eancia pelo usu\u00e1rio.[\/vc_column_text][vc_text_separator title=&#8221;Estrutura:&#8221; title_align=&#8221;separator_align_left&#8221; color=&#8221;custom&#8221; border_width=&#8221;3&#8243; accent_color=&#8221;#006527&#8243;][vc_column_text]<\/p>\n<ul>\n<li>01 Centro de estudos;<\/li>\n<li>03 Espa\u00e7os de espera para atendimento;<\/li>\n<li>01 Sala administrativa;<\/li>\n<li>01 Sala ger\u00eancia;<\/li>\n<li>01 Sala de vacinas;<\/li>\n<li>01 Sala de observa\u00e7\u00e3o\/urg\u00eancia e ECG\/coleta de exames laboratoriais.<\/li>\n<\/ul>\n<p>[\/vc_column_text][vc_text_separator title=&#8221;Caracteriza\u00e7\u00e3o&#8221; title_align=&#8221;separator_align_left&#8221; color=&#8221;custom&#8221; border_width=&#8221;3&#8243; accent_color=&#8221;#006527&#8243;][vc_column_text]A UBS\/ESF Vila Guacuri &#8211; Dr. Cicero Sergio Cavalcante tem como modelo de atendimento a Estrat\u00e9gia de Sa\u00fade da Fam\u00edlia, com 6 equipes; 3 equipes de sa\u00fade bucal e 1 equipe NASF.<\/p>\n<p>Unidade sob gerenciamento e execu\u00e7\u00e3o de a\u00e7\u00f5es e servi\u00e7os de sa\u00fade\u00a0pelo INTS \u2013 Instituto Nacional de Tecnologia e Sa\u00fade.<\/p>\n<p>A UBS faz divisa com as unidades Laranjeiras, Mata Virgem, Pq. Dorot\u00e9ia, Pantanal e com o munic\u00edpio de Diadema.[\/vc_column_text][\/vc_column][\/vc_row][vc_row][vc_column][vc_text_separator title=&#8221;Aqui voc\u00ea encontra:&#8221; color=&#8221;custom&#8221; border_width=&#8221;3&#8243; accent_color=&#8221;#006527&#8243; css=&#8221;.vc_custom_1602615544044{margin-top: 25px !important;}&#8221;][\/vc_column][\/vc_row][vc_row][vc_column width=&#8221;1\/3&#8243;][vc_column_text]01 assistente social<br \/>\n02 cirurgi\u00f5es-dentistas clinico geral<br \/>\n03 enfermeiros<br \/>\n01 farmac\u00eautico<br \/>\n01 fisioterapeuta geral<br \/>\n03 m\u00e9dicos cl\u00ednicos[\/vc_column_text][\/vc_column][vc_column width=&#8221;1\/3&#8243;][vc_column_text]01 m\u00e9dico geriatra<br \/>\n02 m\u00e9dicos ginecologista e obstetra<br \/>\n02 m\u00e9dicos pediatra<br \/>\n01 nutricionista<br \/>\n01 psic\u00f3logo clinico<br \/>\nEquipe de auxilia\/t\u00e9cnico de sa\u00fade bucal Estrat\u00e9gia Sa\u00fade da Fam\u00edlia[\/vc_column_text][\/vc_column][vc_column width=&#8221;1\/3&#8243;][vc_column_text]Equipe de auxiliar de enfermagem<br \/>\nEquipe de auxiliar administrativo<br \/>\n01 Gerente<br \/>\n01 Assistente Administrativo[\/vc_column_text][\/vc_column][\/vc_row][vc_row][vc_column][vc_text_separator title=&#8221;Caracter\u00edsticas Relevantes da Regi\u00e3o&#8221; color=&#8221;custom&#8221; border_width=&#8221;3&#8243; accent_color=&#8221;#006527&#8243; css=&#8221;.vc_custom_1602615535668{margin-top: 25px !important;}&#8221;][vc_column_text]<\/p>\n<p style=\"text-align: center;\">Popula\u00e7\u00e3o \u00e1rea abrang\u00eancia Unidade: 40.784<br \/>\nPopula\u00e7\u00e3o da Subprefeitura de Santo Amaro 243.178<br \/>\nPopula\u00e7\u00e3o do Distrito Administrativo de Campo Grande 104.742<br \/>\nIDH (\u00cdndice de Desenvolvimento Humano) 0,921<br \/>\nFonte: Estimativa da Funda\u00e7\u00e3o SEADE (Per\u00edodo 2016)<\/p>\n<p>[\/vc_column_text][vc_text_separator title=&#8221;Reuni\u00f5es do Conselho&#8221; color=&#8221;custom&#8221; border_width=&#8221;3&#8243; accent_color=&#8221;#006527&#8243; css=&#8221;.vc_custom_1602933678971{margin-top: 25px !important;}&#8221;][vc_column_text]<\/p>\n<p style=\"text-align: center;\">As reuni\u00f5es de conselho gestor acontecem mensalmente. Participam deste encontro, os conselheiros gestores eleitos.<\/p>\n<p style=\"text-align: center;\">No entanto, qualquer cidad\u00e3o frequentador da unidade, pode participar como convidado.<\/p>\n<p style=\"text-align: center;\">Segue cronograma anual das reuni\u00f5es, para conhecimento e divulga\u00e7\u00e3o junto \u00e0 comunidade:<\/p>\n<p>[\/vc_column_text][vc_single_image image=&#8221;7538&#8243; img_size=&#8221;600&#215;400&#8243; alignment=&#8221;center&#8221; css_animation=&#8221;bounceIn&#8221;][vc_text_separator title=&#8221;Localiza\u00e7\u00e3o&#8221; color=&#8221;custom&#8221; border_width=&#8221;3&#8243; accent_color=&#8221;#006527&#8243; css=&#8221;.vc_custom_1602618514168{margin-top: 50px !important;margin-bottom: 50px !important;}&#8221;][\/vc_column][\/vc_row][vc_row][vc_column width=&#8221;2\/3&#8243;][vc_gmaps link=&#8221;#E-8_JTNDaWZyYW1lJTIwc3JjJTNEJTIyaHR0cHMlM0ElMkYlMkZ3d3cuZ29vZ2xlLmNvbSUyRm1hcHMlMkZlbWJlZCUzRnBiJTNEJTIxMW0xNCUyMTFtOCUyMTFtMyUyMTFkNzMwNi41MTQ1NDQzMzI1OTUlMjEyZC00Ni42MzU3MDYlMjEzZC0yMy43MDI1MDUlMjEzbTIlMjExaTEwMjQlMjEyaTc2OCUyMTRmMTMuMSUyMTNtMyUyMTFtMiUyMTFzMHgwJTI1M0EweDQ5YmQ4NjNjNDUwZDRlYmQlMjEyc1VCUyUyNTIwVklMQSUyNTIwR1VBQ1VSSSUyMTVlMCUyMTNtMiUyMTFzcHQtQlIlMjEyc2JyJTIxNHYxNjAzMDI3OTQyNDMyJTIxNW0yJTIxMXNwdC1CUiUyMTJzYnIlMjIlMjB3aWR0aCUzRCUyMjYwMCUyMiUyMGhlaWdodCUzRCUyMjQ1MCUyMiUyMGZyYW1lYm9yZGVyJTNEJTIyMCUyMiUyMHN0eWxlJTNEJTIyYm9yZGVyJTNBMCUzQiUyMiUyMGFsbG93ZnVsbHNjcmVlbiUzRCUyMiUyMiUyMGFyaWEtaGlkZGVuJTNEJTIyZmFsc2UlMjIlMjB0YWJpbmRleCUzRCUyMjAlMjIlM0UlM0MlMkZpZnJhbWUlM0U=&#8221; size=&#8221;450&#8243; css_animation=&#8221;fadeInRight&#8221;][\/vc_column][vc_column css_animation=&#8221;fadeInRight&#8221; width=&#8221;1\/3&#8243;][vc_column_text]<strong>UBS\/ESF Vila Guacuri &#8211; Dr. Cicero Sergio Cavalcante<\/strong>[\/vc_column_text][vc_column_text]<strong>DR. CICERO SERGIO CAVALCANTE<\/strong>[\/vc_column_text][vc_column_text]<strong>CNES: 2788934<\/strong>[\/vc_column_text][vc_column_text]<strong>Endere\u00e7o:<\/strong><br \/>\nRua Valentino Fioravanti, 416<br \/>\nCEP: 04475-380<\/p>\n<p><strong>Telefone:<\/strong><br \/>\n11 5237-7927 | 11 5237-7925 | 11 5237-7933[\/vc_column_text][vc_column_text]<strong>Hor\u00e1rio de Atendimento:<\/strong><br \/>\nDe 2\u00aa a 6\u00aa feira, das 7:00 \u00e0s 17:00 horas[\/vc_column_text][\/vc_column][\/vc_row]<\/p>\n","protected":false},"excerpt":{"rendered":"<p>[vc_row][vc_column][vc_column_text]Um dos modelos de aten\u00e7\u00e3o b\u00e1sica implantado no munic\u00edpio de S\u00e3o Paulo, caracteriza-se por ser uma das principais portas de entrada do sistema de sa\u00fade, tendo como alicerce, a descentraliza\u00e7\u00e3o, a intersetorialidade, a equidade e a prioriza\u00e7\u00e3o de grupos populacionais com maior risco de adoecer. As atividades realizadas buscam a promo\u00e7\u00e3o, a preven\u00e7\u00e3o, a recupera\u00e7\u00e3o, [&hellip;]<\/p>\n","protected":false},"author":3,"featured_media":0,"parent":4718,"menu_order":0,"comment_status":"closed","ping_status":"closed","template":"UBS_ESF.php","meta":{"footnotes":""},"class_list":["post-4795","page","type-page","status-publish","hentry"],"_links":{"self":[{"href":"https:\/\/intsregiaosaca.org.br\/ints\/wp-admin\/wp-json\/wp\/v2\/pages\/4795","targetHints":{"allow":["GET"]}}],"collection":[{"href":"https:\/\/intsregiaosaca.org.br\/ints\/wp-admin\/wp-json\/wp\/v2\/pages"}],"about":[{"href":"https:\/\/intsregiaosaca.org.br\/ints\/wp-admin\/wp-json\/wp\/v2\/types\/page"}],"author":[{"embeddable":true,"href":"https:\/\/intsregiaosaca.org.br\/ints\/wp-admin\/wp-json\/wp\/v2\/users\/3"}],"replies":[{"embeddable":true,"href":"https:\/\/intsregiaosaca.org.br\/ints\/wp-admin\/wp-json\/wp\/v2\/comments?post=4795"}],"version-history":[{"count":7,"href":"https:\/\/intsregiaosaca.org.br\/ints\/wp-admin\/wp-json\/wp\/v2\/pages\/4795\/revisions"}],"predecessor-version":[{"id":10423,"href":"https:\/\/intsregiaosaca.org.br\/ints\/wp-admin\/wp-json\/wp\/v2\/pages\/4795\/revisions\/10423"}],"up":[{"embeddable":true,"href":"https:\/\/intsregiaosaca.org.br\/ints\/wp-admin\/wp-json\/wp\/v2\/pages\/4718"}],"wp:attachment":[{"href":"https:\/\/intsregiaosaca.org.br\/ints\/wp-admin\/wp-json\/wp\/v2\/media?parent=4795"}],"curies":[{"name":"wp","href":"https:\/\/api.w.org\/{rel}","templated":true}]}}