{"id":4764,"date":"2020-10-18T10:02:09","date_gmt":"2020-10-18T13:02:09","guid":{"rendered":"http:\/ossantacatarina.org.br\/?page_id=4764"},"modified":"2024-12-20T09:20:10","modified_gmt":"2024-12-20T12:20:10","slug":"ubs-esf-jardim-niteroi","status":"publish","type":"page","link":"https:\/\/intsregiaosaca.org.br\/ints\/wp-admin\/atencao-primaria\/ubs-esf-2\/ubs-esf-jardim-niteroi\/","title":{"rendered":"Jardim Niter\u00f3i"},"content":{"rendered":"<p>[vc_row][vc_column][vc_column_text]A Estrat\u00e9gia Sa\u00fade da Fam\u00edlia, um dos modelos de aten\u00e7\u00e3o b\u00e1sica implantado no munic\u00edpio de S\u00e3o Paulo, caracteriza-se por ser uma das principais portas de entrada do sistema de sa\u00fade, tendo como alicerce a territorializa\u00e7\u00e3o, a descentraliza\u00e7\u00e3o, a intersetorialidade, a equidade e a prioriza\u00e7\u00e3o de grupos populacionais com maior risco de adoecer.<\/p>\n<p>As atividades realizadas buscam a promo\u00e7\u00e3o, a preven\u00e7\u00e3o, a recupera\u00e7\u00e3o, a reabilita\u00e7\u00e3o de doen\u00e7as e agravos mais frequentes, bem como a manuten\u00e7\u00e3o da sa\u00fade da popula\u00e7\u00e3o assistida.<\/p>\n<p>Entendida como um processo de reorienta\u00e7\u00e3o do modelo assistencial, a Estrat\u00e9gia Sa\u00fade da Fam\u00edlia \u00e9 operacionalizada mediante a implanta\u00e7\u00e3o de equipes multiprofissionais compostas por:<\/p>\n<ul>\n<li>01 M\u00e9dico Generalista;<\/li>\n<li>01 Enfermeiro;<\/li>\n<li>02 Auxiliares de Enfermagem;<\/li>\n<li>05 Agentes Comunit\u00e1rios de Sa\u00fade.<\/li>\n<\/ul>\n<p>Podem ser complementadas pela equipe de sa\u00fade bucal, composta por:<\/p>\n<ul>\n<li>01 Cirurgi\u00e3o Dentista;<\/li>\n<li>01 Auxiliar de Sa\u00fade Bucal<\/li>\n<li>01 T\u00e9cnico de Sa\u00fade Bucal, dependendo da modalidade.<\/li>\n<\/ul>\n<p>Cada equipe \u00e9 respons\u00e1vel pela longitudinalidade, integralidade e vigil\u00e2ncia integral \u00e0 sa\u00fade da popula\u00e7\u00e3o de sua \u00e1rea.[\/vc_column_text][vc_text_separator title=&#8221;Caracteriza\u00e7\u00e3o&#8221; title_align=&#8221;separator_align_left&#8221; color=&#8221;custom&#8221; border_width=&#8221;3&#8243; accent_color=&#8221;#006527&#8243;][vc_column_text]Unidade exclusivamente com a Estrat\u00e9gia Sa\u00fade da Fam\u00edlia sob gerenciamento e execu\u00e7\u00e3o de a\u00e7\u00f5es e servi\u00e7os de sa\u00fade pelo INTS \u2013 Instituto Nacional de Tecnologia e Sa\u00fade.<\/p>\n<p>Em 2007 iniciou na UBS a equipe de matricialmente de sa\u00fade mental e em 2009 o NASF. Estes profissionais trouxeram grande melhoria na assist\u00eancia prestada \u00e0 popula\u00e7\u00e3o. Em novembro de 2010, devido ao aumento de popula\u00e7\u00e3o no em torno da UBS, e por uma estrat\u00e9gia do Instituto Nacional de Tecnologia e Sa\u00fade em oferecer melhores condi\u00e7\u00f5es de sa\u00fade \u00e0 popula\u00e7\u00e3o de Cidade Ademar, recebemos mais uma Equipe de Sa\u00fade da Fam\u00edlia; desta forma a UBS passou a ter 7 ESF.<\/p>\n<p>Nossa UBS \u00e9 campo de est\u00e1gio para os alunos de medicina da Universidade S\u00e3o Camilo desde o 2\u00ba semestre de 2009; a Dra Renata Junqueira e a Enfermeira Lidiane Melo, ambas Respons\u00e1veis T\u00e9cnicas da UBS, s\u00e3o as respons\u00e1veis pela preceptoria destes alunos. Como fruto dessa preceptoria, temos atualmente duas m\u00e9dicas rec\u00e9m-formadas por esta Universidade trabalhando conosco, uma que fez o est\u00e1gio e prometeu voltar e outra indicada por esta.<\/p>\n<p>\u00c9 uma \u00e1rea desprovida de lazer, tendo apenas um campo de futebol municipal para esta finalidade. O bairro tem ainda 8 associa\u00e7\u00f5es de bairro, 29 igrejas de diversas religi\u00f5es e 2 feiras livres.<\/p>\n<p>Em mar\u00e7o de 2014, por iniciativa do Minist\u00e9rio da Sa\u00fade, recebemos duas m\u00e9dicas do Programa \u201cMais M\u00e9dicos\u201d com previs\u00e3o de t\u00e9rmino do contrato no in\u00edcio de 2017.[\/vc_column_text][\/vc_column][\/vc_row][vc_row][vc_column][vc_text_separator title=&#8221;Aqui voc\u00ea encontra:&#8221; color=&#8221;custom&#8221; border_width=&#8221;3&#8243; accent_color=&#8221;#006527&#8243; css=&#8221;.vc_custom_1602615544044{margin-top: 25px !important;}&#8221;][\/vc_column][\/vc_row][vc_row][vc_column width=&#8221;1\/3&#8243;][vc_column_text]30 agentes comunit\u00e1rios de sa\u00fade<br \/>\n02 cirurgi\u00f5es-dentistas da estrat\u00e9gia de sa\u00fade da fam\u00edlia<br \/>\n06 enfermeiros da estrat\u00e9gia de sa\u00fade da fam\u00edlia<br \/>\n06 m\u00e9dicos da estrat\u00e9gia de sa\u00fade da fam\u00edlia[\/vc_column_text][\/vc_column][vc_column width=&#8221;1\/3&#8243;][vc_column_text]01 Farmac\u00eautico<br \/>\nEquipe de auxilia\/t\u00e9cnico de sa\u00fade bucal Estrat\u00e9gia Sa\u00fade da Fam\u00edlia<br \/>\nEquipe de auxiliar de enfermagem[\/vc_column_text][\/vc_column][vc_column width=&#8221;1\/3&#8243;][vc_column_text]Equipe de auxiliar administrativo<br \/>\n01 Gerente<br \/>\n01 Assistente Administrativo[\/vc_column_text][\/vc_column][\/vc_row][vc_row][vc_column][vc_text_separator title=&#8221;Caracter\u00edsticas Relevantes da Regi\u00e3o&#8221; color=&#8221;custom&#8221; border_width=&#8221;3&#8243; accent_color=&#8221;#006527&#8243; css=&#8221;.vc_custom_1602615535668{margin-top: 25px !important;}&#8221;][vc_column_text]<\/p>\n<p style=\"text-align: center;\">Popula\u00e7\u00e3o \u00e1rea abrang\u00eancia Unidade: 20.149<br \/>\nPopula\u00e7\u00e3o da Subprefeitura de Cidade Ademar 433.234<br \/>\nPopula\u00e7\u00e3o do Distrito Administrativo de Cidade Ademar 278.784<br \/>\nIDH (\u00cdndice de Desenvolvimento Humano) 0,800<br \/>\nFonte: Estimativa da Funda\u00e7\u00e3o SEADE (Per\u00edodo 2016)<\/p>\n<p>[\/vc_column_text][vc_text_separator title=&#8221;Reuni\u00f5es do Conselho&#8221; color=&#8221;custom&#8221; border_width=&#8221;3&#8243; accent_color=&#8221;#006527&#8243; css=&#8221;.vc_custom_1602933753325{margin-top: 25px !important;}&#8221;][vc_column_text]<\/p>\n<p style=\"text-align: center;\">As reuni\u00f5es de conselho gestor acontecem mensalmente. Participam deste encontro, os conselheiros gestores eleitos.<\/p>\n<p style=\"text-align: center;\">No entanto, qualquer cidad\u00e3o frequentador da unidade, pode participar como convidado.<\/p>\n<p style=\"text-align: center;\">Segue cronograma anual das reuni\u00f5es, para conhecimento e divulga\u00e7\u00e3o junto \u00e0 comunidade:<\/p>\n<p>[\/vc_column_text][vc_single_image image=&#8221;7521&#8243; img_size=&#8221;600&#215;400&#8243; alignment=&#8221;center&#8221; css_animation=&#8221;bounceIn&#8221;][vc_text_separator title=&#8221;Localiza\u00e7\u00e3o&#8221; color=&#8221;custom&#8221; border_width=&#8221;3&#8243; accent_color=&#8221;#006527&#8243; css=&#8221;.vc_custom_1602618514168{margin-top: 50px !important;margin-bottom: 50px !important;}&#8221;][\/vc_column][\/vc_row][vc_row][vc_column width=&#8221;2\/3&#8243;][vc_gmaps link=&#8221;#E-8_JTNDaWZyYW1lJTIwc3JjJTNEJTIyaHR0cHMlM0ElMkYlMkZ3d3cuZ29vZ2xlLmNvbSUyRm1hcHMlMkZlbWJlZCUzRnBiJTNEJTIxMW0xNCUyMTFtOCUyMTFtMyUyMTFkNzMwNy42MzcyMTU4OTE2NzMlMjEyZC00Ni42NjgwMzElMjEzZC0yMy42ODI0NDQlMjEzbTIlMjExaTEwMjQlMjEyaTc2OCUyMTRmMTMuMSUyMTNtMyUyMTFtMiUyMTFzMHgwJTI1M0EweGViMWQxMzk3YTQ2N2YwODIlMjEyc1VCUyUyNTIwSkFSRElNJTI1MjBOSVRFUiUyNUMzJTI1OTNJJTIxNWUwJTIxM20yJTIxMXNwdC1CUiUyMTJzYnIlMjE0djE2MDMwMjYxMTM2NjYlMjE1bTIlMjExc3B0LUJSJTIxMnNiciUyMiUyMHdpZHRoJTNEJTIyNjAwJTIyJTIwaGVpZ2h0JTNEJTIyNDUwJTIyJTIwZnJhbWVib3JkZXIlM0QlMjIwJTIyJTIwc3R5bGUlM0QlMjJib3JkZXIlM0EwJTNCJTIyJTIwYWxsb3dmdWxsc2NyZWVuJTNEJTIyJTIyJTIwYXJpYS1oaWRkZW4lM0QlMjJmYWxzZSUyMiUyMHRhYmluZGV4JTNEJTIyMCUyMiUzRSUzQyUyRmlmcmFtZSUzRQ==&#8221; size=&#8221;450&#8243; css_animation=&#8221;fadeInRight&#8221;][\/vc_column][vc_column css_animation=&#8221;fadeInRight&#8221; width=&#8221;1\/3&#8243;][vc_column_text]<strong>UBS\/ESF &#8211; JARDIM NITER\u00d3I<\/strong>[\/vc_column_text][vc_column_text]<strong>CNES: 2787652<\/strong>[\/vc_column_text][vc_column_text]<strong>Endere\u00e7o:<\/strong><br \/>\nRua Samuel Arnold, 596<br \/>\nCEP: 04434-000<\/p>\n<p><strong>Telefones:<\/strong><br \/>\n11 5237-7221 | 11 5237-7220 | 11 5237-7224[\/vc_column_text][vc_column_text]<strong>Hor\u00e1rio de Atendimento:<\/strong><br \/>\nDe 2\u00aa a 6\u00aa feira, das 7:00 \u00e0s 17:00 horas[\/vc_column_text][\/vc_column][\/vc_row]<\/p>\n","protected":false},"excerpt":{"rendered":"<p>[vc_row][vc_column][vc_column_text]A Estrat\u00e9gia Sa\u00fade da Fam\u00edlia, um dos modelos de aten\u00e7\u00e3o b\u00e1sica implantado no munic\u00edpio de S\u00e3o Paulo, caracteriza-se por ser uma das principais portas de entrada do sistema de sa\u00fade, tendo como alicerce a territorializa\u00e7\u00e3o, a descentraliza\u00e7\u00e3o, a intersetorialidade, a equidade e a prioriza\u00e7\u00e3o de grupos populacionais com maior risco de adoecer. As atividades realizadas [&hellip;]<\/p>\n","protected":false},"author":3,"featured_media":0,"parent":4718,"menu_order":0,"comment_status":"closed","ping_status":"closed","template":"UBS_ESF.php","meta":{"footnotes":""},"class_list":["post-4764","page","type-page","status-publish","hentry"],"_links":{"self":[{"href":"https:\/\/intsregiaosaca.org.br\/ints\/wp-admin\/wp-json\/wp\/v2\/pages\/4764","targetHints":{"allow":["GET"]}}],"collection":[{"href":"https:\/\/intsregiaosaca.org.br\/ints\/wp-admin\/wp-json\/wp\/v2\/pages"}],"about":[{"href":"https:\/\/intsregiaosaca.org.br\/ints\/wp-admin\/wp-json\/wp\/v2\/types\/page"}],"author":[{"embeddable":true,"href":"https:\/\/intsregiaosaca.org.br\/ints\/wp-admin\/wp-json\/wp\/v2\/users\/3"}],"replies":[{"embeddable":true,"href":"https:\/\/intsregiaosaca.org.br\/ints\/wp-admin\/wp-json\/wp\/v2\/comments?post=4764"}],"version-history":[{"count":5,"href":"https:\/\/intsregiaosaca.org.br\/ints\/wp-admin\/wp-json\/wp\/v2\/pages\/4764\/revisions"}],"predecessor-version":[{"id":10414,"href":"https:\/\/intsregiaosaca.org.br\/ints\/wp-admin\/wp-json\/wp\/v2\/pages\/4764\/revisions\/10414"}],"up":[{"embeddable":true,"href":"https:\/\/intsregiaosaca.org.br\/ints\/wp-admin\/wp-json\/wp\/v2\/pages\/4718"}],"wp:attachment":[{"href":"https:\/\/intsregiaosaca.org.br\/ints\/wp-admin\/wp-json\/wp\/v2\/media?parent=4764"}],"curies":[{"name":"wp","href":"https:\/\/api.w.org\/{rel}","templated":true}]}}