{"id":4750,"date":"2020-10-18T09:19:47","date_gmt":"2020-10-18T12:19:47","guid":{"rendered":"http:\/ossantacatarina.org.br\/?page_id=4750"},"modified":"2023-01-20T19:37:17","modified_gmt":"2023-01-20T22:37:17","slug":"sh-servico-de-hidroterapia","status":"publish","type":"page","link":"https:\/\/intsregiaosaca.org.br\/ints\/wp-admin\/atencao-secundaria\/sh-servico-de-hidroterapia\/","title":{"rendered":"Servi\u00e7o de Hidroterapia"},"content":{"rendered":"<p>[vc_row][vc_column][vc_column_text]O Servi\u00e7o de Hidroterapia baseia-se na utiliza\u00e7\u00e3o dos recursos de uma piscina e dos princ\u00edpios f\u00edsicos da \u00e1gua para programa\u00e7\u00e3o e execu\u00e7\u00e3o de atividades em fisioterapia, buscando a reabilita\u00e7\u00e3o f\u00edsica sempre em conson\u00e2ncia com os demais equipamentos dispon\u00edveis em um Centro Especializado em Reabilita\u00e7\u00e3o.[\/vc_column_text][\/vc_column][\/vc_row]<\/p>\n","protected":false},"excerpt":{"rendered":"<p>[vc_row][vc_column][vc_column_text]O Servi\u00e7o de Hidroterapia baseia-se na utiliza\u00e7\u00e3o dos recursos de uma piscina e dos princ\u00edpios f\u00edsicos da \u00e1gua para programa\u00e7\u00e3o e execu\u00e7\u00e3o de atividades em fisioterapia, buscando a reabilita\u00e7\u00e3o f\u00edsica sempre em conson\u00e2ncia com os demais equipamentos dispon\u00edveis em um Centro Especializado em Reabilita\u00e7\u00e3o.[\/vc_column_text][\/vc_column][\/vc_row]<\/p>\n","protected":false},"author":3,"featured_media":0,"parent":4428,"menu_order":0,"comment_status":"closed","ping_status":"closed","template":"sh.php","meta":{"footnotes":""},"class_list":["post-4750","page","type-page","status-publish","hentry"],"_links":{"self":[{"href":"https:\/\/intsregiaosaca.org.br\/ints\/wp-admin\/wp-json\/wp\/v2\/pages\/4750","targetHints":{"allow":["GET"]}}],"collection":[{"href":"https:\/\/intsregiaosaca.org.br\/ints\/wp-admin\/wp-json\/wp\/v2\/pages"}],"about":[{"href":"https:\/\/intsregiaosaca.org.br\/ints\/wp-admin\/wp-json\/wp\/v2\/types\/page"}],"author":[{"embeddable":true,"href":"https:\/\/intsregiaosaca.org.br\/ints\/wp-admin\/wp-json\/wp\/v2\/users\/3"}],"replies":[{"embeddable":true,"href":"https:\/\/intsregiaosaca.org.br\/ints\/wp-admin\/wp-json\/wp\/v2\/comments?post=4750"}],"version-history":[{"count":6,"href":"https:\/\/intsregiaosaca.org.br\/ints\/wp-admin\/wp-json\/wp\/v2\/pages\/4750\/revisions"}],"predecessor-version":[{"id":7945,"href":"https:\/\/intsregiaosaca.org.br\/ints\/wp-admin\/wp-json\/wp\/v2\/pages\/4750\/revisions\/7945"}],"up":[{"embeddable":true,"href":"https:\/\/intsregiaosaca.org.br\/ints\/wp-admin\/wp-json\/wp\/v2\/pages\/4428"}],"wp:attachment":[{"href":"https:\/\/intsregiaosaca.org.br\/ints\/wp-admin\/wp-json\/wp\/v2\/media?parent=4750"}],"curies":[{"name":"wp","href":"https:\/\/api.w.org\/{rel}","templated":true}]}}