{"id":4741,"date":"2020-10-18T09:12:26","date_gmt":"2020-10-18T12:12:26","guid":{"rendered":"http:\/ossantacatarina.org.br\/?page_id=4741"},"modified":"2023-11-10T13:05:42","modified_gmt":"2023-11-10T16:05:42","slug":"pai-programa-acompanhante-de-idosos","status":"publish","type":"page","link":"https:\/\/intsregiaosaca.org.br\/ints\/wp-admin\/atencao-secundaria\/pai-programa-acompanhante-de-idosos\/","title":{"rendered":"Programa Acompanhante de Idosos"},"content":{"rendered":"<p>[vc_row][vc_column][vc_column_text]\u00c9 uma modalidade de cuidado domiciliar biopsicossocial a pessoas idosas em situa\u00e7\u00e3o de fragilidade clinica e vulnerabilidade social, que disponibiliza a presta\u00e7\u00e3o dos servi\u00e7os de profissionais da sa\u00fade e acompanhantes de idosos, para apoio e suporte nas Atividades de Vida Di\u00e1rias (AVD) e para suprir outras necessidades de sa\u00fade e sociais.<\/p>\n<p>O Programa Acompanhante de Idosos apresenta-se como um desafio na reconstru\u00e7\u00e3o das pr\u00e1ticas de sa\u00fade, ao valorizar o cuidado como pr\u00e1tica do humano, ao voltar-se para a presta\u00e7\u00e3o de servi\u00e7os \u00e0 pessoa idosa em situa\u00e7\u00e3o de fragilidade.<\/p>\n<p>O Programa interage com os sujeitos pelas a\u00e7\u00f5es de sa\u00fade desenvolvidas e valoriza suas necessidades, oferecendo acolhimento, v\u00ednculos e responsabiliza\u00e7\u00e3o na organiza\u00e7\u00e3o dos servi\u00e7os.<\/p>\n<p>Ao se cuidar das pessoas idosas do programa \u2013 nas diversas dimens\u00f5es do conceito \u2013, cuida-se da dimens\u00e3o e condi\u00e7\u00e3o humana (Documento Norteador PAI, 2016).[\/vc_column_text][\/vc_column][\/vc_row][vc_row][vc_column][vc_text_separator title=&#8221;Localiza\u00e7\u00e3o&#8221; color=&#8221;custom&#8221; border_width=&#8221;3&#8243; accent_color=&#8221;#006527&#8243;][vc_column_text]<\/p>\n<p style=\"text-align: center;\">Rua Sebasti\u00e3o Andrade Bonani, 340\u00a0&#8211; JD. Prud\u00eancia &#8211; CEP:\u00a004649-050<\/p>\n<p>[\/vc_column_text][vc_gmaps link=&#8221;#E-8_JTNDaWZyYW1lJTIwc3JjJTNEJTIyaHR0cHMlM0ElMkYlMkZ3d3cuZ29vZ2xlLmNvbSUyRm1hcHMlMkZlbWJlZCUzRnBiJTNEJTIxMW0xNCUyMTFtOCUyMTFtMyUyMTFkNzMwOS4xMzc2MzUyNTEzMTglMjEyZC00Ni42NzE3MTYlMjEzZC0yMy42NTU2MDglMjEzbTIlMjExaTEwMjQlMjEyaTc2OCUyMTRmMTMuMSUyMTNtMyUyMTFtMiUyMTFzMHg5NGNlNTA3NTQ3NjcxYzJkJTI1M0EweGJhMGMxMTkwOTRkZDk2ZmMlMjEyc1IuJTI1MjBTZWJhc3RpJTI1QzMlMjVBM28lMjUyMEFuZHJhZGUlMjUyMEJvbmFuaSUyNTJDJTI1MjAzNDAlMjUyMC0lMjUyMEphcmRpbSUyNTIwUHJ1ZCUyNUMzJTI1QUFuY2lhJTI1MkMlMjUyMFMlMjVDMyUyNUEzbyUyNTIwUGF1bG8lMjUyMC0lMjUyMFNQJTI1MkMlMjUyMDA0NjQ5LTA1MCUyMTVlMCUyMTNtMiUyMTFzcHQtQlIlMjEyc2JyJTIxNHYxNjAzMDIzMjUwNzY1JTIxNW0yJTIxMXNwdC1CUiUyMTJzYnIlMjIlMjB3aWR0aCUzRCUyMjYwMCUyMiUyMGhlaWdodCUzRCUyMjQ1MCUyMiUyMGZyYW1lYm9yZGVyJTNEJTIyMCUyMiUyMHN0eWxlJTNEJTIyYm9yZGVyJTNBMCUzQiUyMiUyMGFsbG93ZnVsbHNjcmVlbiUzRCUyMiUyMiUyMGFyaWEtaGlkZGVuJTNEJTIyZmFsc2UlMjIlMjB0YWJpbmRleCUzRCUyMjAlMjIlM0UlM0MlMkZpZnJhbWUlM0U=&#8221;][\/vc_column][\/vc_row]<\/p>\n","protected":false},"excerpt":{"rendered":"<p>[vc_row][vc_column][vc_column_text]\u00c9 uma modalidade de cuidado domiciliar biopsicossocial a pessoas idosas em situa\u00e7\u00e3o de fragilidade clinica e vulnerabilidade social, que disponibiliza a presta\u00e7\u00e3o dos servi\u00e7os de profissionais da sa\u00fade e acompanhantes de idosos, para apoio e suporte nas Atividades de Vida Di\u00e1rias (AVD) e para suprir outras necessidades de sa\u00fade e sociais. O Programa Acompanhante de [&hellip;]<\/p>\n","protected":false},"author":3,"featured_media":0,"parent":4428,"menu_order":0,"comment_status":"closed","ping_status":"closed","template":"PAI.php","meta":{"footnotes":""},"class_list":["post-4741","page","type-page","status-publish","hentry"],"_links":{"self":[{"href":"https:\/\/intsregiaosaca.org.br\/ints\/wp-admin\/wp-json\/wp\/v2\/pages\/4741","targetHints":{"allow":["GET"]}}],"collection":[{"href":"https:\/\/intsregiaosaca.org.br\/ints\/wp-admin\/wp-json\/wp\/v2\/pages"}],"about":[{"href":"https:\/\/intsregiaosaca.org.br\/ints\/wp-admin\/wp-json\/wp\/v2\/types\/page"}],"author":[{"embeddable":true,"href":"https:\/\/intsregiaosaca.org.br\/ints\/wp-admin\/wp-json\/wp\/v2\/users\/3"}],"replies":[{"embeddable":true,"href":"https:\/\/intsregiaosaca.org.br\/ints\/wp-admin\/wp-json\/wp\/v2\/comments?post=4741"}],"version-history":[{"count":9,"href":"https:\/\/intsregiaosaca.org.br\/ints\/wp-admin\/wp-json\/wp\/v2\/pages\/4741\/revisions"}],"predecessor-version":[{"id":9262,"href":"https:\/\/intsregiaosaca.org.br\/ints\/wp-admin\/wp-json\/wp\/v2\/pages\/4741\/revisions\/9262"}],"up":[{"embeddable":true,"href":"https:\/\/intsregiaosaca.org.br\/ints\/wp-admin\/wp-json\/wp\/v2\/pages\/4428"}],"wp:attachment":[{"href":"https:\/\/intsregiaosaca.org.br\/ints\/wp-admin\/wp-json\/wp\/v2\/media?parent=4741"}],"curies":[{"name":"wp","href":"https:\/\/api.w.org\/{rel}","templated":true}]}}