{"id":4724,"date":"2020-10-17T09:14:55","date_gmt":"2020-10-17T12:14:55","guid":{"rendered":"http:\/ossantacatarina.org.br\/?page_id=4724"},"modified":"2024-12-20T10:38:39","modified_gmt":"2024-12-20T13:38:39","slug":"sad-cidade-ademar","status":"publish","type":"page","link":"https:\/\/intsregiaosaca.org.br\/ints\/wp-admin\/atencao-primaria\/sad-servico-de-assistencia-domiciliar\/sad-cidade-ademar\/","title":{"rendered":"Servi\u00e7o de Assist\u00eancia Domiciliar<br>Cidade Ademar"},"content":{"rendered":"<p>[vc_row][vc_column][vc_column_text]Constitui uma modalidade de aten\u00e7\u00e3o \u00e0 sa\u00fade, substitutiva ou complementar \u00e0s j\u00e1 existentes, oferecidas no domic\u00edlio e caracterizadas por um conjunto de a\u00e7\u00f5es de promo\u00e7\u00e3o \u00e0 sa\u00fade, preven\u00e7\u00e3o e tratamento de doen\u00e7as e reabilita\u00e7\u00e3o, com garantia da continuidade do cuidado e integrada \u00e0s Redes de Aten\u00e7\u00e3o \u00e0 Sa\u00fade.<\/p>\n<p>O Servi\u00e7o de Aten\u00e7\u00e3o Domiciliar \u00e9 substitutivo ou complementar \u00e0 interna\u00e7\u00e3o hospitalar ou ao atendimento ambulatorial, respons\u00e1vel pelo gerenciamento e operacionaliza\u00e7\u00e3o dos Servi\u00e7os de Assist\u00eancia Domiciliar (SAD) e Equipes Multiprofissionais de Apoio (EMAP).[\/vc_column_text][vc_text_separator title=&#8221;Caracteriza\u00e7\u00e3o&#8221; title_align=&#8221;separator_align_left&#8221; color=&#8221;custom&#8221; border_width=&#8221;3&#8243; accent_color=&#8221;#006527&#8243;][vc_column_text]A unidade se localiza no Subsolo da UBS\/ESF Vila Imperio &#8211; Dra. Gilda Tera Tahira. Trata-se de uma Unidade de presta\u00e7\u00e3o de servi\u00e7o de Assist\u00eancia Domiciliar \u00e0 pacientes acamados.<\/p>\n<p>A Assist\u00eancia Domiciliar deu in\u00edcio em suas atividades em Abril de 2009, no Distrito da Cidade Ademar.<\/p>\n<p>\u00c9 refer\u00eancia para a regi\u00e3o de Cidade Ademar, sob gerenciamento e execu\u00e7\u00e3o de a\u00e7\u00f5es e servi\u00e7os de sa\u00fade pelo INTS \u2013 Instituto Nacional de Tecnologia e Sa\u00fade.[\/vc_column_text][\/vc_column][\/vc_row][vc_row][vc_column][vc_text_separator title=&#8221;Aqui voc\u00ea encontra:&#8221; color=&#8221;custom&#8221; border_width=&#8221;3&#8243; accent_color=&#8221;#006527&#8243; css=&#8221;.vc_custom_1602615544044{margin-top: 25px !important;}&#8221;][\/vc_column][\/vc_row][vc_row][vc_column width=&#8221;1\/3&#8243;][vc_column_text]02 Assistentes Sociais<br \/>\n04 Enfermeiros<br \/>\n02 Fisioterapeutas<br \/>\n01 Fonoaudi\u00f3logo[\/vc_column_text][\/vc_column][vc_column width=&#8221;1\/3&#8243;][vc_column_text]04 M\u00e9dicos Cl\u00ednicos<br \/>\n01 Nutricionista<br \/>\n01 Psic\u00f3logo Clinico<br \/>\n01 Cirurgi\u00e3o Dentista[\/vc_column_text][\/vc_column][vc_column width=&#8221;1\/3&#8243;][vc_column_text]Equipe de auxilia\/t\u00e9cnico de sa\u00fade bucal<br \/>\nEquipe de auxiliar de enfermagem<br \/>\nEquipe de auxiliar administrativo<br \/>\n01 Gerente[\/vc_column_text][\/vc_column][\/vc_row][vc_row][vc_column][vc_text_separator title=&#8221;Caracter\u00edsticas Relevantes da Regi\u00e3o&#8221; color=&#8221;custom&#8221; border_width=&#8221;3&#8243; accent_color=&#8221;#006527&#8243; css=&#8221;.vc_custom_1602615535668{margin-top: 25px !important;}&#8221;][vc_column_text]<\/p>\n<p style=\"text-align: center;\">Popula\u00e7\u00e3o da Subprefeitura de Cidade Ademar 433.234<br \/>\nPopula\u00e7\u00e3o do Distrito Administrativo de Cidade Ademar 278.784<br \/>\nIDH (\u00cdndice de Desenvolvimento Humano) 0,800<br \/>\nFonte: Estimativa da Funda\u00e7\u00e3o SEADE (Per\u00edodo 2016)<\/p>\n<p>[\/vc_column_text][vc_text_separator title=&#8221;Reuni\u00f5es do Conselho&#8221; color=&#8221;custom&#8221; border_width=&#8221;3&#8243; accent_color=&#8221;#006527&#8243; css=&#8221;.vc_custom_1602933431756{margin-top: 25px !important;}&#8221;][vc_column_text]<\/p>\n<p style=\"text-align: center;\">As reuni\u00f5es de conselho gestor acontecem mensalmente. Participam deste encontro, os conselheiros gestores eleitos.<\/p>\n<p style=\"text-align: center;\">No entanto, qualquer cidad\u00e3o frequentador da unidade, pode participar como convidado.<\/p>\n<p style=\"text-align: center;\">Segue cronograma anual das reuni\u00f5es, para conhecimento e divulga\u00e7\u00e3o junto \u00e0 comunidade:<\/p>\n<p>[\/vc_column_text][vc_single_image image=&#8221;4404&#8243; img_size=&#8221;600&#215;400&#8243; alignment=&#8221;center&#8221; css_animation=&#8221;bounceIn&#8221;][vc_text_separator title=&#8221;Localiza\u00e7\u00e3o&#8221; color=&#8221;custom&#8221; border_width=&#8221;3&#8243; accent_color=&#8221;#006527&#8243; css=&#8221;.vc_custom_1602618514168{margin-top: 50px !important;margin-bottom: 50px !important;}&#8221;][\/vc_column][\/vc_row][vc_row][vc_column width=&#8221;2\/3&#8243;][vc_gmaps link=&#8221;#E-8_JTNDaWZyYW1lJTIwc3JjJTNEJTIyaHR0cHMlM0ElMkYlMkZ3d3cuZ29vZ2xlLmNvbSUyRm1hcHMlMkZlbWJlZCUzRnBiJTNEJTIxMW0xNCUyMTFtOCUyMTFtMyUyMTFkMTgyNi45OTMyNDY3NDcwOTA2JTIxMmQtNDYuNjUwODg5JTIxM2QtMjMuNjc2NDQxJTIxM20yJTIxMWkxMDI0JTIxMmk3NjglMjE0ZjEzLjElMjEzbTMlMjExbTIlMjExczB4OTRjZTQ1MzdkYzJkOWFjZCUyNTNBMHhkOWVjZjI5YTFjOTM0MmMxJTIxMnNSLiUyNTIwRHIuJTI1MjBOZXN0b3IlMjUyMFNhbXBhaW8lMjUyMFBlbnRlYWRvJTI1MkMlMjUyMDE4MSUyNTIwLSUyNTIwQW1lcmljYW4lMjVDMyUyNUIzcG9saXMlMjUyQyUyNTIwUyUyNUMzJTI1QTNvJTI1MjBQYXVsbyUyNTIwLSUyNTIwU1AlMjUyQyUyNTIwMDQ0MDktMDYwJTIxNWUwJTIxM20yJTIxMXNwdC1CUiUyMTJzYnIlMjE0djE2MDI5MzY4NzkwMTQlMjE1bTIlMjExc3B0LUJSJTIxMnNiciUyMiUyMHdpZHRoJTNEJTIyNjAwJTIyJTIwaGVpZ2h0JTNEJTIyNDUwJTIyJTIwZnJhbWVib3JkZXIlM0QlMjIwJTIyJTIwc3R5bGUlM0QlMjJib3JkZXIlM0EwJTNCJTIyJTIwYWxsb3dmdWxsc2NyZWVuJTNEJTIyJTIyJTIwYXJpYS1oaWRkZW4lM0QlMjJmYWxzZSUyMiUyMHRhYmluZGV4JTNEJTIyMCUyMiUzRSUzQyUyRmlmcmFtZSUzRQ==&#8221; size=&#8221;450&#8243; css_animation=&#8221;fadeInRight&#8221;][\/vc_column][vc_column css_animation=&#8221;fadeInRight&#8221; width=&#8221;1\/3&#8243;][vc_column_text]<strong>SAD Servi\u00e7o de Assist\u00eancia Domiciliar &#8211; Cidade Ademar<\/strong>[\/vc_column_text][vc_column_text]<strong>CNES: 6703607<\/strong>[\/vc_column_text][vc_column_text]<strong>Endere\u00e7o:<\/strong><br \/>\nRua Dr. Nestor Sampaio Penteado, 181-189<br \/>\nCEP: 04409-060<\/p>\n<p><strong>Telefones:<\/strong><br \/>\n11 5237-7505 | 11 5237-7506[\/vc_column_text][vc_column_text]<strong>Hor\u00e1rio de Atendimento:<\/strong><br \/>\nDe 2\u00aa a 6\u00aa feira, das 7:00 \u00e0s 19:00 horas[\/vc_column_text][\/vc_column][\/vc_row]<\/p>\n","protected":false},"excerpt":{"rendered":"<p>[vc_row][vc_column][vc_column_text]Constitui uma modalidade de aten\u00e7\u00e3o \u00e0 sa\u00fade, substitutiva ou complementar \u00e0s j\u00e1 existentes, oferecidas no domic\u00edlio e caracterizadas por um conjunto de a\u00e7\u00f5es de promo\u00e7\u00e3o \u00e0 sa\u00fade, preven\u00e7\u00e3o e tratamento de doen\u00e7as e reabilita\u00e7\u00e3o, com garantia da continuidade do cuidado e integrada \u00e0s Redes de Aten\u00e7\u00e3o \u00e0 Sa\u00fade. O Servi\u00e7o de Aten\u00e7\u00e3o Domiciliar \u00e9 substitutivo [&hellip;]<\/p>\n","protected":false},"author":3,"featured_media":0,"parent":4721,"menu_order":0,"comment_status":"closed","ping_status":"closed","template":"sad.php","meta":{"footnotes":""},"class_list":["post-4724","page","type-page","status-publish","hentry"],"_links":{"self":[{"href":"https:\/\/intsregiaosaca.org.br\/ints\/wp-admin\/wp-json\/wp\/v2\/pages\/4724","targetHints":{"allow":["GET"]}}],"collection":[{"href":"https:\/\/intsregiaosaca.org.br\/ints\/wp-admin\/wp-json\/wp\/v2\/pages"}],"about":[{"href":"https:\/\/intsregiaosaca.org.br\/ints\/wp-admin\/wp-json\/wp\/v2\/types\/page"}],"author":[{"embeddable":true,"href":"https:\/\/intsregiaosaca.org.br\/ints\/wp-admin\/wp-json\/wp\/v2\/users\/3"}],"replies":[{"embeddable":true,"href":"https:\/\/intsregiaosaca.org.br\/ints\/wp-admin\/wp-json\/wp\/v2\/comments?post=4724"}],"version-history":[{"count":7,"href":"https:\/\/intsregiaosaca.org.br\/ints\/wp-admin\/wp-json\/wp\/v2\/pages\/4724\/revisions"}],"predecessor-version":[{"id":10421,"href":"https:\/\/intsregiaosaca.org.br\/ints\/wp-admin\/wp-json\/wp\/v2\/pages\/4724\/revisions\/10421"}],"up":[{"embeddable":true,"href":"https:\/\/intsregiaosaca.org.br\/ints\/wp-admin\/wp-json\/wp\/v2\/pages\/4721"}],"wp:attachment":[{"href":"https:\/\/intsregiaosaca.org.br\/ints\/wp-admin\/wp-json\/wp\/v2\/media?parent=4724"}],"curies":[{"name":"wp","href":"https:\/\/api.w.org\/{rel}","templated":true}]}}