{"id":4721,"date":"2020-10-17T09:09:33","date_gmt":"2020-10-17T12:09:33","guid":{"rendered":"http:\/ossantacatarina.org.br\/?page_id=4721"},"modified":"2023-01-20T20:26:04","modified_gmt":"2023-01-20T23:26:04","slug":"sad-servico-de-assistencia-domiciliar","status":"publish","type":"page","link":"https:\/\/intsregiaosaca.org.br\/ints\/wp-admin\/atencao-primaria\/sad-servico-de-assistencia-domiciliar\/","title":{"rendered":"Servi\u00e7o de Assist\u00eancia Domiciliar"},"content":{"rendered":"<p>[vc_row][vc_column][vc_column_text]Constitui uma modalidade de aten\u00e7\u00e3o \u00e0 sa\u00fade, substitutiva ou complementar \u00e0s j\u00e1 existentes, oferecidas no domic\u00edlio e caracterizadas por um conjunto de a\u00e7\u00f5es de promo\u00e7\u00e3o \u00e0 sa\u00fade, preven\u00e7\u00e3o e tratamento de doen\u00e7as e reabilita\u00e7\u00e3o, com garantia da continuidade do cuidado e integrada \u00e0s Redes de Aten\u00e7\u00e3o \u00e0 Sa\u00fade.<\/p>\n<p>O Servi\u00e7o de Aten\u00e7\u00e3o Domiciliar \u00e9 substitutivo ou complementar \u00e0 interna\u00e7\u00e3o hospitalar ou ao atendimento ambulatorial, respons\u00e1vel pelo gerenciamento e operacionaliza\u00e7\u00e3o dos Servi\u00e7os de Assist\u00eancia Domiciliar (SAD) e Equipes Multiprofissionais de Apoio (EMAP).[\/vc_column_text][\/vc_column][\/vc_row]<\/p>\n","protected":false},"excerpt":{"rendered":"<p>[vc_row][vc_column][vc_column_text]Constitui uma modalidade de aten\u00e7\u00e3o \u00e0 sa\u00fade, substitutiva ou complementar \u00e0s j\u00e1 existentes, oferecidas no domic\u00edlio e caracterizadas por um conjunto de a\u00e7\u00f5es de promo\u00e7\u00e3o \u00e0 sa\u00fade, preven\u00e7\u00e3o e tratamento de doen\u00e7as e reabilita\u00e7\u00e3o, com garantia da continuidade do cuidado e integrada \u00e0s Redes de Aten\u00e7\u00e3o \u00e0 Sa\u00fade. O Servi\u00e7o de Aten\u00e7\u00e3o Domiciliar \u00e9 substitutivo [&hellip;]<\/p>\n","protected":false},"author":3,"featured_media":0,"parent":4426,"menu_order":0,"comment_status":"closed","ping_status":"closed","template":"sad.php","meta":{"footnotes":""},"class_list":["post-4721","page","type-page","status-publish","hentry"],"_links":{"self":[{"href":"https:\/\/intsregiaosaca.org.br\/ints\/wp-admin\/wp-json\/wp\/v2\/pages\/4721","targetHints":{"allow":["GET"]}}],"collection":[{"href":"https:\/\/intsregiaosaca.org.br\/ints\/wp-admin\/wp-json\/wp\/v2\/pages"}],"about":[{"href":"https:\/\/intsregiaosaca.org.br\/ints\/wp-admin\/wp-json\/wp\/v2\/types\/page"}],"author":[{"embeddable":true,"href":"https:\/\/intsregiaosaca.org.br\/ints\/wp-admin\/wp-json\/wp\/v2\/users\/3"}],"replies":[{"embeddable":true,"href":"https:\/\/intsregiaosaca.org.br\/ints\/wp-admin\/wp-json\/wp\/v2\/comments?post=4721"}],"version-history":[{"count":8,"href":"https:\/\/intsregiaosaca.org.br\/ints\/wp-admin\/wp-json\/wp\/v2\/pages\/4721\/revisions"}],"predecessor-version":[{"id":7953,"href":"https:\/\/intsregiaosaca.org.br\/ints\/wp-admin\/wp-json\/wp\/v2\/pages\/4721\/revisions\/7953"}],"up":[{"embeddable":true,"href":"https:\/\/intsregiaosaca.org.br\/ints\/wp-admin\/wp-json\/wp\/v2\/pages\/4426"}],"wp:attachment":[{"href":"https:\/\/intsregiaosaca.org.br\/ints\/wp-admin\/wp-json\/wp\/v2\/media?parent=4721"}],"curies":[{"name":"wp","href":"https:\/\/api.w.org\/{rel}","templated":true}]}}