{"id":4718,"date":"2020-10-17T09:06:20","date_gmt":"2020-10-17T12:06:20","guid":{"rendered":"http:\/ossantacatarina.org.br\/?page_id=4718"},"modified":"2023-01-31T22:00:08","modified_gmt":"2023-02-01T01:00:08","slug":"ubs-esf-2","status":"publish","type":"page","link":"https:\/\/intsregiaosaca.org.br\/ints\/wp-admin\/atencao-primaria\/ubs-esf-2\/","title":{"rendered":"Unidade B\u00e1sica de Sa\u00fade com Estrat\u00e9gia de Sa\u00fade da Fam\u00edlia"},"content":{"rendered":"<p>[vc_row][vc_column][vc_column_text]A Estrat\u00e9gia Sa\u00fade da Fam\u00edlia, um dos modelos de aten\u00e7\u00e3o b\u00e1sica implantado no munic\u00edpio de S\u00e3o Paulo, caracteriza-se por ser uma das principais portas de entrada do sistema de sa\u00fade, tendo como alicerce a territorializa\u00e7\u00e3o, a descentraliza\u00e7\u00e3o, a intersetorialidade, a equidade e a prioriza\u00e7\u00e3o de grupos populacionais com maior risco de adoecer.<\/p>\n<p>As atividades realizadas buscam a promo\u00e7\u00e3o, a preven\u00e7\u00e3o, a recupera\u00e7\u00e3o, a reabilita\u00e7\u00e3o de doen\u00e7as e agravos mais frequentes, bem como a manuten\u00e7\u00e3o da sa\u00fade da popula\u00e7\u00e3o assistida.<\/p>\n<p>Entendida como um processo de reorienta\u00e7\u00e3o do modelo assistencial, a Estrat\u00e9gia Sa\u00fade da Fam\u00edlia \u00e9 operacionalizada mediante a implanta\u00e7\u00e3o de equipes multiprofissionais compostas por:<\/p>\n<ul>\n<li>01 M\u00e9dico Generalista;<\/li>\n<li>01 Enfermeiro;<\/li>\n<li>02 Auxiliares de Enfermagem;<\/li>\n<li>05 Agentes Comunit\u00e1rios de Sa\u00fade.<\/li>\n<\/ul>\n<p>Podem ser complementadas pela equipe de sa\u00fade bucal, composta por:<\/p>\n<ul>\n<li>01 Cirurgi\u00e3o Dentista;<\/li>\n<li>01 Auxiliar de Sa\u00fade Bucal<\/li>\n<li>01 T\u00e9cnico de Sa\u00fade Bucal, dependendo da modalidade.<\/li>\n<\/ul>\n<p>Cada equipe \u00e9 respons\u00e1vel pela longitudinalidade, integralidade e vigil\u00e2ncia integral \u00e0 sa\u00fade da popula\u00e7\u00e3o de sua \u00e1rea.[\/vc_column_text][\/vc_column][\/vc_row]<\/p>\n","protected":false},"excerpt":{"rendered":"<p>[vc_row][vc_column][vc_column_text]A Estrat\u00e9gia Sa\u00fade da Fam\u00edlia, um dos modelos de aten\u00e7\u00e3o b\u00e1sica implantado no munic\u00edpio de S\u00e3o Paulo, caracteriza-se por ser uma das principais portas de entrada do sistema de sa\u00fade, tendo como alicerce a territorializa\u00e7\u00e3o, a descentraliza\u00e7\u00e3o, a intersetorialidade, a equidade e a prioriza\u00e7\u00e3o de grupos populacionais com maior risco de adoecer. As atividades realizadas [&hellip;]<\/p>\n","protected":false},"author":3,"featured_media":0,"parent":4426,"menu_order":0,"comment_status":"closed","ping_status":"closed","template":"UBS_ESF.php","meta":{"footnotes":""},"class_list":["post-4718","page","type-page","status-publish","hentry"],"_links":{"self":[{"href":"https:\/\/intsregiaosaca.org.br\/ints\/wp-admin\/wp-json\/wp\/v2\/pages\/4718","targetHints":{"allow":["GET"]}}],"collection":[{"href":"https:\/\/intsregiaosaca.org.br\/ints\/wp-admin\/wp-json\/wp\/v2\/pages"}],"about":[{"href":"https:\/\/intsregiaosaca.org.br\/ints\/wp-admin\/wp-json\/wp\/v2\/types\/page"}],"author":[{"embeddable":true,"href":"https:\/\/intsregiaosaca.org.br\/ints\/wp-admin\/wp-json\/wp\/v2\/users\/3"}],"replies":[{"embeddable":true,"href":"https:\/\/intsregiaosaca.org.br\/ints\/wp-admin\/wp-json\/wp\/v2\/comments?post=4718"}],"version-history":[{"count":5,"href":"https:\/\/intsregiaosaca.org.br\/ints\/wp-admin\/wp-json\/wp\/v2\/pages\/4718\/revisions"}],"predecessor-version":[{"id":7980,"href":"https:\/\/intsregiaosaca.org.br\/ints\/wp-admin\/wp-json\/wp\/v2\/pages\/4718\/revisions\/7980"}],"up":[{"embeddable":true,"href":"https:\/\/intsregiaosaca.org.br\/ints\/wp-admin\/wp-json\/wp\/v2\/pages\/4426"}],"wp:attachment":[{"href":"https:\/\/intsregiaosaca.org.br\/ints\/wp-admin\/wp-json\/wp\/v2\/media?parent=4718"}],"curies":[{"name":"wp","href":"https:\/\/api.w.org\/{rel}","templated":true}]}}