{"id":4667,"date":"2020-10-16T20:19:30","date_gmt":"2020-10-16T23:19:30","guid":{"rendered":"http:\/ossantacatarina.org.br\/?page_id=4667"},"modified":"2023-11-10T13:04:05","modified_gmt":"2023-11-10T16:04:05","slug":"cer-centro-especializado-em-reabilitacao","status":"publish","type":"page","link":"https:\/\/intsregiaosaca.org.br\/ints\/wp-admin\/atencao-secundaria\/cer-centro-especializado-em-reabilitacao\/","title":{"rendered":"Centro Especializado em Reabilita\u00e7\u00e3o"},"content":{"rendered":"<p>[vc_row][vc_column][vc_column_text]\u00c9 um servi\u00e7o com equipe multiprofissional com o objetivo de ser refer\u00eancia no territ\u00f3rio para o atendimento em reabilita\u00e7\u00e3o, com especial aten\u00e7\u00e3o para pessoas com defici\u00eancia.<\/p>\n<p>O CER \u00e9 refer\u00eancia para as reabilita\u00e7\u00f5es f\u00edsicas, intelectuais e visuais.<\/p>\n<p>As principais a\u00e7\u00f5es desenvolvidas s\u00e3o:<\/p>\n<ul>\n<li>Reabilita\u00e7\u00e3o;<\/li>\n<li>Preven\u00e7\u00e3o de defici\u00eancias secund\u00e1rias;<\/li>\n<li>Orienta\u00e7\u00e3o familiar;<\/li>\n<li>Pescri\u00e7\u00e3o, acompanhamento e agendamento\/fornecimento de \u00f3rteses;<\/li>\n<li>Pr\u00f3teses e meios auxiliares de locomo\u00e7\u00e3o.<\/li>\n<\/ul>\n<p>[\/vc_column_text][\/vc_column][\/vc_row]<\/p>\n","protected":false},"excerpt":{"rendered":"<p>[vc_row][vc_column][vc_column_text]\u00c9 um servi\u00e7o com equipe multiprofissional com o objetivo de ser refer\u00eancia no territ\u00f3rio para o atendimento em reabilita\u00e7\u00e3o, com especial aten\u00e7\u00e3o para pessoas com defici\u00eancia. O CER \u00e9 refer\u00eancia para as reabilita\u00e7\u00f5es f\u00edsicas, intelectuais e visuais. As principais a\u00e7\u00f5es desenvolvidas s\u00e3o: Reabilita\u00e7\u00e3o; Preven\u00e7\u00e3o de defici\u00eancias secund\u00e1rias; Orienta\u00e7\u00e3o familiar; Pescri\u00e7\u00e3o, acompanhamento e agendamento\/fornecimento de \u00f3rteses; [&hellip;]<\/p>\n","protected":false},"author":3,"featured_media":0,"parent":4428,"menu_order":0,"comment_status":"closed","ping_status":"closed","template":"CER.php","meta":{"footnotes":""},"class_list":["post-4667","page","type-page","status-publish","hentry"],"_links":{"self":[{"href":"https:\/\/intsregiaosaca.org.br\/ints\/wp-admin\/wp-json\/wp\/v2\/pages\/4667","targetHints":{"allow":["GET"]}}],"collection":[{"href":"https:\/\/intsregiaosaca.org.br\/ints\/wp-admin\/wp-json\/wp\/v2\/pages"}],"about":[{"href":"https:\/\/intsregiaosaca.org.br\/ints\/wp-admin\/wp-json\/wp\/v2\/types\/page"}],"author":[{"embeddable":true,"href":"https:\/\/intsregiaosaca.org.br\/ints\/wp-admin\/wp-json\/wp\/v2\/users\/3"}],"replies":[{"embeddable":true,"href":"https:\/\/intsregiaosaca.org.br\/ints\/wp-admin\/wp-json\/wp\/v2\/comments?post=4667"}],"version-history":[{"count":5,"href":"https:\/\/intsregiaosaca.org.br\/ints\/wp-admin\/wp-json\/wp\/v2\/pages\/4667\/revisions"}],"predecessor-version":[{"id":9261,"href":"https:\/\/intsregiaosaca.org.br\/ints\/wp-admin\/wp-json\/wp\/v2\/pages\/4667\/revisions\/9261"}],"up":[{"embeddable":true,"href":"https:\/\/intsregiaosaca.org.br\/ints\/wp-admin\/wp-json\/wp\/v2\/pages\/4428"}],"wp:attachment":[{"href":"https:\/\/intsregiaosaca.org.br\/ints\/wp-admin\/wp-json\/wp\/v2\/media?parent=4667"}],"curies":[{"name":"wp","href":"https:\/\/api.w.org\/{rel}","templated":true}]}}