{"id":4663,"date":"2020-10-16T20:16:07","date_gmt":"2020-10-16T23:16:07","guid":{"rendered":"http:\/ossantacatarina.org.br\/?page_id=4663"},"modified":"2023-11-10T13:02:08","modified_gmt":"2023-11-10T16:02:08","slug":"ceo-centro-de-especialidades-odontologicas","status":"publish","type":"page","link":"https:\/\/intsregiaosaca.org.br\/ints\/wp-admin\/atencao-secundaria\/ceo-centro-de-especialidades-odontologicas\/","title":{"rendered":"Centro de Especialidades Odontol\u00f3gicas"},"content":{"rendered":"<p>[vc_row][vc_column][vc_column_text]\u00c9 uma unidade que propicia a continuidade do cuidado em sa\u00fade bucal realizado pela rede de Aten\u00e7\u00e3o B\u00e1sica.<\/p>\n<p>Os dentistas da aten\u00e7\u00e3o b\u00e1sica s\u00e3o respons\u00e1veis pelo primeiro atendimento ao paciente, realizando o encaminhamento ao Centro de Especialidade somente para os casos que exijam maior complexidade.<\/p>\n<p>Este servi\u00e7o oferece as seguintes especialidades odontol\u00f3gicas:<\/p>\n<ul>\n<li>Semiologia;<\/li>\n<li>Periodontia;<\/li>\n<li>Cirurgia oral menor;<\/li>\n<li>Endodontia;<\/li>\n<li>Pr\u00f3teses;<\/li>\n<li>Ortodontia.<\/li>\n<\/ul>\n<p>[\/vc_column_text][\/vc_column][\/vc_row]<\/p>\n","protected":false},"excerpt":{"rendered":"<p>[vc_row][vc_column][vc_column_text]\u00c9 uma unidade que propicia a continuidade do cuidado em sa\u00fade bucal realizado pela rede de Aten\u00e7\u00e3o B\u00e1sica. Os dentistas da aten\u00e7\u00e3o b\u00e1sica s\u00e3o respons\u00e1veis pelo primeiro atendimento ao paciente, realizando o encaminhamento ao Centro de Especialidade somente para os casos que exijam maior complexidade. Este servi\u00e7o oferece as seguintes especialidades odontol\u00f3gicas: Semiologia; Periodontia; Cirurgia [&hellip;]<\/p>\n","protected":false},"author":3,"featured_media":0,"parent":4428,"menu_order":0,"comment_status":"closed","ping_status":"closed","template":"CEO.php","meta":{"footnotes":""},"class_list":["post-4663","page","type-page","status-publish","hentry"],"_links":{"self":[{"href":"https:\/\/intsregiaosaca.org.br\/ints\/wp-admin\/wp-json\/wp\/v2\/pages\/4663","targetHints":{"allow":["GET"]}}],"collection":[{"href":"https:\/\/intsregiaosaca.org.br\/ints\/wp-admin\/wp-json\/wp\/v2\/pages"}],"about":[{"href":"https:\/\/intsregiaosaca.org.br\/ints\/wp-admin\/wp-json\/wp\/v2\/types\/page"}],"author":[{"embeddable":true,"href":"https:\/\/intsregiaosaca.org.br\/ints\/wp-admin\/wp-json\/wp\/v2\/users\/3"}],"replies":[{"embeddable":true,"href":"https:\/\/intsregiaosaca.org.br\/ints\/wp-admin\/wp-json\/wp\/v2\/comments?post=4663"}],"version-history":[{"count":5,"href":"https:\/\/intsregiaosaca.org.br\/ints\/wp-admin\/wp-json\/wp\/v2\/pages\/4663\/revisions"}],"predecessor-version":[{"id":9260,"href":"https:\/\/intsregiaosaca.org.br\/ints\/wp-admin\/wp-json\/wp\/v2\/pages\/4663\/revisions\/9260"}],"up":[{"embeddable":true,"href":"https:\/\/intsregiaosaca.org.br\/ints\/wp-admin\/wp-json\/wp\/v2\/pages\/4428"}],"wp:attachment":[{"href":"https:\/\/intsregiaosaca.org.br\/ints\/wp-admin\/wp-json\/wp\/v2\/media?parent=4663"}],"curies":[{"name":"wp","href":"https:\/\/api.w.org\/{rel}","templated":true}]}}