{"id":4619,"date":"2020-10-16T19:43:41","date_gmt":"2020-10-16T22:43:41","guid":{"rendered":"http:\/ossantacatarina.org.br\/?page_id=4619"},"modified":"2023-01-31T21:44:23","modified_gmt":"2023-02-01T00:44:23","slug":"unidade-de-pronto-atendimento","status":"publish","type":"page","link":"https:\/\/intsregiaosaca.org.br\/ints\/wp-admin\/atencao-primaria\/unidade-de-pronto-atendimento\/","title":{"rendered":"Unidade de Pronto Atendimento"},"content":{"rendered":"<p>[vc_row][vc_column][vc_column_text]A Unidade de Pronto Atendimento (UPA 24h) faz parte da Rede de Aten\u00e7\u00e3o \u00e0s Urg\u00eancias. Seu objetivo \u00e9 concentrar os atendimentos de sa\u00fade de complexidade intermedi\u00e1ria, compondo uma rede organizada em conjunto com a Aten\u00e7\u00e3o B\u00e1sica e a Aten\u00e7\u00e3o Hospitalar.<\/p>\n<p>Desta forma, a popula\u00e7\u00e3o ter\u00e1 melhor atendimento \u00e0 sa\u00fade, com menor fila nos prontos-socorros de hospitais, al\u00e9m de aumentar a capacidade de atendimento do Sistema \u00danico de Sa\u00fade (SUS).[\/vc_column_text][\/vc_column][\/vc_row]<\/p>\n","protected":false},"excerpt":{"rendered":"<p>[vc_row][vc_column][vc_column_text]A Unidade de Pronto Atendimento (UPA 24h) faz parte da Rede de Aten\u00e7\u00e3o \u00e0s Urg\u00eancias. Seu objetivo \u00e9 concentrar os atendimentos de sa\u00fade de complexidade intermedi\u00e1ria, compondo uma rede organizada em conjunto com a Aten\u00e7\u00e3o B\u00e1sica e a Aten\u00e7\u00e3o Hospitalar. Desta forma, a popula\u00e7\u00e3o ter\u00e1 melhor atendimento \u00e0 sa\u00fade, com menor fila nos prontos-socorros de [&hellip;]<\/p>\n","protected":false},"author":3,"featured_media":0,"parent":4426,"menu_order":0,"comment_status":"closed","ping_status":"closed","template":"placa3.php","meta":{"footnotes":""},"class_list":["post-4619","page","type-page","status-publish","hentry"],"_links":{"self":[{"href":"https:\/\/intsregiaosaca.org.br\/ints\/wp-admin\/wp-json\/wp\/v2\/pages\/4619","targetHints":{"allow":["GET"]}}],"collection":[{"href":"https:\/\/intsregiaosaca.org.br\/ints\/wp-admin\/wp-json\/wp\/v2\/pages"}],"about":[{"href":"https:\/\/intsregiaosaca.org.br\/ints\/wp-admin\/wp-json\/wp\/v2\/types\/page"}],"author":[{"embeddable":true,"href":"https:\/\/intsregiaosaca.org.br\/ints\/wp-admin\/wp-json\/wp\/v2\/users\/3"}],"replies":[{"embeddable":true,"href":"https:\/\/intsregiaosaca.org.br\/ints\/wp-admin\/wp-json\/wp\/v2\/comments?post=4619"}],"version-history":[{"count":6,"href":"https:\/\/intsregiaosaca.org.br\/ints\/wp-admin\/wp-json\/wp\/v2\/pages\/4619\/revisions"}],"predecessor-version":[{"id":7978,"href":"https:\/\/intsregiaosaca.org.br\/ints\/wp-admin\/wp-json\/wp\/v2\/pages\/4619\/revisions\/7978"}],"up":[{"embeddable":true,"href":"https:\/\/intsregiaosaca.org.br\/ints\/wp-admin\/wp-json\/wp\/v2\/pages\/4426"}],"wp:attachment":[{"href":"https:\/\/intsregiaosaca.org.br\/ints\/wp-admin\/wp-json\/wp\/v2\/media?parent=4619"}],"curies":[{"name":"wp","href":"https:\/\/api.w.org\/{rel}","templated":true}]}}