{"id":4611,"date":"2020-10-16T19:30:43","date_gmt":"2020-10-16T22:30:43","guid":{"rendered":"http:\/ossantacatarina.org.br\/?page_id=4611"},"modified":"2023-11-10T12:19:07","modified_gmt":"2023-11-10T15:19:07","slug":"ama-especialidades","status":"publish","type":"page","link":"https:\/\/intsregiaosaca.org.br\/ints\/wp-admin\/atencao-primaria\/ama-especialidades\/","title":{"rendered":"ASSIT\u00caNCIA M\u00c9DICA AMBULATORIAL EM ESPECIALIDADES"},"content":{"rendered":"<p>[vc_row][vc_column][vc_column_text]A AMA Especialidades (Assist\u00eancia M\u00e9dica Ambulatorial de Especialidades) \u00e9 um estabelecimento de sa\u00fade do tipo policl\u00ednica especializada que realiza consultas m\u00e9dicas especializadas e exames de apoio diagn\u00f3stico.<\/p>\n<p>Ela possui m\u00e9dicos de diferentes forma\u00e7\u00f5es, definidos conforme a necessidade da regi\u00e3o. O acesso a este estabelecimento \u00e9 atrav\u00e9s da avalia\u00e7\u00e3o m\u00e9dica na Aten\u00e7\u00e3o Prim\u00e1ria (UBS).<\/p>\n<p>Diferencia-se do Hospital Dia da Rede Hora Certa por n\u00e3o haver procedimentos cir\u00fargicos neste servi\u00e7o.[\/vc_column_text][\/vc_column][\/vc_row]<\/p>\n","protected":false},"excerpt":{"rendered":"<p>[vc_row][vc_column][vc_column_text]A AMA Especialidades (Assist\u00eancia M\u00e9dica Ambulatorial de Especialidades) \u00e9 um estabelecimento de sa\u00fade do tipo policl\u00ednica especializada que realiza consultas m\u00e9dicas especializadas e exames de apoio diagn\u00f3stico. Ela possui m\u00e9dicos de diferentes forma\u00e7\u00f5es, definidos conforme a necessidade da regi\u00e3o. O acesso a este estabelecimento \u00e9 atrav\u00e9s da avalia\u00e7\u00e3o m\u00e9dica na Aten\u00e7\u00e3o Prim\u00e1ria (UBS). Diferencia-se do [&hellip;]<\/p>\n","protected":false},"author":3,"featured_media":0,"parent":4426,"menu_order":0,"comment_status":"closed","ping_status":"closed","template":"placa2.php","meta":{"footnotes":""},"class_list":["post-4611","page","type-page","status-publish","hentry"],"_links":{"self":[{"href":"https:\/\/intsregiaosaca.org.br\/ints\/wp-admin\/wp-json\/wp\/v2\/pages\/4611","targetHints":{"allow":["GET"]}}],"collection":[{"href":"https:\/\/intsregiaosaca.org.br\/ints\/wp-admin\/wp-json\/wp\/v2\/pages"}],"about":[{"href":"https:\/\/intsregiaosaca.org.br\/ints\/wp-admin\/wp-json\/wp\/v2\/types\/page"}],"author":[{"embeddable":true,"href":"https:\/\/intsregiaosaca.org.br\/ints\/wp-admin\/wp-json\/wp\/v2\/users\/3"}],"replies":[{"embeddable":true,"href":"https:\/\/intsregiaosaca.org.br\/ints\/wp-admin\/wp-json\/wp\/v2\/comments?post=4611"}],"version-history":[{"count":7,"href":"https:\/\/intsregiaosaca.org.br\/ints\/wp-admin\/wp-json\/wp\/v2\/pages\/4611\/revisions"}],"predecessor-version":[{"id":9246,"href":"https:\/\/intsregiaosaca.org.br\/ints\/wp-admin\/wp-json\/wp\/v2\/pages\/4611\/revisions\/9246"}],"up":[{"embeddable":true,"href":"https:\/\/intsregiaosaca.org.br\/ints\/wp-admin\/wp-json\/wp\/v2\/pages\/4426"}],"wp:attachment":[{"href":"https:\/\/intsregiaosaca.org.br\/ints\/wp-admin\/wp-json\/wp\/v2\/media?parent=4611"}],"curies":[{"name":"wp","href":"https:\/\/api.w.org\/{rel}","templated":true}]}}