{"id":4596,"date":"2020-10-16T19:12:42","date_gmt":"2020-10-16T22:12:42","guid":{"rendered":"http:\/ossantacatarina.org.br\/?page_id=4596"},"modified":"2024-12-20T08:58:28","modified_gmt":"2024-12-20T11:58:28","slug":"caps-infanto-juvenil-cidade-ademar","status":"publish","type":"page","link":"https:\/\/intsregiaosaca.org.br\/ints\/wp-admin\/atencao-secundaria\/caps-centro-de-atencao-psicossocial\/caps-infanto-juvenil-cidade-ademar\/","title":{"rendered":"Infantojuvenil II Cidade Ademar"},"content":{"rendered":"<p>[vc_row][vc_column width=&#8221;1\/4&#8243;][vc_single_image image=&#8221;4826&#8243; img_size=&#8221;full&#8221;][\/vc_column][vc_column width=&#8221;3\/4&#8243;][vc_column_text]A Unidade do CAPS Infantojuvenil II Cidade Ademar \u00a0atua como coordenadora da rede de cuidados \u00e0 sa\u00fade mental de crian\u00e7as e adolescentes em seu territ\u00f3rio, assistindo a popula\u00e7\u00e3o de at\u00e9 18 anos de idade em seus mais diversos tipos de demandas, abrangendo desde os transtornos invasivos do desenvolvimento, ao uso e abuso de subst\u00e2ncias psicoativas.<\/p>\n<p>Neste sentido, esta Unidade oferece cuidado multiprofissional especializado para as crian\u00e7as, adolescente e suas fam\u00edlias.<\/p>\n<p>Estima-se que 30% da popula\u00e7\u00e3o Mundial sofra de transtornos mentais e que destes, 3% sofra de transtornos mentais graves.[\/vc_column_text][\/vc_column][\/vc_row][vc_row][vc_column][vc_text_separator title=&#8221;Obriga\u00e7\u00f5es do CAPS Infantojuvenil&#8221; color=&#8221;custom&#8221; border_width=&#8221;3&#8243; accent_color=&#8221;#006527&#8243;][vc_column_text]<\/p>\n<ul>\n<li>Apoiar a Supervis\u00e3o T\u00e9cnica de Sa\u00fade Santo Amaro &amp; Cidade Ademar na organiza\u00e7\u00e3o e estrutura\u00e7\u00e3o da Rede de Aten\u00e7\u00e3o Psicossocial (RAPS);<\/li>\n<li>Realizar prioritariamente o atendimento de pacientes com transtornos mentais severos e persistentes em sua \u00e1rea territorial, em regime de tratamento grave, moderado e leve, atrav\u00e9s de consultas individuais ou grupais e oficinas terap\u00eauticas;<\/li>\n<li>Prestar atendimento individual (medicamentoso, psicoter\u00e1pico, de orienta\u00e7\u00e3o, entre outros);<\/li>\n<li>Prestar atendimento em grupos (psicoterapia, atividades de suporte social, entre outras);<\/li>\n<li>Prestar atendimento em oficinas terap\u00eauticas executadas por profissional de n\u00edvel superior ou n\u00edvel m\u00e9dio;<\/li>\n<li>Realizar visitas domiciliares;<\/li>\n<li>Prestar atendimento \u00e0 fam\u00edlia;<\/li>\n<li>Realizar atividades comunit\u00e1rias enfocando a integra\u00e7\u00e3o do paciente na comunidade e sua inser\u00e7\u00e3o familiar e social.<\/li>\n<\/ul>\n<p>[\/vc_column_text][vc_text_separator title=&#8221;Caracteriza\u00e7\u00e3o&#8221; title_align=&#8221;separator_align_left&#8221; color=&#8221;custom&#8221; border_width=&#8221;3&#8243; accent_color=&#8221;#006527&#8243;][vc_column_text]Com a finalidade de proporcionar, de acordo com as diretrizes do SUS, uma aten\u00e7\u00e3o mais humanizada e compat\u00edvel com as necessidades da popula\u00e7\u00e3o com transtornos mentais da regi\u00e3o da Subprefeitura da Cidade Ademar. Sob gerenciamento e execu\u00e7\u00e3o de a\u00e7\u00f5es e servi\u00e7os de sa\u00fade pelo INTS \u2013 Instituto Nacional de Tecnologia e Sa\u00fade.[\/vc_column_text][\/vc_column][\/vc_row][vc_row][vc_column][vc_text_separator title=&#8221;Aqui voc\u00ea encontra:&#8221; color=&#8221;custom&#8221; border_width=&#8221;3&#8243; accent_color=&#8221;#006527&#8243; css=&#8221;.vc_custom_1602615544044{margin-top: 25px !important;}&#8221;][\/vc_column][\/vc_row][vc_row][vc_column width=&#8221;1\/3&#8243;][vc_column_text]02 Assistentes sociais<br \/>\n02 Enfermeiros<br \/>\n01 Farmac\u00eautico<br \/>\n01 Fonoaudi\u00f3logo<br \/>\n02 M\u00e9dicos Psiquiatras[\/vc_column_text][\/vc_column][vc_column width=&#8221;1\/3&#8243;][vc_column_text]02 profissional de educa\u00e7\u00e3o f\u00edsica na sa\u00fade<br \/>\n04 psic\u00f3logo clinico<br \/>\n04 terapeuta ocupacional<br \/>\n04 Oficineiro<br \/>\nEquipe de auxiliar de enfermagem[\/vc_column_text][\/vc_column][vc_column width=&#8221;1\/3&#8243;][vc_column_text]Equipe de auxiliar administrativo<br \/>\n01 Gerente<br \/>\n01 Assistente Administrativo[\/vc_column_text][\/vc_column][\/vc_row][vc_row][vc_column][vc_text_separator title=&#8221;Caracter\u00edsticas Relevantes da Regi\u00e3o&#8221; color=&#8221;custom&#8221; border_width=&#8221;3&#8243; accent_color=&#8221;#006527&#8243; css=&#8221;.vc_custom_1602615535668{margin-top: 25px !important;}&#8221;][vc_column_text]<\/p>\n<p style=\"text-align: center;\">Popula\u00e7\u00e3o da Subprefeitura de Cidade Ademar 433.234<br \/>\nPopula\u00e7\u00e3o do Distrito Administrativo de Pedreira 154.450<br \/>\nIDH (\u00cdndice de Desenvolvimento Humano) 0,777<br \/>\nFonte: Estimativa da Funda\u00e7\u00e3o SEADE (Per\u00edodo 2016)[\/vc_column_text][vc_text_separator title=&#8221;Reuni\u00f5es do Conselho&#8221; color=&#8221;custom&#8221; border_width=&#8221;3&#8243; accent_color=&#8221;#006527&#8243; css=&#8221;.vc_custom_1602933062965{margin-top: 25px !important;}&#8221;][vc_column_text]<\/p>\n<p style=\"text-align: center;\">As reuni\u00f5es de conselho gestor acontecem mensalmente. Participam deste encontro, os conselheiros gestores eleitos.<\/p>\n<p style=\"text-align: center;\">No entanto, qualquer cidad\u00e3o frequentador da unidade, pode participar como convidado.<\/p>\n<p style=\"text-align: center;\">Segue cronograma anual das reuni\u00f5es, para conhecimento e divulga\u00e7\u00e3o junto \u00e0 comunidade:<\/p>\n<p>[\/vc_column_text][vc_single_image image=&#8221;7548&#8243; img_size=&#8221;600&#215;400&#8243; alignment=&#8221;center&#8221; css_animation=&#8221;bounceIn&#8221;][vc_text_separator title=&#8221;Localiza\u00e7\u00e3o&#8221; color=&#8221;custom&#8221; border_width=&#8221;3&#8243; accent_color=&#8221;#006527&#8243; css=&#8221;.vc_custom_1602618514168{margin-top: 50px !important;margin-bottom: 50px !important;}&#8221;][\/vc_column][\/vc_row][vc_row][vc_column width=&#8221;2\/3&#8243;][vc_gmaps link=&#8221;#E-8_JTNDaWZyYW1lJTIwc3JjJTNEJTIyaHR0cHMlM0ElMkYlMkZ3d3cuZ29vZ2xlLmNvbSUyRm1hcHMlMkZlbWJlZCUzRnBiJTNEJTIxMW0xNCUyMTFtOCUyMTFtMyUyMTFkNzMwNi45NjgyMzE0MTE1MjglMjEyZC00Ni42NjEyNjglMjEzZC0yMy42OTQ0JTIxM20yJTIxMWkxMDI0JTIxMmk3NjglMjE0ZjEzLjElMjEzbTMlMjExbTIlMjExczB4OTRjZTQ1NjYxZWY4ODE1MyUyNTNBMHg0YjQxYjRlMWJiMmUzNjglMjEyc1IuJTI1MjBKb2FxdWltJTI1MjBkbyUyNTIwTGFnbyUyNTJDJTI1MjAyMjglMjUyMC0lMjUyMEJhbG5lJTI1QzMlMjVBMXJpbyUyNTIwTWFyJTI1MjBQYXVsaXN0YSUyNTJDJTI1MjBTJTI1QzMlMjVBM28lMjUyMFBhdWxvJTI1MjAtJTI1MjBTUCUyNTJDJTI1MjAwNDQ2My0wODAlMjE1ZTAlMjEzbTIlMjExc3B0LUJSJTIxMnNiciUyMTR2MTYwMjg4NjM0NTE5OCUyMTVtMiUyMTFzcHQtQlIlMjEyc2JyJTIyJTIwd2lkdGglM0QlMjI2MDAlMjIlMjBoZWlnaHQlM0QlMjI0NTAlMjIlMjBmcmFtZWJvcmRlciUzRCUyMjAlMjIlMjBzdHlsZSUzRCUyMmJvcmRlciUzQTAlM0IlMjIlMjBhbGxvd2Z1bGxzY3JlZW4lM0QlMjIlMjIlMjBhcmlhLWhpZGRlbiUzRCUyMmZhbHNlJTIyJTIwdGFiaW5kZXglM0QlMjIwJTIyJTNFJTNDJTJGaWZyYW1lJTNF&#8221; size=&#8221;450&#8243; css_animation=&#8221;fadeInRight&#8221;][\/vc_column][vc_column css_animation=&#8221;fadeInRight&#8221; width=&#8221;1\/3&#8243;][vc_column_text]<strong>CAPS INFANTOJUVENIL II CIDADE ADEMAR<\/strong>[\/vc_column_text][vc_column_text]<strong>CNES: 6646581<\/strong>[\/vc_column_text][vc_column_text]<strong>Endere\u00e7o:<\/strong><br \/>\nRua Joaquim do Lago, 228<br \/>\nCEP: 04463-080<\/p>\n<p><strong>Telefones:<\/strong><br \/>\n11 5237-6835 | 11 5237-6836 | 11 5237-6838[\/vc_column_text][vc_column_text]<strong>Hor\u00e1rio de Atendimento:<\/strong><br \/>\nDe 2\u00aa a 6\u00aa feira, das 7:00 \u00e0s 19:00 horas[\/vc_column_text][\/vc_column][\/vc_row]<\/p>\n","protected":false},"excerpt":{"rendered":"<p>[vc_row][vc_column width=&#8221;1\/4&#8243;][vc_single_image image=&#8221;4826&#8243; img_size=&#8221;full&#8221;][\/vc_column][vc_column width=&#8221;3\/4&#8243;][vc_column_text]A Unidade do CAPS Infantojuvenil II Cidade Ademar \u00a0atua como coordenadora da rede de cuidados \u00e0 sa\u00fade mental de crian\u00e7as e adolescentes em seu territ\u00f3rio, assistindo a popula\u00e7\u00e3o de at\u00e9 18 anos de idade em seus mais diversos tipos de demandas, abrangendo desde os transtornos invasivos do desenvolvimento, ao uso e [&hellip;]<\/p>\n","protected":false},"author":3,"featured_media":0,"parent":4613,"menu_order":0,"comment_status":"closed","ping_status":"closed","template":"caps.php","meta":{"footnotes":""},"class_list":["post-4596","page","type-page","status-publish","hentry"],"_links":{"self":[{"href":"https:\/\/intsregiaosaca.org.br\/ints\/wp-admin\/wp-json\/wp\/v2\/pages\/4596","targetHints":{"allow":["GET"]}}],"collection":[{"href":"https:\/\/intsregiaosaca.org.br\/ints\/wp-admin\/wp-json\/wp\/v2\/pages"}],"about":[{"href":"https:\/\/intsregiaosaca.org.br\/ints\/wp-admin\/wp-json\/wp\/v2\/types\/page"}],"author":[{"embeddable":true,"href":"https:\/\/intsregiaosaca.org.br\/ints\/wp-admin\/wp-json\/wp\/v2\/users\/3"}],"replies":[{"embeddable":true,"href":"https:\/\/intsregiaosaca.org.br\/ints\/wp-admin\/wp-json\/wp\/v2\/comments?post=4596"}],"version-history":[{"count":16,"href":"https:\/\/intsregiaosaca.org.br\/ints\/wp-admin\/wp-json\/wp\/v2\/pages\/4596\/revisions"}],"predecessor-version":[{"id":10406,"href":"https:\/\/intsregiaosaca.org.br\/ints\/wp-admin\/wp-json\/wp\/v2\/pages\/4596\/revisions\/10406"}],"up":[{"embeddable":true,"href":"https:\/\/intsregiaosaca.org.br\/ints\/wp-admin\/wp-json\/wp\/v2\/pages\/4613"}],"wp:attachment":[{"href":"https:\/\/intsregiaosaca.org.br\/ints\/wp-admin\/wp-json\/wp\/v2\/media?parent=4596"}],"curies":[{"name":"wp","href":"https:\/\/api.w.org\/{rel}","templated":true}]}}