{"id":4591,"date":"2020-10-16T18:50:23","date_gmt":"2020-10-16T21:50:23","guid":{"rendered":"http:\/ossantacatarina.org.br\/?page_id=4591"},"modified":"2024-12-20T08:46:59","modified_gmt":"2024-12-20T11:46:59","slug":"ama-especialidades-vila-constancia","status":"publish","type":"page","link":"https:\/\/intsregiaosaca.org.br\/ints\/wp-admin\/atencao-primaria\/ama-especialidades\/ama-especialidades-vila-constancia\/","title":{"rendered":"Vila Const\u00e2ncia<br>Dr. Vicente Octavio Guida"},"content":{"rendered":"<p>[vc_row][vc_column][vc_column_text]A AMA Especialidades (Assist\u00eancia M\u00e9dica Ambulatorial de Especialidades) \u00e9 um estabelecimento de sa\u00fade do tipo policl\u00ednica especializada que realiza consultas m\u00e9dicas especializadas e exames de apoio diagn\u00f3stico.<\/p>\n<p>Ela possui m\u00e9dicos de diferentes forma\u00e7\u00f5es, definidos conforme a necessidade da regi\u00e3o. O acesso a este estabelecimento \u00e9 atrav\u00e9s da avalia\u00e7\u00e3o m\u00e9dica na Aten\u00e7\u00e3o Prim\u00e1ria (UBS).<\/p>\n<p>Diferencia-se do Hospital Dia da Rede Hora Certa por n\u00e3o haver procedimentos cir\u00fargicos neste servi\u00e7o.[\/vc_column_text][vc_text_separator title=&#8221;Caracteriza\u00e7\u00e3o&#8221; title_align=&#8221;separator_align_left&#8221; color=&#8221;custom&#8221; border_width=&#8221;3&#8243; accent_color=&#8221;#006527&#8243;][vc_column_text]A AMA Especialidades Vila Const\u00e2ncia &#8211; Dr. Vicente Octavio Guida \u00e9 uma Unidade de atendimento de especialidades sob gerenciamento e execu\u00e7\u00e3o de a\u00e7\u00f5es e servi\u00e7os de sa\u00fade pelo INTS \u2013 Instituto Nacional de Tecnologia e Sa\u00fade.[\/vc_column_text][\/vc_column][\/vc_row][vc_row][vc_column][vc_text_separator title=&#8221;Aqui voc\u00ea encontra:&#8221; color=&#8221;custom&#8221; border_width=&#8221;3&#8243; accent_color=&#8221;#006527&#8243; css=&#8221;.vc_custom_1602615544044{margin-top: 25px !important;}&#8221;][\/vc_column][\/vc_row][vc_row][vc_column width=&#8221;1\/3&#8243;][vc_column_text]01 assistente social<br \/>\n03 enfermeiros<br \/>\n01 farmac\u00eauticos<br \/>\n04 m\u00e9dicos endocrinologista<br \/>\n01 m\u00e9dico neurologista<br \/>\n02 m\u00e9dicos ortopedistas e traumatologistas[\/vc_column_text][\/vc_column][vc_column width=&#8221;1\/3&#8243;][vc_column_text]04 m\u00e9dicos reumatologistas<br \/>\n03 m\u00e9dicos acupunturistas<br \/>\n01 m\u00e9dico GO PTGI\/Colpo<br \/>\n01 m\u00e9dico GO PN alto risco<br \/>\n01 m\u00e9dico pneumologista<br \/>\n01 farmac\u00eauticos[\/vc_column_text][\/vc_column][vc_column width=&#8221;1\/3&#8243;][vc_column_text]Equipe de auxiliar de enfermagem<br \/>\nEquipe de auxiliar administrativo<br \/>\n01 Gerente<br \/>\n01 Assistente administrativo[\/vc_column_text][\/vc_column][\/vc_row][vc_row][vc_column][vc_text_separator title=&#8221;Caracter\u00edsticas Relevantes da Regi\u00e3o&#8221; color=&#8221;custom&#8221; border_width=&#8221;3&#8243; accent_color=&#8221;#006527&#8243; css=&#8221;.vc_custom_1602615535668{margin-top: 25px !important;}&#8221;][vc_column_text]<\/p>\n<div>\n<p style=\"text-align: center;\">Popula\u00e7\u00e3o \u00e1rea abrang\u00eancia Unidade: 676.412<br \/>\nPopula\u00e7\u00e3o da Subprefeitura de Cidade Ademar 433.234<br \/>\nPopula\u00e7\u00e3o do Distrito Administrativo de Cidade Ademar 278.784<br \/>\nIDH (\u00cdndice de Desenvolvimento Humano) 0,800<br \/>\nFonte: Estimativa da Funda\u00e7\u00e3o SEADE (Per\u00edodo 2016)<\/p>\n<\/div>\n<p>[\/vc_column_text][vc_text_separator title=&#8221;Localiza\u00e7\u00e3o&#8221; color=&#8221;custom&#8221; border_width=&#8221;3&#8243; accent_color=&#8221;#006527&#8243; css=&#8221;.vc_custom_1602618514168{margin-top: 50px !important;margin-bottom: 50px !important;}&#8221;][\/vc_column][\/vc_row][vc_row][vc_column width=&#8221;2\/3&#8243;][vc_gmaps link=&#8221;#E-8_JTNDaWZyYW1lJTIwc3JjJTNEJTIyaHR0cHMlM0ElMkYlMkZ3d3cuZ29vZ2xlLmNvbSUyRm1hcHMlMkZlbWJlZCUzRnBiJTNEJTIxMW0xNCUyMTFtOCUyMTFtMyUyMTFkNzMwOC4xMzIwMzQ5NDQ2ODIlMjEyZC00Ni42NjY1NDIlMjEzZC0yMy42NzM1OTclMjEzbTIlMjExaTEwMjQlMjEyaTc2OCUyMTRmMTMuMSUyMTNtMyUyMTFtMiUyMTFzMHgwJTI1M0EweGJhY2FhZGU4YzFmZjYwMjclMjEyc0FNQSUyNTIwRVNQRUNJQUxJREFERVMlMjUyMFZJTEElMjUyMENPTlNUQU5DSUElMjE1ZTAlMjEzbTIlMjExc3B0LUJSJTIxMnNiciUyMTR2MTYwMjg4NTAwODczNiUyMTVtMiUyMTFzcHQtQlIlMjEyc2JyJTIyJTIwd2lkdGglM0QlMjI2MDAlMjIlMjBoZWlnaHQlM0QlMjI0NTAlMjIlMjBmcmFtZWJvcmRlciUzRCUyMjAlMjIlMjBzdHlsZSUzRCUyMmJvcmRlciUzQTAlM0IlMjIlMjBhbGxvd2Z1bGxzY3JlZW4lM0QlMjIlMjIlMjBhcmlhLWhpZGRlbiUzRCUyMmZhbHNlJTIyJTIwdGFiaW5kZXglM0QlMjIwJTIyJTNFJTNDJTJGaWZyYW1lJTNF&#8221; size=&#8221;450&#8243; css_animation=&#8221;fadeInRight&#8221;][\/vc_column][vc_column css_animation=&#8221;fadeInRight&#8221; width=&#8221;1\/3&#8243;][vc_column_text]<strong>AMA ESPECIALIDADES Vila Const\u00e2ncia &#8211; Dr. Vicente Octavio Guida<\/strong>[\/vc_column_text][vc_column_text]<strong>Dr. VICENTE OCT\u00c1VIO GUIDA<\/strong>[\/vc_column_text][vc_column_text]<strong>CNES: 6415415<\/strong>[\/vc_column_text][vc_column_text]<strong>Endere\u00e7o:<\/strong><br \/>\nRua Hermenegildo Martini S\/N<br \/>\nCEP: 04438-280<\/p>\n<p><strong>Telefones:<\/strong><br \/>\n11 5237-6736 | 11 5237-6737 | 11 5237-6739[\/vc_column_text][vc_column_text]<strong>Hor\u00e1rio de Atendimento:<\/strong><br \/>\nDe 2\u00aa a 6\u00aa feira, das 7:00 \u00e0s 19:00 horas[\/vc_column_text][\/vc_column][\/vc_row]<\/p>\n","protected":false},"excerpt":{"rendered":"<p>[vc_row][vc_column][vc_column_text]A AMA Especialidades (Assist\u00eancia M\u00e9dica Ambulatorial de Especialidades) \u00e9 um estabelecimento de sa\u00fade do tipo policl\u00ednica especializada que realiza consultas m\u00e9dicas especializadas e exames de apoio diagn\u00f3stico. Ela possui m\u00e9dicos de diferentes forma\u00e7\u00f5es, definidos conforme a necessidade da regi\u00e3o. O acesso a este estabelecimento \u00e9 atrav\u00e9s da avalia\u00e7\u00e3o m\u00e9dica na Aten\u00e7\u00e3o Prim\u00e1ria (UBS). Diferencia-se do [&hellip;]<\/p>\n","protected":false},"author":3,"featured_media":0,"parent":4611,"menu_order":0,"comment_status":"closed","ping_status":"closed","template":"ama-e.php","meta":{"footnotes":""},"class_list":["post-4591","page","type-page","status-publish","hentry"],"_links":{"self":[{"href":"https:\/\/intsregiaosaca.org.br\/ints\/wp-admin\/wp-json\/wp\/v2\/pages\/4591","targetHints":{"allow":["GET"]}}],"collection":[{"href":"https:\/\/intsregiaosaca.org.br\/ints\/wp-admin\/wp-json\/wp\/v2\/pages"}],"about":[{"href":"https:\/\/intsregiaosaca.org.br\/ints\/wp-admin\/wp-json\/wp\/v2\/types\/page"}],"author":[{"embeddable":true,"href":"https:\/\/intsregiaosaca.org.br\/ints\/wp-admin\/wp-json\/wp\/v2\/users\/3"}],"replies":[{"embeddable":true,"href":"https:\/\/intsregiaosaca.org.br\/ints\/wp-admin\/wp-json\/wp\/v2\/comments?post=4591"}],"version-history":[{"count":4,"href":"https:\/\/intsregiaosaca.org.br\/ints\/wp-admin\/wp-json\/wp\/v2\/pages\/4591\/revisions"}],"predecessor-version":[{"id":10400,"href":"https:\/\/intsregiaosaca.org.br\/ints\/wp-admin\/wp-json\/wp\/v2\/pages\/4591\/revisions\/10400"}],"up":[{"embeddable":true,"href":"https:\/\/intsregiaosaca.org.br\/ints\/wp-admin\/wp-json\/wp\/v2\/pages\/4611"}],"wp:attachment":[{"href":"https:\/\/intsregiaosaca.org.br\/ints\/wp-admin\/wp-json\/wp\/v2\/media?parent=4591"}],"curies":[{"name":"wp","href":"https:\/\/api.w.org\/{rel}","templated":true}]}}