{"id":4588,"date":"2020-10-16T18:28:18","date_gmt":"2020-10-16T21:28:18","guid":{"rendered":"http:\/ossantacatarina.org.br\/?page_id=4588"},"modified":"2025-01-27T09:28:13","modified_gmt":"2025-01-27T12:28:13","slug":"ursi-cidade-ademar","status":"publish","type":"page","link":"https:\/\/intsregiaosaca.org.br\/ints\/wp-admin\/atencao-secundaria\/ursi-unidade-de-referencia-a-saude-do-idoso\/ursi-cidade-ademar\/","title":{"rendered":"Cidade Ademar"},"content":{"rendered":"<p>[vc_row][vc_column][vc_column_text]\u00c9 uma unidade especializada para atender ao idoso na sua \u00e1rea de abrang\u00eancia. Ela se insere no n\u00edvel secund\u00e1rio da aten\u00e7\u00e3o \u00e0 sa\u00fade, oferecendo atendimento pela equipe multiprofissional, em \u00e2mbito individual e coletivo, dentro de uma vis\u00e3o integral.<\/p>\n<p>A equipe multiprofissional constitui o N\u00facleo de Aten\u00e7\u00e3o Integral \u00e0 Sa\u00fade do Idoso, que, al\u00e9m de desenvolver a\u00e7\u00f5es de assist\u00eancia a doen\u00e7as de maior complexidade e a problemas de sa\u00fade espec\u00edficos da popula\u00e7\u00e3o idosa, deve desenvolver a\u00e7\u00f5es preventivas e de promo\u00e7\u00e3o e prote\u00e7\u00e3o \u00e0 sa\u00fade, atividades de treinamento e capacita\u00e7\u00e3o de profissionais da aten\u00e7\u00e3o b\u00e1sica e pesquisas espec\u00edficas na \u00e1rea da gerontologia, tendo como principal papel a implementa\u00e7\u00e3o das pol\u00edticas p\u00fablicas de sa\u00fade, em especial as pol\u00edticas espec\u00edficas para a popula\u00e7\u00e3o idosa.<\/p>\n<p>Quanto ao modelo de vigil\u00e2ncia \u00e0 sa\u00fade, podemos afirmar que a mesma se d\u00e1 atrav\u00e9s de metodologia baseada em estrat\u00e9gias pontuais (vigil\u00e2ncia epidemiol\u00f3gica, gest\u00e3o de casos complexos, acompanhamento do pr\u00e9-natal, entre outras) e busca de assist\u00eancia pelo usu\u00e1rio.[\/vc_column_text][vc_text_separator title=&#8221;Caracteriza\u00e7\u00e3o&#8221; title_align=&#8221;separator_align_left&#8221; color=&#8221;custom&#8221; border_width=&#8221;3&#8243; accent_color=&#8221;#006527&#8243;][vc_column_text]Unidade sob gerenciamento e execu\u00e7\u00e3o de a\u00e7\u00f5es e servi\u00e7os de sa\u00fade pelo INTS \u2013 Instituto Nacional de Tecnologia e Sa\u00fade. Unidade atende pacientes referenciados das UBSs, para diagn\u00f3stico, tratamento e reabilita\u00e7\u00e3o de pacientes idosos p\u00f3s AVC, com dem\u00eancias, mal de Parkinson, risco de quedas, depress\u00e3o, entre outras patologias, ou seja, idosos em situa\u00e7\u00e3o de fragilidade.<br \/>\nA URSI Cidade Ademar foi inaugurada em 19\/05\/2004, est\u00e1 instalada desde fevereiro de 2007.<br \/>\nDesde outubro de 2008 passamos a contar com um servi\u00e7o de acompanhantes de idosos, o qual contempla idosos maiores de 60 anos que residem na \u00e1rea de Pedreira e Cidade Ademar com certo grau de independ\u00eancia e que passam a maior parte do dia sozinhos. Em parceria com a Associa\u00e7\u00e3o Sa\u00fade da Fam\u00edlia.[\/vc_column_text][\/vc_column][\/vc_row][vc_row][vc_column][vc_text_separator title=&#8221;Aqui voc\u00ea encontra:&#8221; color=&#8221;custom&#8221; border_width=&#8221;3&#8243; accent_color=&#8221;#006527&#8243; css=&#8221;.vc_custom_1602615544044{margin-top: 25px !important;}&#8221;][\/vc_column][\/vc_row][vc_row][vc_column width=&#8221;1\/3&#8243;][vc_column_text]02 assistentes sociais<br \/>\n03 enfermeiros<br \/>\n02 fisioterapeutas gerais<br \/>\n01 fonoaudi\u00f3logo[\/vc_column_text][\/vc_column][vc_column width=&#8221;1\/3&#8243;][vc_column_text]02 m\u00e9dicos geriatras<br \/>\n01 nutricionista<br \/>\n01 psic\u00f3logo clinico[\/vc_column_text][\/vc_column][vc_column width=&#8221;1\/3&#8243;][vc_column_text]01 terapeuta ocupacional<br \/>\n01 Cirurgi\u00e3o-dentista<br \/>\n01 Farmac\u00eautico[\/vc_column_text][\/vc_column][\/vc_row][vc_row][vc_column][vc_text_separator title=&#8221;Caracter\u00edsticas Relevantes da Regi\u00e3o&#8221; color=&#8221;custom&#8221; border_width=&#8221;3&#8243; accent_color=&#8221;#006527&#8243; css=&#8221;.vc_custom_1602615535668{margin-top: 25px !important;}&#8221;][vc_column_text]<\/p>\n<p style=\"text-align: center;\">Popula\u00e7\u00e3o da Subprefeitura de Cidade Ademar 433.234<br \/>\nPopula\u00e7\u00e3o do Distrito Administrativo de Cidade Ademar 278.784<br \/>\nIDH (\u00cdndice de Desenvolvimento Humano) 0,800<br \/>\nFonte: Estimativa da Funda\u00e7\u00e3o SEADE (Per\u00edodo 2016)<\/p>\n<p>[\/vc_column_text][vc_text_separator title=&#8221;Reuni\u00f5es do Conselho&#8221; color=&#8221;custom&#8221; border_width=&#8221;3&#8243; accent_color=&#8221;#006527&#8243; css=&#8221;.vc_custom_1602934047172{margin-top: 25px !important;}&#8221;][vc_column_text]<\/p>\n<p style=\"text-align: center;\">As reuni\u00f5es de conselho gestor acontecem mensalmente. Participam deste encontro, os conselheiros gestores eleitos.<\/p>\n<p style=\"text-align: center;\">No entanto, qualquer cidad\u00e3o frequentador da unidade, pode participar como convidado.<\/p>\n<p style=\"text-align: center;\">Segue cronograma anual das reuni\u00f5es, para conhecimento e divulga\u00e7\u00e3o junto \u00e0 comunidade:<\/p>\n<p>[\/vc_column_text][vc_single_image image=&#8221;7552&#8243; img_size=&#8221;600&#215;400&#8243; alignment=&#8221;center&#8221; css_animation=&#8221;bounceIn&#8221;][vc_text_separator title=&#8221;Localiza\u00e7\u00e3o&#8221; color=&#8221;custom&#8221; border_width=&#8221;3&#8243; accent_color=&#8221;#006527&#8243; css=&#8221;.vc_custom_1602618514168{margin-top: 50px !important;margin-bottom: 50px !important;}&#8221;][\/vc_column][\/vc_row][vc_row][vc_column width=&#8221;2\/3&#8243;][vc_gmaps link=&#8221;#E-8_JTNDaWZyYW1lJTIwc3JjJTNEJTIyaHR0cHMlM0ElMkYlMkZ3d3cuZ29vZ2xlLmNvbSUyRm1hcHMlMkZlbWJlZCUzRnBiJTNEJTIxMW0xNCUyMTFtOCUyMTFtMyUyMTFkNzMwOS4xMzc2MzUyNTEzMTglMjEyZC00Ni42NzE3MTYlMjEzZC0yMy42NTU2MDglMjEzbTIlMjExaTEwMjQlMjEyaTc2OCUyMTRmMTMuMSUyMTNtMyUyMTFtMiUyMTFzMHgwJTI1M0EweGQ5N2MwOGFmMzIyOTExMWQlMjEyc1NlY3JldGFyaWElMjUyME11bmljaXBhbCUyNTIwZGElMjUyMFNhJTI1QzMlMjVCQWRlJTIxNWUwJTIxM20yJTIxMXNwdC1CUiUyMTJzYnIlMjE0djE2MDI4ODM2ODM3NDQlMjE1bTIlMjExc3B0LUJSJTIxMnNiciUyMiUyMHdpZHRoJTNEJTIyNjAwJTIyJTIwaGVpZ2h0JTNEJTIyNDUwJTIyJTIwZnJhbWVib3JkZXIlM0QlMjIwJTIyJTIwc3R5bGUlM0QlMjJib3JkZXIlM0EwJTNCJTIyJTIwYWxsb3dmdWxsc2NyZWVuJTNEJTIyJTIyJTIwYXJpYS1oaWRkZW4lM0QlMjJmYWxzZSUyMiUyMHRhYmluZGV4JTNEJTIyMCUyMiUzRSUzQyUyRmlmcmFtZSUzRQ==&#8221; size=&#8221;450&#8243; css_animation=&#8221;fadeInRight&#8221;][\/vc_column][vc_column css_animation=&#8221;fadeInRight&#8221; width=&#8221;1\/3&#8243;][vc_column_text]<strong>URSI &#8211; CIDADE ADEMAR<\/strong>[\/vc_column_text][vc_column_text]<strong>CNES: 5599881<\/strong>[\/vc_column_text][vc_column_text]<strong>Endere\u00e7o:<\/strong><br \/>\nRua Sebasti\u00e3o Andrade Bonani, 340<br \/>\nCEP: 04649-050<\/p>\n<p><strong>Telefones:<\/strong><br \/>\n11 5237-7415 | 11 5237-7416 | 11 5237-7421[\/vc_column_text][vc_column_text]<strong>Hor\u00e1rio de Atendimento:<\/strong><br \/>\nDe 2\u00aa a 6\u00aa feira, das 7:00 \u00e0s 19:00 horas[\/vc_column_text][\/vc_column][\/vc_row]<\/p>\n","protected":false},"excerpt":{"rendered":"<p>[vc_row][vc_column][vc_column_text]\u00c9 uma unidade especializada para atender ao idoso na sua \u00e1rea de abrang\u00eancia. Ela se insere no n\u00edvel secund\u00e1rio da aten\u00e7\u00e3o \u00e0 sa\u00fade, oferecendo atendimento pela equipe multiprofissional, em \u00e2mbito individual e coletivo, dentro de uma vis\u00e3o integral. A equipe multiprofissional constitui o N\u00facleo de Aten\u00e7\u00e3o Integral \u00e0 Sa\u00fade do Idoso, que, al\u00e9m de desenvolver [&hellip;]<\/p>\n","protected":false},"author":3,"featured_media":0,"parent":4622,"menu_order":0,"comment_status":"closed","ping_status":"closed","template":"ursi.php","meta":{"footnotes":""},"class_list":["post-4588","page","type-page","status-publish","hentry"],"_links":{"self":[{"href":"https:\/\/intsregiaosaca.org.br\/ints\/wp-admin\/wp-json\/wp\/v2\/pages\/4588","targetHints":{"allow":["GET"]}}],"collection":[{"href":"https:\/\/intsregiaosaca.org.br\/ints\/wp-admin\/wp-json\/wp\/v2\/pages"}],"about":[{"href":"https:\/\/intsregiaosaca.org.br\/ints\/wp-admin\/wp-json\/wp\/v2\/types\/page"}],"author":[{"embeddable":true,"href":"https:\/\/intsregiaosaca.org.br\/ints\/wp-admin\/wp-json\/wp\/v2\/users\/3"}],"replies":[{"embeddable":true,"href":"https:\/\/intsregiaosaca.org.br\/ints\/wp-admin\/wp-json\/wp\/v2\/comments?post=4588"}],"version-history":[{"count":5,"href":"https:\/\/intsregiaosaca.org.br\/ints\/wp-admin\/wp-json\/wp\/v2\/pages\/4588\/revisions"}],"predecessor-version":[{"id":10467,"href":"https:\/\/intsregiaosaca.org.br\/ints\/wp-admin\/wp-json\/wp\/v2\/pages\/4588\/revisions\/10467"}],"up":[{"embeddable":true,"href":"https:\/\/intsregiaosaca.org.br\/ints\/wp-admin\/wp-json\/wp\/v2\/pages\/4622"}],"wp:attachment":[{"href":"https:\/\/intsregiaosaca.org.br\/ints\/wp-admin\/wp-json\/wp\/v2\/media?parent=4588"}],"curies":[{"name":"wp","href":"https:\/\/api.w.org\/{rel}","templated":true}]}}