{"id":4580,"date":"2020-10-14T17:35:58","date_gmt":"2020-10-14T20:35:58","guid":{"rendered":"http:\/ossantacatarina.org.br\/?page_id=4580"},"modified":"2024-12-20T11:06:42","modified_gmt":"2024-12-20T14:06:42","slug":"ubs-vila-arriete","status":"publish","type":"page","link":"https:\/\/intsregiaosaca.org.br\/ints\/wp-admin\/atencao-primaria\/ubs-unidade-basica-de-saude\/ubs-vila-arriete\/","title":{"rendered":"Vila Arriete<BR>Dr. Decio Pacheco Pedroso"},"content":{"rendered":"<p>[vc_row][vc_column][vc_column_text]Um dos modelos de aten\u00e7\u00e3o b\u00e1sica implantado no munic\u00edpio de S\u00e3o Paulo, caracteriza-se por ser uma das principais portas de entrada do sistema de sa\u00fade, tendo como alicerce, a descentraliza\u00e7\u00e3o, a intersetorialidade, a equidade e a prioriza\u00e7\u00e3o de grupos populacionais com maior risco de adoecer.<\/p>\n<p>As atividades realizadas buscam a promo\u00e7\u00e3o, a preven\u00e7\u00e3o, a recupera\u00e7\u00e3o, a reabilita\u00e7\u00e3o de doen\u00e7as e agravos mais frequentes, bem como a manuten\u00e7\u00e3o da sa\u00fade da popula\u00e7\u00e3o assistida. Em rela\u00e7\u00e3o \u00e0 composi\u00e7\u00e3o da equipe estes servi\u00e7os contam com m\u00e9dicos das cl\u00ednicas b\u00e1sicas (cl\u00ednico geral, pediatra e ginecologista), equipe de enfermagem e de sa\u00fade bucal, todos desenvolvendo suas atividades individualmente a partir de planejamento estabelecido.<\/p>\n<p>Quanto ao modelo de vigil\u00e2ncia \u00e0 sa\u00fade, podemos afirmar que a mesma se d\u00e1 atrav\u00e9s de metodologia baseada em estrat\u00e9gias pontuais (vigil\u00e2ncia epidemiol\u00f3gica, gest\u00e3o de casos complexos, acompanhamento do pr\u00e9-natal, entre outras) e busca de assist\u00eancia pelo usu\u00e1rio.[\/vc_column_text][vc_text_separator title=&#8221;Caracteriza\u00e7\u00e3o&#8221; title_align=&#8221;separator_align_left&#8221; color=&#8221;custom&#8221; border_width=&#8221;3&#8243; accent_color=&#8221;#006527&#8243;][vc_column_text]UBS Tradicional Vila Arriete &#8211; Dr. Decio Pacheco Pedroso \u00e9 uma unidade municipalizada. Im\u00f3vel pr\u00f3prio. Modelo de atendimento tradicional sob gerenciamento e execu\u00e7\u00e3o de a\u00e7\u00f5es e servi\u00e7os de sa\u00fade pelo INTS \u2013 Instituto Nacional de Tecnologia e Sa\u00fade.[\/vc_column_text][\/vc_column][\/vc_row][vc_row][vc_column][vc_text_separator title=&#8221;Aqui voc\u00ea encontra:&#8221; color=&#8221;custom&#8221; border_width=&#8221;3&#8243; accent_color=&#8221;#006527&#8243; css=&#8221;.vc_custom_1602615544044{margin-top: 25px !important;}&#8221;][\/vc_column][\/vc_row][vc_row][vc_column width=&#8221;1\/3&#8243;][vc_column_text]01 assistente social<br \/>\n02 cirurgi\u00f5es-dentistas clinico geral<br \/>\n03 enfermeiros<br \/>\n01 farmac\u00eautico<br \/>\n01 fisioterapeuta geral<br \/>\n03 m\u00e9dicos cl\u00ednicos[\/vc_column_text][\/vc_column][vc_column width=&#8221;1\/3&#8243;][vc_column_text]01 m\u00e9dico geriatra<br \/>\n02 m\u00e9dicos ginecologista e obstetra<br \/>\n02 m\u00e9dicos pediatra<br \/>\n01 nutricionista<br \/>\n01 psic\u00f3logo clinico<br \/>\nEquipe de auxilia\/t\u00e9cnico de sa\u00fade bucal Estrat\u00e9gia Sa\u00fade da Fam\u00edlia[\/vc_column_text][\/vc_column][vc_column width=&#8221;1\/3&#8243;][vc_column_text]Equipe de auxiliar de enfermagem<br \/>\nEquipe de auxiliar administrativo<br \/>\n01 Gerente<br \/>\n01 Assistente Administrativo[\/vc_column_text][\/vc_column][\/vc_row][vc_row][vc_column][vc_text_separator title=&#8221;Caracter\u00edsticas Relevantes da Regi\u00e3o&#8221; color=&#8221;custom&#8221; border_width=&#8221;3&#8243; accent_color=&#8221;#006527&#8243; css=&#8221;.vc_custom_1602615535668{margin-top: 25px !important;}&#8221;][vc_column_text]<\/p>\n<p style=\"text-align: center;\">Popula\u00e7\u00e3o \u00e1rea abrang\u00eancia Unidade: 40.784<br \/>\nPopula\u00e7\u00e3o da Subprefeitura de Santo Amaro 243.178<br \/>\nPopula\u00e7\u00e3o do Distrito Administrativo de Campo Grande 104.742<br \/>\nIDH (\u00cdndice de Desenvolvimento Humano) 0,921<br \/>\nFonte: Estimativa da Funda\u00e7\u00e3o SEADE (Per\u00edodo 2016)<\/p>\n<p>[\/vc_column_text][vc_text_separator title=&#8221;Reuni\u00f5es do Conselho&#8221; color=&#8221;custom&#8221; border_width=&#8221;3&#8243; accent_color=&#8221;#006527&#8243; css=&#8221;.vc_custom_1602933678971{margin-top: 25px !important;}&#8221;][vc_column_text]<\/p>\n<p style=\"text-align: center;\">As reuni\u00f5es de conselho gestor acontecem mensalmente. Participam deste encontro, os conselheiros gestores eleitos.<\/p>\n<p style=\"text-align: center;\">No entanto, qualquer cidad\u00e3o frequentador da unidade, pode participar como convidado.<\/p>\n<p style=\"text-align: center;\">Segue cronograma anual das reuni\u00f5es, para conhecimento e divulga\u00e7\u00e3o junto \u00e0 comunidade:<\/p>\n<p>[\/vc_column_text][vc_single_image image=&#8221;7513&#8243; img_size=&#8221;600&#215;400&#8243; alignment=&#8221;center&#8221; css_animation=&#8221;bounceIn&#8221;][vc_text_separator title=&#8221;Localiza\u00e7\u00e3o&#8221; color=&#8221;custom&#8221; border_width=&#8221;3&#8243; accent_color=&#8221;#006527&#8243; css=&#8221;.vc_custom_1602618514168{margin-top: 50px !important;margin-bottom: 50px !important;}&#8221;][\/vc_column][\/vc_row][vc_row][vc_column width=&#8221;2\/3&#8243;][vc_gmaps link=&#8221;#E-8_JTNDaWZyYW1lJTIwc3JjJTNEJTIyaHR0cHMlM0ElMkYlMkZ3d3cuZ29vZ2xlLmNvbSUyRm1hcHMlMkZlbWJlZCUzRnBiJTNEJTIxMW0xNCUyMTFtOCUyMTFtMyUyMTFkNzMwNy43NDAwMzA4ODgzMzUlMjEyZC00Ni42ODY0OTgwMDAwMDAwMSUyMTNkLTIzLjY4MDYwNiUyMTNtMiUyMTFpMTAyNCUyMTJpNzY4JTIxNGYxMy4xJTIxM20zJTIxMW0yJTIxMXMweDAlMjUzQTB4MjgwMDMyMzY5OWIwMThmNyUyMTJzVUJTJTI1MjBWSUxBJTI1MjBBUlJJRVRFJTI1MjAtJTI1MjBEJTI1QzMlMjU4OUNJTyUyNTIwUEFDSEVDTyUyNTIwUEVEUk9TTyUyMTVlMCUyMTNtMiUyMTFzcHQtQlIlMjEyc2JyJTIxNHYxNjAyNzA3ODA4NTQ0JTIxNW0yJTIxMXNwdC1CUiUyMTJzYnIlMjIlMjB3aWR0aCUzRCUyMjYwMCUyMiUyMGhlaWdodCUzRCUyMjQ1MCUyMiUyMGZyYW1lYm9yZGVyJTNEJTIyMCUyMiUyMHN0eWxlJTNEJTIyYm9yZGVyJTNBMCUzQiUyMiUyMGFsbG93ZnVsbHNjcmVlbiUzRCUyMiUyMiUyMGFyaWEtaGlkZGVuJTNEJTIyZmFsc2UlMjIlMjB0YWJpbmRleCUzRCUyMjAlMjIlM0UlM0MlMkZpZnJhbWUlM0U=&#8221; size=&#8221;450&#8243; css_animation=&#8221;fadeInRight&#8221;][\/vc_column][vc_column css_animation=&#8221;fadeInRight&#8221; width=&#8221;1\/3&#8243;][vc_column_text]<strong>UBS TRADIONAL Vila Arriete &#8211; Dr. Decio Pacheco Pedroso\u00a0<\/strong>[\/vc_column_text][vc_column_text]<strong>DR. DECIO PACHECO PEDROSO<\/strong>[\/vc_column_text][vc_column_text]<strong>CNES: 2788748<\/strong>[\/vc_column_text][vc_column_text]<strong>Endere\u00e7o:<\/strong><br \/>\nRua Julieta de Ara\u00fajo Almeida, 44<br \/>\nCEP: 04445-040<\/p>\n<p><strong>Telefone:<\/strong><br \/>\n11 5237-7115 | 11 5237-7116 | 11 5237-7131[\/vc_column_text][vc_column_text]<strong>Hor\u00e1rio de Atendimento:<\/strong><br \/>\nDe 2\u00aa a 6\u00aa feira, das 7:00 \u00e0s 17:00 horas[\/vc_column_text][\/vc_column][\/vc_row]<\/p>\n","protected":false},"excerpt":{"rendered":"<p>[vc_row][vc_column][vc_column_text]Um dos modelos de aten\u00e7\u00e3o b\u00e1sica implantado no munic\u00edpio de S\u00e3o Paulo, caracteriza-se por ser uma das principais portas de entrada do sistema de sa\u00fade, tendo como alicerce, a descentraliza\u00e7\u00e3o, a intersetorialidade, a equidade e a prioriza\u00e7\u00e3o de grupos populacionais com maior risco de adoecer. As atividades realizadas buscam a promo\u00e7\u00e3o, a preven\u00e7\u00e3o, a recupera\u00e7\u00e3o, [&hellip;]<\/p>\n","protected":false},"author":3,"featured_media":0,"parent":4616,"menu_order":0,"comment_status":"closed","ping_status":"closed","template":"ubs.php","meta":{"footnotes":""},"class_list":["post-4580","page","type-page","status-publish","hentry"],"_links":{"self":[{"href":"https:\/\/intsregiaosaca.org.br\/ints\/wp-admin\/wp-json\/wp\/v2\/pages\/4580","targetHints":{"allow":["GET"]}}],"collection":[{"href":"https:\/\/intsregiaosaca.org.br\/ints\/wp-admin\/wp-json\/wp\/v2\/pages"}],"about":[{"href":"https:\/\/intsregiaosaca.org.br\/ints\/wp-admin\/wp-json\/wp\/v2\/types\/page"}],"author":[{"embeddable":true,"href":"https:\/\/intsregiaosaca.org.br\/ints\/wp-admin\/wp-json\/wp\/v2\/users\/3"}],"replies":[{"embeddable":true,"href":"https:\/\/intsregiaosaca.org.br\/ints\/wp-admin\/wp-json\/wp\/v2\/comments?post=4580"}],"version-history":[{"count":9,"href":"https:\/\/intsregiaosaca.org.br\/ints\/wp-admin\/wp-json\/wp\/v2\/pages\/4580\/revisions"}],"predecessor-version":[{"id":10429,"href":"https:\/\/intsregiaosaca.org.br\/ints\/wp-admin\/wp-json\/wp\/v2\/pages\/4580\/revisions\/10429"}],"up":[{"embeddable":true,"href":"https:\/\/intsregiaosaca.org.br\/ints\/wp-admin\/wp-json\/wp\/v2\/pages\/4616"}],"wp:attachment":[{"href":"https:\/\/intsregiaosaca.org.br\/ints\/wp-admin\/wp-json\/wp\/v2\/media?parent=4580"}],"curies":[{"name":"wp","href":"https:\/\/api.w.org\/{rel}","templated":true}]}}