{"id":4543,"date":"2020-10-14T16:04:08","date_gmt":"2020-10-14T19:04:08","guid":{"rendered":"http:\/ossantacatarina.org.br\/?page_id=4543"},"modified":"2025-01-27T09:10:53","modified_gmt":"2025-01-27T12:10:53","slug":"ubs-jardim-miriam-ii","status":"publish","type":"page","link":"https:\/\/intsregiaosaca.org.br\/ints\/wp-admin\/atencao-primaria\/ubs-unidade-basica-de-saude\/ubs-jardim-miriam-ii\/","title":{"rendered":"Jardim Miriam II"},"content":{"rendered":"<p>[vc_row][vc_column][vc_column_text]Um dos modelos de aten\u00e7\u00e3o b\u00e1sica implantado no munic\u00edpio de S\u00e3o Paulo, caracteriza-se por ser uma das principais portas de entrada do sistema de sa\u00fade, tendo como alicerce, a descentraliza\u00e7\u00e3o, a intersetorialidade, a equidade e a prioriza\u00e7\u00e3o de grupos populacionais com maior risco de adoecer.<\/p>\n<p>As atividades realizadas buscam a promo\u00e7\u00e3o, a preven\u00e7\u00e3o, a recupera\u00e7\u00e3o, a reabilita\u00e7\u00e3o de doen\u00e7as e agravos mais frequentes, bem como a manuten\u00e7\u00e3o da sa\u00fade da popula\u00e7\u00e3o assistida.<\/p>\n<p>Quanto ao modelo de vigil\u00e2ncia \u00e0 sa\u00fade, podemos afirmar que a mesma se d\u00e1 atrav\u00e9s de metodologia baseada em estrat\u00e9gias pontuais (vigil\u00e2ncia epidemiol\u00f3gica, gest\u00e3o de casos complexos, acompanhamento do pr\u00e9-natal, entre outras) e busca de assist\u00eancia pelo usu\u00e1rio.[\/vc_column_text][vc_text_separator title=&#8221;Caracteriza\u00e7\u00e3o&#8221; title_align=&#8221;separator_align_left&#8221; color=&#8221;custom&#8221; border_width=&#8221;3&#8243; accent_color=&#8221;#006527&#8243;][vc_column_text]Unidade sob gerenciamento e execu\u00e7\u00e3o de a\u00e7\u00f5es e servi\u00e7os de sa\u00fade pelo INTS \u2013 Instituto Nacional de Tecnologia e Sa\u00fade.<\/p>\n<p>A Unidade se caracteriza por servi\u00e7o de atendimento de consultas eletivas e de demanda espont\u00e2nea. Realizamos os procedimentos de baixa complexidade como: vacina\u00e7\u00e3o, coleta de exames laboratoriais, curativos, administra\u00e7\u00e3o de medica\u00e7\u00e3o, aferi\u00e7\u00e3o de sinais vitais, dispensa\u00e7\u00e3o de medicamentos. Todavia, contamos com uma sala de emerg\u00eancia equipada para os atendimentos que se fizerem necess\u00e1ria.<\/p>\n<p>Contamos com uma equipe multiprofissional que atua como suporte \u00e0s equipes de estrat\u00e9gia sa\u00fade da fam\u00edlia, com os seguintes profissionais: pediatra, ginecologista, geriatra, psiquiatra, fonoaudi\u00f3loga, nutricionista, educador f\u00edsico, terapeuta ocupacional, psic\u00f3loga e assistente social. Equipe de sa\u00fade bucal e farm\u00e1cia.<\/p>\n<p>Contamos com academia da sa\u00fade e programa QVT (qualidade de vida no trabalho). Temos um m\u00e9dico generalista do programa Mais M\u00e9dico e temos programa de residente: no momento contamos com uma residente de sa\u00fade p\u00fablica e dois residentes de psiquiatria.[\/vc_column_text][\/vc_column][\/vc_row][vc_row][vc_column][vc_text_separator title=&#8221;Aqui voc\u00ea encontra:&#8221; color=&#8221;custom&#8221; border_width=&#8221;3&#8243; accent_color=&#8221;#006527&#8243; css=&#8221;.vc_custom_1602615544044{margin-top: 25px !important;}&#8221;][\/vc_column][\/vc_row][vc_row][vc_column width=&#8221;1\/3&#8243;][vc_column_text]40 agentes comunit\u00e1rios de sa\u00fade<br \/>\n03 assistentes sociais<br \/>\n03 cirurgi\u00f5es-dentistas clinico geral<br \/>\n12 cuidadores de idosos<br \/>\n12 enfermeiros<br \/>\n02 farmac\u00eauticos[\/vc_column_text][\/vc_column][vc_column width=&#8221;1\/3&#8243;][vc_column_text]01 fonoaudi\u00f3logo<\/p>\n<p>06 m\u00e9dicos generalistas<br \/>\n01 nutricionista<br \/>\n01 profissional de educa\u00e7\u00e3o f\u00edsica na sa\u00fade<br \/>\n02 psic\u00f3logos clinico<br \/>\n02 t\u00e9cnicos em salde bucal[\/vc_column_text][\/vc_column][vc_column width=&#8221;1\/3&#8243;][vc_column_text]01 terapeuta ocupacional<br \/>\nEquipe de auxilia\/t\u00e9cnico de sa\u00fade bucal Estrat\u00e9gia Sa\u00fade da Fam\u00edlia<br \/>\nEquipe de auxiliar de enfermagem<br \/>\nEquipe de auxiliar administrativo<br \/>\n01 Gerente<br \/>\n01 Assistente Administrativo[\/vc_column_text][\/vc_column][\/vc_row][vc_row][vc_column][vc_text_separator title=&#8221;Caracter\u00edsticas Relevantes da Regi\u00e3o&#8221; color=&#8221;custom&#8221; border_width=&#8221;3&#8243; accent_color=&#8221;#006527&#8243; css=&#8221;.vc_custom_1602615535668{margin-top: 25px !important;}&#8221;][vc_column_text]<\/p>\n<p style=\"text-align: center;\">Popula\u00e7\u00e3o \u00e1rea abrang\u00eancia Unidade: 29.162 pessoas cadastradas<br \/>\nPopula\u00e7\u00e3o da Subprefeitura de Cidade Ademar 433.234<br \/>\nPopula\u00e7\u00e3o do Distrito Administrativo de Cidade Ademar 278.784<br \/>\nIDH (\u00cdndice de Desenvolvimento Humano) 0,800<br \/>\nFonte: Estimativa da Funda\u00e7\u00e3o SEADE (Per\u00edodo 2016)<\/p>\n<p>[\/vc_column_text][vc_text_separator title=&#8221;Reuni\u00f5es do Conselho&#8221; color=&#8221;custom&#8221; border_width=&#8221;3&#8243; accent_color=&#8221;#006527&#8243; css=&#8221;.vc_custom_1602933512637{margin-top: 25px !important;}&#8221;][vc_column_text]<\/p>\n<p style=\"text-align: center;\">As reuni\u00f5es de conselho gestor acontecem mensalmente. Participam deste encontro, os conselheiros gestores eleitos.<\/p>\n<p style=\"text-align: center;\">No entanto, qualquer cidad\u00e3o frequentador da unidade, pode participar como convidado.<\/p>\n<p style=\"text-align: center;\">Segue cronograma anual das reuni\u00f5es, para conhecimento e divulga\u00e7\u00e3o junto \u00e0 comunidade:<\/p>\n<p>[\/vc_column_text][vc_single_image image=&#8221;7575&#8243; img_size=&#8221;600&#215;400&#8243; alignment=&#8221;center&#8221; css_animation=&#8221;bounceIn&#8221;][vc_text_separator title=&#8221;Localiza\u00e7\u00e3o&#8221; color=&#8221;custom&#8221; border_width=&#8221;3&#8243; accent_color=&#8221;#006527&#8243; css=&#8221;.vc_custom_1602618514168{margin-top: 50px !important;margin-bottom: 50px !important;}&#8221;][\/vc_column][\/vc_row][vc_row][vc_column width=&#8221;2\/3&#8243;][vc_gmaps link=&#8221;#E-8_JTNDaWZyYW1lJTIwc3JjJTNEJTIyaHR0cHMlM0ElMkYlMkZ3d3cuZ29vZ2xlLmNvbSUyRm1hcHMlMkZlbWJlZCUzRnBiJTNEJTIxMW0xNCUyMTFtOCUyMTFtMyUyMTFkNzMwNy44MjgyOTU4NzA0OTclMjEyZC00Ni42NDAwOTgwMDAwMDAwMSUyMTNkLTIzLjY3OTAyOCUyMTNtMiUyMTFpMTAyNCUyMTJpNzY4JTIxNGYxMy4xJTIxM20zJTIxMW0yJTIxMXMweDAlMjUzQTB4MTNlMWI1N2I0ZTk2Njc4OCUyMTJzVUJTJTI1MjBKYXJkaW0lMjUyME1pcmlhbSUyNTIwSUklMjE1ZTAlMjEzbTIlMjExc3B0LUJSJTIxMnNiciUyMTR2MTYwMjcwMjIzNDU0OCUyMTVtMiUyMTFzcHQtQlIlMjEyc2JyJTIyJTIwd2lkdGglM0QlMjI2MDAlMjIlMjBoZWlnaHQlM0QlMjI0NTAlMjIlMjBmcmFtZWJvcmRlciUzRCUyMjAlMjIlMjBzdHlsZSUzRCUyMmJvcmRlciUzQTAlM0IlMjIlMjBhbGxvd2Z1bGxzY3JlZW4lM0QlMjIlMjIlMjBhcmlhLWhpZGRlbiUzRCUyMmZhbHNlJTIyJTIwdGFiaW5kZXglM0QlMjIwJTIyJTNFJTNDJTJGaWZyYW1lJTNF&#8221; size=&#8221;450&#8243; css_animation=&#8221;fadeInRight&#8221;][\/vc_column][vc_column css_animation=&#8221;fadeInRight&#8221; width=&#8221;1\/3&#8243;][vc_column_text]<strong>UBS\/ESF &#8211; Jardim Miriam II<\/strong>[\/vc_column_text][vc_column_text]<strong>CNES: 7128940<\/strong>[\/vc_column_text][vc_column_text]<strong>Endere\u00e7o:<\/strong><br \/>\nAvenida Cupec\u00ea, 5185 &#8211; Jardim Miriam<br \/>\nCEP: 04365-001<\/p>\n<p><strong>Telefones:<\/strong><br \/>\n11 5237-6935 | 11 5237-6936 | 11 5237-6938[\/vc_column_text][vc_column_text]<strong>Hor\u00e1rio de Atendimento:<\/strong><br \/>\nDe 2\u00aa a 6\u00aa feira, das 7:00 \u00e0s 19:00 horas[\/vc_column_text][\/vc_column][\/vc_row]<\/p>\n","protected":false},"excerpt":{"rendered":"<p>[vc_row][vc_column][vc_column_text]Um dos modelos de aten\u00e7\u00e3o b\u00e1sica implantado no munic\u00edpio de S\u00e3o Paulo, caracteriza-se por ser uma das principais portas de entrada do sistema de sa\u00fade, tendo como alicerce, a descentraliza\u00e7\u00e3o, a intersetorialidade, a equidade e a prioriza\u00e7\u00e3o de grupos populacionais com maior risco de adoecer. As atividades realizadas buscam a promo\u00e7\u00e3o, a preven\u00e7\u00e3o, a recupera\u00e7\u00e3o, [&hellip;]<\/p>\n","protected":false},"author":3,"featured_media":0,"parent":4616,"menu_order":0,"comment_status":"closed","ping_status":"closed","template":"UBS_ESF.php","meta":{"footnotes":""},"class_list":["post-4543","page","type-page","status-publish","hentry"],"_links":{"self":[{"href":"https:\/\/intsregiaosaca.org.br\/ints\/wp-admin\/wp-json\/wp\/v2\/pages\/4543","targetHints":{"allow":["GET"]}}],"collection":[{"href":"https:\/\/intsregiaosaca.org.br\/ints\/wp-admin\/wp-json\/wp\/v2\/pages"}],"about":[{"href":"https:\/\/intsregiaosaca.org.br\/ints\/wp-admin\/wp-json\/wp\/v2\/types\/page"}],"author":[{"embeddable":true,"href":"https:\/\/intsregiaosaca.org.br\/ints\/wp-admin\/wp-json\/wp\/v2\/users\/3"}],"replies":[{"embeddable":true,"href":"https:\/\/intsregiaosaca.org.br\/ints\/wp-admin\/wp-json\/wp\/v2\/comments?post=4543"}],"version-history":[{"count":12,"href":"https:\/\/intsregiaosaca.org.br\/ints\/wp-admin\/wp-json\/wp\/v2\/pages\/4543\/revisions"}],"predecessor-version":[{"id":10460,"href":"https:\/\/intsregiaosaca.org.br\/ints\/wp-admin\/wp-json\/wp\/v2\/pages\/4543\/revisions\/10460"}],"up":[{"embeddable":true,"href":"https:\/\/intsregiaosaca.org.br\/ints\/wp-admin\/wp-json\/wp\/v2\/pages\/4616"}],"wp:attachment":[{"href":"https:\/\/intsregiaosaca.org.br\/ints\/wp-admin\/wp-json\/wp\/v2\/media?parent=4543"}],"curies":[{"name":"wp","href":"https:\/\/api.w.org\/{rel}","templated":true}]}}