{"id":4528,"date":"2020-10-14T15:39:30","date_gmt":"2020-10-14T18:39:30","guid":{"rendered":"http:\/ossantacatarina.org.br\/?page_id=4528"},"modified":"2025-01-27T09:25:30","modified_gmt":"2025-01-27T12:25:30","slug":"ubs-santo-amaro","status":"publish","type":"page","link":"https:\/\/intsregiaosaca.org.br\/ints\/wp-admin\/atencao-primaria\/ubs-unidade-basica-de-saude\/ubs-santo-amaro\/","title":{"rendered":"Santo Amaro<BR>Dr. S\u00e9rgio Villa\u00e7a Braga"},"content":{"rendered":"<p>[vc_row][vc_column][vc_column_text]Um dos modelos de aten\u00e7\u00e3o b\u00e1sica implantado no munic\u00edpio de S\u00e3o Paulo, caracteriza-se por ser uma das principais portas de entrada do sistema de sa\u00fade, tendo como alicerce, a descentraliza\u00e7\u00e3o, a intersetorialidade, a equidade e a prioriza\u00e7\u00e3o de grupos populacionais com maior risco de adoecer.<\/p>\n<p>As atividades realizadas buscam a promo\u00e7\u00e3o, a preven\u00e7\u00e3o, a recupera\u00e7\u00e3o, a reabilita\u00e7\u00e3o de doen\u00e7as e agravos mais frequentes, bem como a manuten\u00e7\u00e3o da sa\u00fade da popula\u00e7\u00e3o assistida. Em rela\u00e7\u00e3o \u00e0 composi\u00e7\u00e3o da equipe estes servi\u00e7os contam com m\u00e9dicos das cl\u00ednicas b\u00e1sicas (cl\u00ednico geral, pediatra e ginecologista), equipe de enfermagem e de sa\u00fade bucal, todos desenvolvendo suas atividades individualmente a partir de planejamento estabelecido.<\/p>\n<p>Quanto ao modelo de vigil\u00e2ncia \u00e0 sa\u00fade, podemos afirmar que a mesma se d\u00e1 atrav\u00e9s de metodologia baseada em estrat\u00e9gias pontuais (vigil\u00e2ncia epidemiol\u00f3gica, gest\u00e3o de casos complexos, acompanhamento do pr\u00e9-natal, entre outras) e busca de assist\u00eancia pelo usu\u00e1rio.[\/vc_column_text][vc_text_separator title=&#8221;Caracter\u00edsticas Populacionais&#8221; title_align=&#8221;separator_align_left&#8221; color=&#8221;custom&#8221; border_width=&#8221;3&#8243; accent_color=&#8221;#006527&#8243;][\/vc_column][\/vc_row][vc_row content_placement=&#8221;middle&#8221;][vc_column][vc_round_chart type=&#8221;doughnut&#8221; style=&#8221;modern&#8221; stroke_width=&#8221;2&#8243; tooltips=&#8221;&#8221; values=&#8221;%5B%7B%22title%22%3A%22Homens%20e%20Mulheres%22%2C%22value%22%3A%2287%2C19%25%22%2C%22color%22%3A%22green%22%7D%2C%7B%22title%22%3A%22Idosos%22%2C%22value%22%3A%2223%2C59%25%22%2C%22color%22%3A%22orange%22%7D%2C%7B%22title%22%3A%22Crian%C3%A7as%20e%20Adolescentes%22%2C%22value%22%3A%2214%2C28%25%22%2C%22color%22%3A%22juicy-pink%22%7D%2C%7B%22title%22%3A%22Dependentes%20do%20SUS%20%22%2C%22value%22%3A%2237%2C4%25%22%2C%22color%22%3A%22peacoc%22%7D%5D&#8221; animation=&#8221;easeOutBounce&#8221;][\/vc_column][\/vc_row][vc_row][vc_column][vc_column_text]<\/p>\n<p style=\"text-align: center;\">\u00cdndice de Desenvolvimento Humano (IDH): 0,800<\/p>\n<p>[\/vc_column_text][vc_text_separator title=&#8221;Aqui voc\u00ea encontra:&#8221; color=&#8221;custom&#8221; border_width=&#8221;3&#8243; accent_color=&#8221;#006527&#8243; css=&#8221;.vc_custom_1602615544044{margin-top: 25px !important;}&#8221;][vc_row_inner][vc_column_inner width=&#8221;1\/3&#8243;][vc_column_text]01 Assistente Administrativo<strong><br \/>\n<\/strong>03 Auxiliar de Sa\u00fade Bucal<strong><br \/>\n<\/strong>14 Auxiliar Administrativo<strong><br \/>\n<\/strong>12 Auxiliar de Enfermagem[\/vc_column_text][\/vc_column_inner][vc_column_inner width=&#8221;1\/3&#8243;][vc_column_text]03 T\u00e9cnico de Farm\u00e1cia<strong><br \/>\n<\/strong>04 Cirurgi\u00e3o Dentista<strong><br \/>\n<\/strong>02 Enfermeiro<strong><br \/>\n<\/strong>01 Gerente[\/vc_column_text][\/vc_column_inner][vc_column_inner width=&#8221;1\/3&#8243;][vc_column_text]03 M\u00e9dico Cl\u00ednico<strong><br \/>\n<\/strong>02 M\u00e9dico GO<strong><br \/>\n<\/strong>01 M\u00e9dico Pediatra[\/vc_column_text][\/vc_column_inner][\/vc_row_inner][\/vc_column][\/vc_row][vc_row][vc_column width=&#8221;1\/2&#8243;][vc_text_separator title=&#8221;Programas Atendidos:&#8221; color=&#8221;custom&#8221; border_width=&#8221;3&#8243; accent_color=&#8221;#006527&#8243; css=&#8221;.vc_custom_1602699351810{margin-top: 25px !important;}&#8221;][vc_column_text]M\u00e3e Paulistana<br \/>\nOxig\u00eanio Terapia Domiciliar<br \/>\nAuto Monitoramento Glic\u00eamico \/ AMG<br \/>\nPrograma de Sa\u00fade na Escola (PSE)<br \/>\nPr\u00e1ticas Integrativas em Sa\u00fade (Liang-Gong e dan\u00e7a circular)<br \/>\nGrupos Educativos<br \/>\nN\u00facleo de Preven\u00e7\u00e3o \u00e0 Viol\u00eancia[\/vc_column_text][\/vc_column][vc_column width=&#8221;1\/2&#8243;][vc_text_separator title=&#8221;Capacidade Mensal:&#8221; color=&#8221;custom&#8221; border_width=&#8221;3&#8243; accent_color=&#8221;#006527&#8243; css=&#8221;.vc_custom_1602699639625{margin-top: 25px !important;}&#8221;][vc_column_text]282 consultas em cl\u00ednica geral;<br \/>\n327 consultas m\u00e9dicas em ginecologia;<br \/>\n88 consultas m\u00e9dicas em pediatria<br \/>\n210 consultas em geriaria;<br \/>\n46 consultas em psicologia;<br \/>\n124 atendimentos odontol\u00f3gicos<br \/>\n436 procedimentos odontol\u00f3gicos<br \/>\n1894 procedimentos de enfermagem[\/vc_column_text][\/vc_column][\/vc_row][vc_row][vc_column][vc_text_separator title=&#8221;Estrutura F\u00edsica&#8221; color=&#8221;custom&#8221; border_width=&#8221;3&#8243; accent_color=&#8221;#006527&#8243; css=&#8221;.vc_custom_1602699833836{margin-top: 50px !important;margin-bottom: 50px !important;}&#8221;][vc_column_text]<\/p>\n<p style=\"text-align: center;\">Nossa estrutura esta composta por 32 salas, sendo:<\/p>\n<p>[\/vc_column_text][vc_row_inner][vc_column_inner width=&#8221;1\/4&#8243;][vc_column_text]1 recep\u00e7\u00e3o<br \/>\n2 sala de esperas<br \/>\n4 consult\u00f3rios m\u00e9dicos<br \/>\n1 sala SUVIS<br \/>\n1 sala de enfermagem<br \/>\n1 sala de administra\u00e7\u00e3o<br \/>\n1 sala de dire\u00e7\u00e3o[\/vc_column_text][\/vc_column_inner][vc_column_inner width=&#8221;1\/4&#8243;][vc_column_text]1 consult\u00f3rios odontol\u00f3gicos com 4 equipos<br \/>\n1 sala de medica\u00e7\u00e3o e observa\u00e7\u00e3o (1 leito)<br \/>\n1 sala de vacina<br \/>\n1 sala de coleta e curativo<br \/>\n1 sala de nebuliza\u00e7\u00e3o<br \/>\n1 sala de dispensa\u00e7\u00e3o de medicamentos<br \/>\n1 sala de expurgo[\/vc_column_text][\/vc_column_inner][vc_column_inner width=&#8221;1\/4&#8243;][vc_column_text]1 sala de AutoClave<br \/>\n1 sala de agendamentos de especialidades<br \/>\n1 sala da limpeza<br \/>\n1 almoxarifado geral<br \/>\n1 almoxarifado de medicamentos<br \/>\n1 banheiro para pessoas com necessidades especiais<br \/>\n1 banheiro para usu\u00e1rios no piso t\u00e9rreo[\/vc_column_text][\/vc_column_inner][vc_column_inner width=&#8221;1\/4&#8243;][vc_column_text]1 lavabos para funcion\u00e1rios no piso t\u00e9rreo<br \/>\n1 lavabo para funcion\u00e1rios no 1\u00ba piso<br \/>\n1 lavabo para funcion\u00e1rios no 2\u00ba piso<br \/>\n1 copa\/cozinha<br \/>\n1 sala para BOMPAR (Consult\u00f3rio na Rua)[\/vc_column_text][\/vc_column_inner][\/vc_row_inner][\/vc_column][\/vc_row][vc_row][vc_column][vc_text_separator title=&#8221;REUNI\u00d5ES DO CONSELHO&#8221; color=&#8221;custom&#8221; border_width=&#8221;3&#8243; accent_color=&#8221;#006527&#8243; css=&#8221;.vc_custom_1660843572016{margin-top: 50px !important;margin-bottom: 50px !important;}&#8221;][vc_column_text]<\/p>\n<p style=\"text-align: center;\">As reuni\u00f5es de conselho gestor acontecem mensalmente. Participam deste encontro, os conselheiros gestores eleitos.<\/p>\n<p style=\"text-align: center;\">No entanto, qualquer cidad\u00e3o frequentador da unidade, pode participar como convidado.<\/p>\n<p style=\"text-align: center;\">Segue cronograma anual das reuni\u00f5es, para conhecimento e divulga\u00e7\u00e3o junto \u00e0 comunidade:<\/p>\n<p>[\/vc_column_text][vc_single_image image=&#8221;7573&#8243; img_size=&#8221;600&#215;400&#8243; alignment=&#8221;center&#8221; css_animation=&#8221;bounceIn&#8221;][\/vc_column][\/vc_row][vc_row][vc_column][vc_text_separator title=&#8221;Localiza\u00e7\u00e3o&#8221; color=&#8221;custom&#8221; border_width=&#8221;3&#8243; accent_color=&#8221;#006527&#8243; css=&#8221;.vc_custom_1602618514168{margin-top: 50px !important;margin-bottom: 50px !important;}&#8221;][\/vc_column][\/vc_row][vc_row][vc_column width=&#8221;2\/3&#8243;][vc_gmaps link=&#8221;#E-8_JTNDaWZyYW1lJTIwc3JjJTNEJTIyaHR0cHMlM0ElMkYlMkZ3d3cuZ29vZ2xlLmNvbSUyRm1hcHMlMkZlbWJlZCUzRnBiJTNEJTIxMW0xNCUyMTFtOCUyMTFtMyUyMTFkNzMwOS41ODQ2NjY0MjU3OTQlMjEyZC00Ni43MDE2OTklMjEzZC0yMy42NDc2MDclMjEzbTIlMjExaTEwMjQlMjEyaTc2OCUyMTRmMTMuMSUyMTNtMyUyMTFtMiUyMTFzMHgwJTI1M0EweGQxMTQxZGIyODg0MTAwYiUyMTJzVUJTJTI1MjAtJTI1MjBTYW50byUyNTIwQW1hcm8lMjE1ZTAlMjEzbTIlMjExc3B0LUJSJTIxMnNiciUyMTR2MTYwMjcwMTIxNzYwOCUyMTVtMiUyMTFzcHQtQlIlMjEyc2JyJTIyJTIwd2lkdGglM0QlMjI2MDAlMjIlMjBoZWlnaHQlM0QlMjI0NTAlMjIlMjBmcmFtZWJvcmRlciUzRCUyMjAlMjIlMjBzdHlsZSUzRCUyMmJvcmRlciUzQTAlM0IlMjIlMjBhbGxvd2Z1bGxzY3JlZW4lM0QlMjIlMjIlMjBhcmlhLWhpZGRlbiUzRCUyMmZhbHNlJTIyJTIwdGFiaW5kZXglM0QlMjIwJTIyJTNFJTNDJTJGaWZyYW1lJTNF&#8221; size=&#8221;450&#8243; css_animation=&#8221;fadeInRight&#8221;][\/vc_column][vc_column css_animation=&#8221;fadeInRight&#8221; width=&#8221;1\/3&#8243;][vc_column_text]<strong>UBS TRADICIONAL Santo Amaro &#8211; Dr. S\u00e9rgio Villa\u00e7a Braga<\/strong>[\/vc_column_text][vc_column_text]Dr. S\u00e9rgio Villa\u00e7a Braga[\/vc_column_text][vc_column_text]<strong>CNES: 2788640<\/strong>[\/vc_column_text][vc_column_text css=&#8221;.vc_custom_1737980757426{margin-top: 25px !important;margin-bottom: 25px !important;}&#8221;]<strong>Endere\u00e7o:<\/strong><br \/>\nRua Conde de Itu, n\u00ba 359<br \/>\nCEP: 04741-000<\/p>\n<p><strong>Telefone:<\/strong><br \/>\n11 5237-7068 | 11 5237-7065 | 11 5237-7066[\/vc_column_text][vc_column_text]<strong>Hor\u00e1rio de Atendimento:<\/strong><br \/>\nDe 2\u00aa a 6\u00aa das 7:00hs \u00e0s 19:00hs[\/vc_column_text][\/vc_column][\/vc_row]<\/p>\n","protected":false},"excerpt":{"rendered":"<p>[vc_row][vc_column][vc_column_text]Um dos modelos de aten\u00e7\u00e3o b\u00e1sica implantado no munic\u00edpio de S\u00e3o Paulo, caracteriza-se por ser uma das principais portas de entrada do sistema de sa\u00fade, tendo como alicerce, a descentraliza\u00e7\u00e3o, a intersetorialidade, a equidade e a prioriza\u00e7\u00e3o de grupos populacionais com maior risco de adoecer. As atividades realizadas buscam a promo\u00e7\u00e3o, a preven\u00e7\u00e3o, a recupera\u00e7\u00e3o, [&hellip;]<\/p>\n","protected":false},"author":3,"featured_media":0,"parent":4616,"menu_order":0,"comment_status":"closed","ping_status":"closed","template":"ubs.php","meta":{"footnotes":""},"class_list":["post-4528","page","type-page","status-publish","hentry"],"_links":{"self":[{"href":"https:\/\/intsregiaosaca.org.br\/ints\/wp-admin\/wp-json\/wp\/v2\/pages\/4528","targetHints":{"allow":["GET"]}}],"collection":[{"href":"https:\/\/intsregiaosaca.org.br\/ints\/wp-admin\/wp-json\/wp\/v2\/pages"}],"about":[{"href":"https:\/\/intsregiaosaca.org.br\/ints\/wp-admin\/wp-json\/wp\/v2\/types\/page"}],"author":[{"embeddable":true,"href":"https:\/\/intsregiaosaca.org.br\/ints\/wp-admin\/wp-json\/wp\/v2\/users\/3"}],"replies":[{"embeddable":true,"href":"https:\/\/intsregiaosaca.org.br\/ints\/wp-admin\/wp-json\/wp\/v2\/comments?post=4528"}],"version-history":[{"count":14,"href":"https:\/\/intsregiaosaca.org.br\/ints\/wp-admin\/wp-json\/wp\/v2\/pages\/4528\/revisions"}],"predecessor-version":[{"id":10470,"href":"https:\/\/intsregiaosaca.org.br\/ints\/wp-admin\/wp-json\/wp\/v2\/pages\/4528\/revisions\/10470"}],"up":[{"embeddable":true,"href":"https:\/\/intsregiaosaca.org.br\/ints\/wp-admin\/wp-json\/wp\/v2\/pages\/4616"}],"wp:attachment":[{"href":"https:\/\/intsregiaosaca.org.br\/ints\/wp-admin\/wp-json\/wp\/v2\/media?parent=4528"}],"curies":[{"name":"wp","href":"https:\/\/api.w.org\/{rel}","templated":true}]}}