{"id":4437,"date":"2020-10-13T18:42:37","date_gmt":"2020-10-13T21:42:37","guid":{"rendered":"http:\/ossantacatarina.org.br\/?page_id=4437"},"modified":"2024-12-20T11:13:18","modified_gmt":"2024-12-20T14:13:18","slug":"upa-santo-amaro","status":"publish","type":"page","link":"https:\/\/intsregiaosaca.org.br\/ints\/wp-admin\/atencao-primaria\/unidade-de-pronto-atendimento\/upa-santo-amaro\/","title":{"rendered":"Santo Amaro<br>Dr. Jos\u00e9 Sylvio de Camargo"},"content":{"rendered":"<p>[vc_row][vc_column][vc_column_text]A Unidade de Pronto Atendimento (UPA 24h) faz parte da Rede de Aten\u00e7\u00e3o \u00e0s Urg\u00eancias. Seu objetivo \u00e9 concentrar os atendimentos de sa\u00fade de complexidade intermedi\u00e1ria, compondo uma rede organizada em conjunto com a Aten\u00e7\u00e3o B\u00e1sica e a Aten\u00e7\u00e3o Hospitalar. Desta forma, a popula\u00e7\u00e3o ter\u00e1 melhor atendimento \u00e0 sa\u00fade, com menor fila nos prontos-socorros de hospitais, al\u00e9m de aumentar a capacidade de atendimento do Sistema \u00danico de Sa\u00fade (SUS).<\/p>\n<p>A Unidade de Pronto Atendimento (UPA) Santo Amaro, anteriormente gerida pela OS-Santa Casa de Miseric\u00f3rdia de Santo Amaro, passou para o nosso Contrato de Gest\u00e3o a partir de mar\u00e7o de 2018. Destina-se ao atendimento ininterrupto em cl\u00ednica m\u00e9dica, pediatria, ortopedia e psiquiatria dos usu\u00e1rios com quadros agudos (urg\u00eancias e emerg\u00eancias), em todos os n\u00edveis de complexidade, de acordo com a classifica\u00e7\u00e3o do risco de morte. Oferece infraestrutura moderna, trazendo conforto para os usu\u00e1rios e condi\u00e7\u00f5es adequadas de trabalho.[\/vc_column_text][vc_text_separator title=&#8221;Caracteriza\u00e7\u00e3o&#8221; title_align=&#8221;separator_align_left&#8221; color=&#8221;custom&#8221; border_width=&#8221;3&#8243; accent_color=&#8221;#006527&#8243;][vc_column_text]A Unidade de Pronto Atendimento Santo Amaro \u2013 Dr. Jos\u00e9 Sylvio de Camargo, est\u00e1 sob o gerenciamento e execu\u00e7\u00e3o de a\u00e7\u00f5es e servi\u00e7os de sa\u00fade pelo INTS \u2013 Instituto Nacional de Tecnologia e Sa\u00fade. Em 05\/03\/2018, \u00e0s 7 horas, iniciou o atendimento em novo endere\u00e7o. Esta unidade \u00e9 refer\u00eancia para urg\u00eancias e emerg\u00eancias da Rede Assistencial de Sa\u00fade Santo Amaro\/Cidade Ademar. Al\u00e9m disto, \u00e9 refer\u00eancia para Urg\u00eancia e Emerg\u00eancia da Rede de Aten\u00e7\u00e3o Psicossocial (RAPS); e tamb\u00e9m, refer\u00eancia de vacina antirr\u00e1bica e de Profilaxia p\u00f3s-exposi\u00e7\u00e3o ao HIV (PEP) para a CRS-Sul. A Unidade est\u00e1 instalada em im\u00f3vel alugado de 4 andares.[\/vc_column_text][\/vc_column][\/vc_row][vc_row][vc_column][vc_text_separator title=&#8221;Aqui voc\u00ea encontra:&#8221; color=&#8221;custom&#8221; border_width=&#8221;3&#8243; accent_color=&#8221;#006527&#8243; css=&#8221;.vc_custom_1602615544044{margin-top: 25px !important;}&#8221;][\/vc_column][\/vc_row][vc_row][vc_column width=&#8221;1\/3&#8243;][vc_column_text]01 Gerente M\u00e9dico<br \/>\n01 Coordenador M\u00e9dico<br \/>\n04 M\u00e9dicos Cl\u00ednicos\/ plant\u00e3o diurno<br \/>\n02 M\u00e9dicos Cl\u00ednicos\/ plant\u00e3o noturno<br \/>\n02 M\u00e9dicos Ortopedistas 24 horas\/dia<br \/>\n02 M\u00e9dicos Pediatras 24 horas\/dia[\/vc_column_text][\/vc_column][vc_column width=&#8221;1\/3&#8243;][vc_column_text]02 M\u00e9dicos Psiquiatras 24 horas\/dia<br \/>\n01 Supervisor de Servi\u00e7o de Sa\u00fade<br \/>\nEquipe de Enfermagem 24 horas\/dia<br \/>\nT\u00e9cnico de Imobiliza\u00e7\u00e3o 24 horas\/dia02 Farmac\u00eauticos<br \/>\n09 Auxiliares de Farm\u00e1cia[\/vc_column_text][\/vc_column][vc_column width=&#8221;1\/3&#8243;][vc_column_text]03 Assistentes Sociais<br \/>\n01 Psic\u00f3logo<br \/>\n01 Assistente Administrativo<br \/>\n03 Assistentes de TI<br \/>\nL\u00edder de Atendimento, Equipe de Recep\u00e7\u00e3o e Orientador de P\u00fablico 24 horas\/dia[\/vc_column_text][\/vc_column][\/vc_row][vc_row][vc_column][vc_text_separator title=&#8221;Caracter\u00edsticas Relevantes da Regi\u00e3o&#8221; color=&#8221;custom&#8221; border_width=&#8221;3&#8243; accent_color=&#8221;#006527&#8243; css=&#8221;.vc_custom_1602615535668{margin-top: 25px !important;}&#8221;][vc_column_text]A Unidade est\u00e1 localizada no Distrito Administrativo de Santo Amaro, integrante da Rede Assistencial da Supervis\u00e3o T\u00e9cnica de Sa\u00fade Santo Amaro\/Cidade Ademar, regi\u00e3o esta que possu\u00ed um total de 680.183 habitantes. (Boletim CEINFO \u2013 Sa\u00fade em Dados, Munic\u00edpio de S\u00e3o Paulo Ano XVI, N\u00ba 16, Julho 2017).[\/vc_column_text][vc_text_separator title=&#8221;Reuni\u00f5es do Conselho&#8221; color=&#8221;custom&#8221; border_width=&#8221;3&#8243; accent_color=&#8221;#006527&#8243; css=&#8221;.vc_custom_1602933960445{margin-top: 25px !important;}&#8221;][vc_column_text]<\/p>\n<p style=\"text-align: center;\">As reuni\u00f5es de conselho gestor acontecem mensalmente. Participam deste encontro, os conselheiros gestores eleitos.<\/p>\n<p style=\"text-align: center;\">No entanto, qualquer cidad\u00e3o frequentador da unidade, pode participar como convidado.<\/p>\n<p style=\"text-align: center;\">Segue cronograma anual das reuni\u00f5es, para conhecimento e divulga\u00e7\u00e3o junto \u00e0 comunidade:<\/p>\n<p>[\/vc_column_text][vc_single_image image=&#8221;7544&#8243; img_size=&#8221;600&#215;400&#8243; alignment=&#8221;center&#8221; css_animation=&#8221;bounceIn&#8221;][vc_text_separator title=&#8221;Localiza\u00e7\u00e3o&#8221; color=&#8221;custom&#8221; border_width=&#8221;3&#8243; accent_color=&#8221;#006527&#8243; css=&#8221;.vc_custom_1602618514168{margin-top: 50px !important;margin-bottom: 50px !important;}&#8221;][\/vc_column][\/vc_row][vc_row][vc_column width=&#8221;2\/3&#8243;][vc_gmaps link=&#8221;#E-8_JTNDaWZyYW1lJTIwc3JjJTNEJTIyaHR0cHMlM0ElMkYlMkZ3d3cuZ29vZ2xlLmNvbSUyRm1hcHMlMkZlbWJlZCUzRnBiJTNEJTIxMW0xOCUyMTFtMTIlMjExbTMlMjExZDM2NTQuNjE5NDA3OTMwMzYxNCUyMTJkLTQ2LjcwMzY1NDU4NDY3MTc0JTIxM2QtMjMuNjUzNzk3Mjg0NjM3MDcyJTIxMm0zJTIxMWYwJTIxMmYwJTIxM2YwJTIxM20yJTIxMWkxMDI0JTIxMmk3NjglMjE0ZjEzLjElMjEzbTMlMjExbTIlMjExczB4OTRjZTUwNTBlOGEwMmRkMSUyNTNBMHg2ZjI5NTg5ZGZmNDY4N2FhJTIxMnNSLiUyNTIwQ2FybG9zJTI1MjBHb21lcyUyNTJDJTI1MjA2NjElMjUyMC0lMjUyMFNhbnRvJTI1MjBBbWFybyUyNTJDJTI1MjBTJTI1QzMlMjVBM28lMjUyMFBhdWxvJTI1MjAtJTI1MjBTUCUyNTJDJTI1MjAwNDc0My0wNTAlMjE1ZTAlMjEzbTIlMjExc3B0LUJSJTIxMnNiciUyMTR2MTYwMjYyNTI0MDAyMiUyMTVtMiUyMTFzcHQtQlIlMjEyc2JyJTIyJTIwd2lkdGglM0QlMjI2MDAlMjIlMjBoZWlnaHQlM0QlMjI0NTAlMjIlMjBmcmFtZWJvcmRlciUzRCUyMjAlMjIlMjBzdHlsZSUzRCUyMmJvcmRlciUzQTAlM0IlMjIlMjBhbGxvd2Z1bGxzY3JlZW4lM0QlMjIlMjIlMjBhcmlhLWhpZGRlbiUzRCUyMmZhbHNlJTIyJTIwdGFiaW5kZXglM0QlMjIwJTIyJTNFJTNDJTJGaWZyYW1lJTNF&#8221; size=&#8221;450&#8243; css_animation=&#8221;fadeInRight&#8221;][\/vc_column][vc_column css_animation=&#8221;fadeInRight&#8221; width=&#8221;1\/3&#8243;][vc_column_text]<strong>UPA Santo Amaro &#8211; Dr. Jos\u00e9 Sylvio de Camargo<\/strong>[\/vc_column_text][vc_column_text]<strong>DR. JOS\u00c9 SYLVIO DE CAMARGO <\/strong>[\/vc_column_text][vc_column_text]<strong>CNES: 2752107<\/strong>[\/vc_column_text][vc_column_text]<strong>Endere\u00e7o:<br \/>\n<\/strong>Rua Carlos Gomes, 661<br \/>\nCEP: 04743-050<\/p>\n<p><strong>Telefone:<\/strong><br \/>\n11 5237-7355 | 11 5237-7368 | 11 5237-7400[\/vc_column_text][vc_column_text]<strong>Hor\u00e1rio de Atendimento:<\/strong><\/p>\n<p>De domingo a domingo &#8211; 24 horas[\/vc_column_text][\/vc_column][\/vc_row]<\/p>\n","protected":false},"excerpt":{"rendered":"<p>[vc_row][vc_column][vc_column_text]A Unidade de Pronto Atendimento (UPA 24h) faz parte da Rede de Aten\u00e7\u00e3o \u00e0s Urg\u00eancias. Seu objetivo \u00e9 concentrar os atendimentos de sa\u00fade de complexidade intermedi\u00e1ria, compondo uma rede organizada em conjunto com a Aten\u00e7\u00e3o B\u00e1sica e a Aten\u00e7\u00e3o Hospitalar. Desta forma, a popula\u00e7\u00e3o ter\u00e1 melhor atendimento \u00e0 sa\u00fade, com menor fila nos prontos-socorros de [&hellip;]<\/p>\n","protected":false},"author":3,"featured_media":0,"parent":4619,"menu_order":0,"comment_status":"closed","ping_status":"closed","template":"placa3.php","meta":{"footnotes":""},"class_list":["post-4437","page","type-page","status-publish","hentry"],"_links":{"self":[{"href":"https:\/\/intsregiaosaca.org.br\/ints\/wp-admin\/wp-json\/wp\/v2\/pages\/4437","targetHints":{"allow":["GET"]}}],"collection":[{"href":"https:\/\/intsregiaosaca.org.br\/ints\/wp-admin\/wp-json\/wp\/v2\/pages"}],"about":[{"href":"https:\/\/intsregiaosaca.org.br\/ints\/wp-admin\/wp-json\/wp\/v2\/types\/page"}],"author":[{"embeddable":true,"href":"https:\/\/intsregiaosaca.org.br\/ints\/wp-admin\/wp-json\/wp\/v2\/users\/3"}],"replies":[{"embeddable":true,"href":"https:\/\/intsregiaosaca.org.br\/ints\/wp-admin\/wp-json\/wp\/v2\/comments?post=4437"}],"version-history":[{"count":10,"href":"https:\/\/intsregiaosaca.org.br\/ints\/wp-admin\/wp-json\/wp\/v2\/pages\/4437\/revisions"}],"predecessor-version":[{"id":10431,"href":"https:\/\/intsregiaosaca.org.br\/ints\/wp-admin\/wp-json\/wp\/v2\/pages\/4437\/revisions\/10431"}],"up":[{"embeddable":true,"href":"https:\/\/intsregiaosaca.org.br\/ints\/wp-admin\/wp-json\/wp\/v2\/pages\/4619"}],"wp:attachment":[{"href":"https:\/\/intsregiaosaca.org.br\/ints\/wp-admin\/wp-json\/wp\/v2\/media?parent=4437"}],"curies":[{"name":"wp","href":"https:\/\/api.w.org\/{rel}","templated":true}]}}