{"id":4426,"date":"2020-10-13T18:31:24","date_gmt":"2020-10-13T21:31:24","guid":{"rendered":"http:\/ossantacatarina.org.br\/?page_id=4426"},"modified":"2022-01-31T17:19:50","modified_gmt":"2022-01-31T20:19:50","slug":"atencao-primaria","status":"publish","type":"page","link":"https:\/\/intsregiaosaca.org.br\/ints\/wp-admin\/atencao-primaria\/","title":{"rendered":"Aten\u00e7\u00e3o Prim\u00e1ria"},"content":{"rendered":"<p>[vc_row][vc_column][vc_column_text]A Aten\u00e7\u00e3o Prim\u00e1ria caracteriza-se por um conjunto de a\u00e7\u00f5es de sa\u00fade, no \u00e2mbito individual e coletivo, que abrange a promo\u00e7\u00e3o e a prote\u00e7\u00e3o da sa\u00fade, a preven\u00e7\u00e3o de agravos, o diagn\u00f3stico, o tratamento, a reabilita\u00e7\u00e3o, a redu\u00e7\u00e3o de danos e a manuten\u00e7\u00e3o da sa\u00fade, com o objetivo de desenvolver uma aten\u00e7\u00e3o integral que impacte na situa\u00e7\u00e3o de sa\u00fade e autonomia das pessoas e nos determinantes e condicionantes de sa\u00fade das coletividades. \u00c9 desenvolvida por meio do exerc\u00edcio de pr\u00e1ticas de cuidado e gest\u00e3o, democr\u00e1ticas e participativas, sob forma de trabalho em equipe, dirigidas \u00e0 popula\u00e7\u00f5es de territ\u00f3rios definidos, pelas quais assume a responsabilidade sanit\u00e1ria, considerando a dinamicidade existente no territ\u00f3rio em que vivem essas popula\u00e7\u00f5es. Utiliza tecnologias de cuidado complexas e variadas que devem auxiliar no manejo das demandas e necessidades de sa\u00fade de maior frequ\u00eancia e relev\u00e2ncia em seu territ\u00f3rio, observando crit\u00e9rios de risco, vulnerabilidade, resili\u00eancia e o imperativo \u00e9tico de que toda demanda, necessidade de sa\u00fade ou sofrimento deve ser acolhida. (Pol\u00edtica Nacional de Aten\u00e7\u00e3o B\u00e1sica, MS 2012).<\/p>\n<p>No territ\u00f3rio de Santo Amaro\/ Cidade Ademar, a popula\u00e7\u00e3o adscrita \u00e9 de 667.789 habitantes (CENSO\/2010).<\/p>\n<p>Para conhecer os servi\u00e7os que a Rede de Aten\u00e7\u00e3o B\u00e1sica possui, acesse os \u00edcones abaixo:[\/vc_column_text][\/vc_column][\/vc_row][vc_row][vc_column width=&#8221;1\/3&#8243;][vc_single_image image=&#8221;4822&#8243; img_size=&#8221;full&#8221; alignment=&#8221;center&#8221; onclick=&#8221;custom_link&#8221; css_animation=&#8221;fadeInUp&#8221; link=&#8221;http:\/\/intsregiaosaca.org.br\/ints\/wp-admin\/atencao-primaria\/ama-ubs-integrada\/&#8221;][\/vc_column][vc_column width=&#8221;1\/3&#8243;][vc_single_image image=&#8221;4837&#8243; img_size=&#8221;full&#8221; alignment=&#8221;center&#8221; onclick=&#8221;custom_link&#8221; css_animation=&#8221;fadeInUp&#8221; link=&#8221;http:\/\/intsregiaosaca.org.br\/ints\/wp-admin\/atencao-primaria\/ubs-unidade-basica-de-saude\/&#8221;][\/vc_column][vc_column width=&#8221;1\/3&#8243;][vc_single_image image=&#8221;4838&#8243; img_size=&#8221;full&#8221; alignment=&#8221;center&#8221; onclick=&#8221;custom_link&#8221; css_animation=&#8221;fadeInUp&#8221; link=&#8221;http:\/\/intsregiaosaca.org.br\/ints\/wp-admin\/atencao-primaria\/ubs-esf-2\/&#8221;][\/vc_column][\/vc_row][vc_row][vc_column width=&#8221;1\/3&#8243;][vc_single_image image=&#8221;4842&#8243; img_size=&#8221;full&#8221; alignment=&#8221;center&#8221; onclick=&#8221;custom_link&#8221; css_animation=&#8221;fadeInUp&#8221; link=&#8221;http:\/\/intsregiaosaca.org.br\/ints\/wp-admin\/atencao-primaria\/unidade-de-pronto-atendimento\/&#8221;][\/vc_column][vc_column width=&#8221;1\/3&#8243;][vc_single_image image=&#8221;6931&#8243; img_size=&#8221;full&#8221; alignment=&#8221;center&#8221; onclick=&#8221;custom_link&#8221; css_animation=&#8221;fadeInUp&#8221; link=&#8221;http:\/\/intsregiaosaca.org.br\/ints\/wp-admin\/atencao-primaria\/sad-servico-de-assistencia-domiciliar\/&#8221;][\/vc_column][vc_column width=&#8221;1\/3&#8243;][vc_single_image image=&#8221;6924&#8243; img_size=&#8221;full&#8221; alignment=&#8221;center&#8221; onclick=&#8221;custom_link&#8221; css_animation=&#8221;fadeInUp&#8221; link=&#8221;http:\/\/intsregiaosaca.org.br\/ints\/wp-admin\/atencao-secundaria\/nasf-nucleo-de-apoio-a-saude-da-familia\/&#8221;][\/vc_column][\/vc_row]<\/p>\n","protected":false},"excerpt":{"rendered":"<p>[vc_row][vc_column][vc_column_text]A Aten\u00e7\u00e3o Prim\u00e1ria caracteriza-se por um conjunto de a\u00e7\u00f5es de sa\u00fade, no \u00e2mbito individual e coletivo, que abrange a promo\u00e7\u00e3o e a prote\u00e7\u00e3o da sa\u00fade, a preven\u00e7\u00e3o de agravos, o diagn\u00f3stico, o tratamento, a reabilita\u00e7\u00e3o, a redu\u00e7\u00e3o de danos e a manuten\u00e7\u00e3o da sa\u00fade, com o objetivo de desenvolver uma aten\u00e7\u00e3o integral que impacte na [&hellip;]<\/p>\n","protected":false},"author":3,"featured_media":0,"parent":0,"menu_order":0,"comment_status":"closed","ping_status":"closed","template":"","meta":{"footnotes":""},"class_list":["post-4426","page","type-page","status-publish","hentry"],"_links":{"self":[{"href":"https:\/\/intsregiaosaca.org.br\/ints\/wp-admin\/wp-json\/wp\/v2\/pages\/4426","targetHints":{"allow":["GET"]}}],"collection":[{"href":"https:\/\/intsregiaosaca.org.br\/ints\/wp-admin\/wp-json\/wp\/v2\/pages"}],"about":[{"href":"https:\/\/intsregiaosaca.org.br\/ints\/wp-admin\/wp-json\/wp\/v2\/types\/page"}],"author":[{"embeddable":true,"href":"https:\/\/intsregiaosaca.org.br\/ints\/wp-admin\/wp-json\/wp\/v2\/users\/3"}],"replies":[{"embeddable":true,"href":"https:\/\/intsregiaosaca.org.br\/ints\/wp-admin\/wp-json\/wp\/v2\/comments?post=4426"}],"version-history":[{"count":19,"href":"https:\/\/intsregiaosaca.org.br\/ints\/wp-admin\/wp-json\/wp\/v2\/pages\/4426\/revisions"}],"predecessor-version":[{"id":6932,"href":"https:\/\/intsregiaosaca.org.br\/ints\/wp-admin\/wp-json\/wp\/v2\/pages\/4426\/revisions\/6932"}],"wp:attachment":[{"href":"https:\/\/intsregiaosaca.org.br\/ints\/wp-admin\/wp-json\/wp\/v2\/media?parent=4426"}],"curies":[{"name":"wp","href":"https:\/\/api.w.org\/{rel}","templated":true}]}}