{"id":4360,"date":"2020-10-13T14:07:25","date_gmt":"2020-10-13T17:07:25","guid":{"rendered":"http:\/ossantacatarina.org.br\/?page_id=4360"},"modified":"2025-01-27T09:32:10","modified_gmt":"2025-01-27T12:32:10","slug":"srt-servico-residencial-terapeutico","status":"publish","type":"page","link":"https:\/\/intsregiaosaca.org.br\/ints\/wp-admin\/atencao-secundaria\/srt-servico-residencial-terapeutico\/","title":{"rendered":"Servi\u00e7o Residencial Terap\u00eautico"},"content":{"rendered":"<p>[vc_row][vc_column][vc_column_text]Entende-se como Servi\u00e7os Residenciais Terap\u00eauticos, moradias ou casas inseridas, preferencialmente, na comunidade, destinadas a cuidar dos portadores de transtornos mentais, regressos de interna\u00e7\u00f5es psiqui\u00e1tricas de longa perman\u00eancia, que n\u00e3o possuam suporte social e la\u00e7os familiares, e que viabilizem sua inser\u00e7\u00e3o social.<\/p>\n<p>Os Servi\u00e7os Residenciais Terap\u00eauticos em Sa\u00fade Mental constituem uma modalidade assistencial substitutiva da interna\u00e7\u00e3o psiqui\u00e1trica prolongada (Portaria\/GM n\u00ba 106, 2000).[\/vc_column_text][\/vc_column][\/vc_row][vc_row css=&#8221;.vc_custom_1602612895689{padding-bottom: 50px !important;}&#8221;][vc_column][vc_text_separator title=&#8221;Locais de Atendimento&#8221; title_align=&#8221;separator_align_left&#8221; color=&#8221;custom&#8221; border_width=&#8221;2&#8243; css_animation=&#8221;fadeInRight&#8221; accent_color=&#8221;#006527&#8243; css=&#8221;.vc_custom_1602609248249{margin-top: 50px !important;margin-bottom: 50px !important;}&#8221;][vc_tta_tabs][vc_tta_section title=&#8221;SRT II SANTO AMARO I&#8221; tab_id=&#8221;1602611623328-3d48048f-5972&#8243;][vc_column_text]<strong>Telefone:<\/strong> 11 5524-0454<\/p>\n<p><strong>Endere\u00e7o:<\/strong> Rua Abel Seixas, 76 \u2013 Santo Amaro<\/p>\n<p>[\/vc_column_text][vc_gmaps link=&#8221;#E-8_JTNDaWZyYW1lJTIwc3JjJTNEJTIyaHR0cHMlM0ElMkYlMkZ3d3cuZ29vZ2xlLmNvbSUyRm1hcHMlMkZlbWJlZCUzRnBiJTNEJTIxMW0xNCUyMTFtOCUyMTFtMyUyMTFkNzMwOS4zOTkwMjEzNjU0NDIlMjEyZC00Ni43MTE1ODQlMjEzZC0yMy42NTA5MyUyMTNtMiUyMTFpMTAyNCUyMTJpNzY4JTIxNGYxMy4xJTIxM20zJTIxMW0yJTIxMXMweDk0Y2U1MTAwN2UxZjgzNGIlMjUzQTB4ZDM1NDljODUzYTUzZjViYiUyMTJzUi4lMjUyMEFiZWwlMjUyMFNlaXhhcyUyNTJDJTI1MjA3NiUyNTIwLSUyNTIwU2FudG8lMjUyMEFtYXJvJTI1MkMlMjUyMFMlMjVDMyUyNUEzbyUyNTIwUGF1bG8lMjUyMC0lMjUyMFNQJTI1MkMlMjUyMDA0NzU0LTAzMCUyMTVlMCUyMTNtMiUyMTFzcHQtQlIlMjEyc2JyJTIxNHYxNjAyNjExODEyNzAyJTIxNW0yJTIxMXNwdC1CUiUyMTJzYnIlMjIlMjB3aWR0aCUzRCUyMjYwMCUyMiUyMGhlaWdodCUzRCUyMjQ1MCUyMiUyMGZyYW1lYm9yZGVyJTNEJTIyMCUyMiUyMHN0eWxlJTNEJTIyYm9yZGVyJTNBMCUzQiUyMiUyMGFsbG93ZnVsbHNjcmVlbiUzRCUyMiUyMiUyMGFyaWEtaGlkZGVuJTNEJTIyZmFsc2UlMjIlMjB0YWJpbmRleCUzRCUyMjAlMjIlM0UlM0MlMkZpZnJhbWUlM0U=&#8221; css_animation=&#8221;bounceIn&#8221; css=&#8221;.vc_custom_1602612020940{margin-bottom: 20px !important;}&#8221;][\/vc_tta_section][vc_tta_section title=&#8221;SRT II SANTO AMARO II&#8221; tab_id=&#8221;1602612318028-51a461d3-4f45&#8243;][vc_column_text]<strong>Telefone:<\/strong> 11 5641-1923<\/p>\n<p><strong>Endere\u00e7o: <\/strong>Rua Visconde de Taunay 809 \u2013 VL. Cruzeiro[\/vc_column_text][vc_gmaps link=&#8221;#E-8_JTNDaWZyYW1lJTIwc3JjJTNEJTIyaHR0cHMlM0ElMkYlMkZ3d3cuZ29vZ2xlLmNvbSUyRm1hcHMlMkZlbWJlZCUzRnBiJTNEJTIxMW0xOCUyMTFtMTIlMjExbTMlMjExZDM2NTUuMDI0Mjk0Mjk4NjU1JTIxMmQtNDYuNzEyODAyMjg0NjcyMDclMjEzZC0yMy42MzkzMDA5ODQ2NDQzMjYlMjEybTMlMjExZjAlMjEyZjAlMjEzZjAlMjEzbTIlMjExaTEwMjQlMjEyaTc2OCUyMTRmMTMuMSUyMTNtMyUyMTFtMiUyMTFzMHg5NGNlNTExZDBjMzg3MmExJTI1M0EweDU0YTIzNTY2ODRjMDI5OTQlMjEyc1IuJTI1MjBWaXNjLiUyNTIwZGUlMjUyMFRhdW5heSUyNTJDJTI1MjA4MDklMjUyMC0lMjUyMFZpbGElMjUyMENydXplaXJvJTI1MkMlMjUyMFMlMjVDMyUyNUEzbyUyNTIwUGF1bG8lMjUyMC0lMjUyMFNQJTI1MkMlMjUyMDA0NzI2LTAxMSUyMTVlMCUyMTNtMiUyMTFzcHQtQlIlMjEyc2JyJTIxNHYxNjAyNjEyMzg3Nzg2JTIxNW0yJTIxMXNwdC1CUiUyMTJzYnIlMjIlMjB3aWR0aCUzRCUyMjYwMCUyMiUyMGhlaWdodCUzRCUyMjQ1MCUyMiUyMGZyYW1lYm9yZGVyJTNEJTIyMCUyMiUyMHN0eWxlJTNEJTIyYm9yZGVyJTNBMCUzQiUyMiUyMGFsbG93ZnVsbHNjcmVlbiUzRCUyMiUyMiUyMGFyaWEtaGlkZGVuJTNEJTIyZmFsc2UlMjIlMjB0YWJpbmRleCUzRCUyMjAlMjIlM0UlM0MlMkZpZnJhbWUlM0U=&#8221; css_animation=&#8221;bounceIn&#8221; css=&#8221;.vc_custom_1602612399764{margin-bottom: 20px !important;}&#8221;][\/vc_tta_section][vc_tta_section title=&#8221;SRT II SANTO AMARO III&#8221; tab_id=&#8221;1602612450318-807cc269-a62c&#8221;][vc_column_text]<strong>Telefone:<\/strong> 11 2096-1281<\/p>\n<p><strong>Endere\u00e7o: <\/strong>R. Camb\u00e9, 222 \u2013 Santo Amaro[\/vc_column_text][vc_gmaps link=&#8221;#E-8_JTNDaWZyYW1lJTIwc3JjJTNEJTIyaHR0cHMlM0ElMkYlMkZ3d3cuZ29vZ2xlLmNvbSUyRm1hcHMlMkZlbWJlZCUzRnBiJTNEJTIxMW0xOCUyMTFtMTIlMjExbTMlMjExZDM2NTQuNjYyNDAzODAwNzAyNiUyMTJkLTQ2LjY5NjQ0MDg4NDY3MTc4JTIxM2QtMjMuNjUyMjU4Mjg0NjM3ODE0JTIxMm0zJTIxMWYwJTIxMmYwJTIxM2YwJTIxM20yJTIxMWkxMDI0JTIxMmk3NjglMjE0ZjEzLjElMjEzbTMlMjExbTIlMjExczB4OTRjZTUwNWM3ZDliOTY4YiUyNTNBMHhhZDQwZWNjNTBmNzAyYTY4JTIxMnNSLiUyNTIwQ2FtYiUyNUMzJTI1QTklMjUyQyUyNTIwMjIyJTI1MjAtJTI1MjBTYW50byUyNTIwQW1hcm8lMjUyQyUyNTIwUyUyNUMzJTI1QTNvJTI1MjBQYXVsbyUyNTIwLSUyNTIwU1AlMjUyQyUyNTIwMDQ3NDctMTMwJTIxNWUwJTIxM20yJTIxMXNwdC1CUiUyMTJzYnIlMjE0djE2MDI2MTI0ODExNzklMjE1bTIlMjExc3B0LUJSJTIxMnNiciUyMiUyMHdpZHRoJTNEJTIyNjAwJTIyJTIwaGVpZ2h0JTNEJTIyNDUwJTIyJTIwZnJhbWVib3JkZXIlM0QlMjIwJTIyJTIwc3R5bGUlM0QlMjJib3JkZXIlM0EwJTNCJTIyJTIwYWxsb3dmdWxsc2NyZWVuJTNEJTIyJTIyJTIwYXJpYS1oaWRkZW4lM0QlMjJmYWxzZSUyMiUyMHRhYmluZGV4JTNEJTIyMCUyMiUzRSUzQyUyRmlmcmFtZSUzRQ==&#8221; css_animation=&#8221;bounceIn&#8221; css=&#8221;.vc_custom_1602612490106{margin-bottom: 20px !important;}&#8221;][\/vc_tta_section][vc_tta_section title=&#8221;SRT II CIDADE ADEMAR I&#8221; tab_id=&#8221;1602612448618-97f06214-2459&#8243;][vc_column_text]<strong>Telefone:<\/strong> 11 5623-0153<\/p>\n<p><strong>Endere\u00e7o: <\/strong>R. Tapirap\u00e9, 96 \u2013 Balne\u00e1rio Mar Paulista[\/vc_column_text][vc_gmaps link=&#8221;#E-8_JTNDaWZyYW1lJTIwc3JjJTNEJTIyaHR0cHMlM0ElMkYlMkZ3d3cuZ29vZ2xlLmNvbSUyRm1hcHMlMkZlbWJlZCUzRnBiJTNEJTIxMW0xOCUyMTFtMTIlMjExbTMlMjExZDM2NTMuMzkzNTEwNjM2OTcxOCUyMTJkLTQ2LjY2MzM2MTk4NDY3MTAyJTIxM2QtMjMuNjk3NjM3NTg0NjE1NDE0JTIxMm0zJTIxMWYwJTIxMmYwJTIxM2YwJTIxM20yJTIxMWkxMDI0JTIxMmk3NjglMjE0ZjEzLjElMjEzbTMlMjExbTIlMjExczB4OTRjZTQ1NjU4NjgyY2VmNyUyNTNBMHg1OWU0MDU5Yjc2ZWUyZjU3JTIxMnNSdWElMjUyMFRhcGlyYXAlMjVDMyUyNUE5cyUyNTJDJTI1MjA5NiUyNTIwLSUyNTIwUGVkcmVpcmElMjUyQyUyNTIwUyUyNUMzJTI1QTNvJTI1MjBQYXVsbyUyNTIwLSUyNTIwU1AlMjUyQyUyNTIwMDQ0NjMtMDQwJTIxNWUwJTIxM20yJTIxMXNwdC1CUiUyMTJzYnIlMjE0djE2MDI2MTI1NTMzMTMlMjE1bTIlMjExc3B0LUJSJTIxMnNiciUyMiUyMHdpZHRoJTNEJTIyNjAwJTIyJTIwaGVpZ2h0JTNEJTIyNDUwJTIyJTIwZnJhbWVib3JkZXIlM0QlMjIwJTIyJTIwc3R5bGUlM0QlMjJib3JkZXIlM0EwJTNCJTIyJTIwYWxsb3dmdWxsc2NyZWVuJTNEJTIyJTIyJTIwYXJpYS1oaWRkZW4lM0QlMjJmYWxzZSUyMiUyMHRhYmluZGV4JTNEJTIyMCUyMiUzRSUzQyUyRmlmcmFtZSUzRQ==&#8221; css_animation=&#8221;bounceIn&#8221; css=&#8221;.vc_custom_1602612562985{margin-bottom: 20px !important;}&#8221;][\/vc_tta_section][vc_tta_section title=&#8221;SRT II CIDADE ADEMAR II&#8221; tab_id=&#8221;1602612582109-451d8366-af53&#8243;][vc_column_text]<strong>Telefone:<\/strong> 11 5613-6044<\/p>\n<p><strong>Endere\u00e7o: <\/strong>R. Matsuichi Wada, 34 \u2013 Balne\u00e1rio Mar Paulista[\/vc_column_text][vc_gmaps link=&#8221;#E-8_JTNDaWZyYW1lJTIwc3JjJTNEJTIyaHR0cHMlM0ElMkYlMkZ3d3cuZ29vZ2xlLmNvbSUyRm1hcHMlMkZlbWJlZCUzRnBiJTNEJTIxMW0xOCUyMTFtMTIlMjExbTMlMjExZDM2NTMuNDYwMjc2NTEzMjU2OCUyMTJkLTQ2LjY2MTczNTI4NDY3MTE2JTIxM2QtMjMuNjk1MjUxODg0NjE2NTglMjEybTMlMjExZjAlMjEyZjAlMjEzZjAlMjEzbTIlMjExaTEwMjQlMjEyaTc2OCUyMTRmMTMuMSUyMTNtMyUyMTFtMiUyMTFzMHg5NGNlNDU2ZjM1YTljZmRiJTI1M0EweDIwOTI0ODEwMDY3ZWVjMDQlMjEyc1IuJTI1MjBNYXRzdWljaGklMjUyMFdhZGElMjUyQyUyNTIwMzQlMjUyMC0lMjUyMEJhbG5lJTI1QzMlMjVBMXJpbyUyNTIwTWFyJTI1MjBQYXVsaXN0YSUyNTJDJTI1MjBTJTI1QzMlMjVBM28lMjUyMFBhdWxvJTI1MjAtJTI1MjBTUCUyNTJDJTI1MjAwNDQ2My0wNjAlMjE1ZTAlMjEzbTIlMjExc3B0LUJSJTIxMnNiciUyMTR2MTYwMjYxMjYwMjE2NiUyMTVtMiUyMTFzcHQtQlIlMjEyc2JyJTIyJTIwd2lkdGglM0QlMjI2MDAlMjIlMjBoZWlnaHQlM0QlMjI0NTAlMjIlMjBmcmFtZWJvcmRlciUzRCUyMjAlMjIlMjBzdHlsZSUzRCUyMmJvcmRlciUzQTAlM0IlMjIlMjBhbGxvd2Z1bGxzY3JlZW4lM0QlMjIlMjIlMjBhcmlhLWhpZGRlbiUzRCUyMmZhbHNlJTIyJTIwdGFiaW5kZXglM0QlMjIwJTIyJTNFJTNDJTJGaWZyYW1lJTNF&#8221; css_animation=&#8221;bounceIn&#8221; css=&#8221;.vc_custom_1602612609958{margin-bottom: 20px !important;}&#8221;][\/vc_tta_section][\/vc_tta_tabs][\/vc_column][\/vc_row]<\/p>\n","protected":false},"excerpt":{"rendered":"<p>[vc_row][vc_column][vc_column_text]Entende-se como Servi\u00e7os Residenciais Terap\u00eauticos, moradias ou casas inseridas, preferencialmente, na comunidade, destinadas a cuidar dos portadores de transtornos mentais, regressos de interna\u00e7\u00f5es psiqui\u00e1tricas de longa perman\u00eancia, que n\u00e3o possuam suporte social e la\u00e7os familiares, e que viabilizem sua inser\u00e7\u00e3o social. Os Servi\u00e7os Residenciais Terap\u00eauticos em Sa\u00fade Mental constituem uma modalidade assistencial substitutiva da interna\u00e7\u00e3o [&hellip;]<\/p>\n","protected":false},"author":3,"featured_media":0,"parent":4428,"menu_order":0,"comment_status":"closed","ping_status":"closed","template":"SRT.php","meta":{"footnotes":""},"class_list":["post-4360","page","type-page","status-publish","hentry"],"_links":{"self":[{"href":"https:\/\/intsregiaosaca.org.br\/ints\/wp-admin\/wp-json\/wp\/v2\/pages\/4360","targetHints":{"allow":["GET"]}}],"collection":[{"href":"https:\/\/intsregiaosaca.org.br\/ints\/wp-admin\/wp-json\/wp\/v2\/pages"}],"about":[{"href":"https:\/\/intsregiaosaca.org.br\/ints\/wp-admin\/wp-json\/wp\/v2\/types\/page"}],"author":[{"embeddable":true,"href":"https:\/\/intsregiaosaca.org.br\/ints\/wp-admin\/wp-json\/wp\/v2\/users\/3"}],"replies":[{"embeddable":true,"href":"https:\/\/intsregiaosaca.org.br\/ints\/wp-admin\/wp-json\/wp\/v2\/comments?post=4360"}],"version-history":[{"count":32,"href":"https:\/\/intsregiaosaca.org.br\/ints\/wp-admin\/wp-json\/wp\/v2\/pages\/4360\/revisions"}],"predecessor-version":[{"id":10468,"href":"https:\/\/intsregiaosaca.org.br\/ints\/wp-admin\/wp-json\/wp\/v2\/pages\/4360\/revisions\/10468"}],"up":[{"embeddable":true,"href":"https:\/\/intsregiaosaca.org.br\/ints\/wp-admin\/wp-json\/wp\/v2\/pages\/4428"}],"wp:attachment":[{"href":"https:\/\/intsregiaosaca.org.br\/ints\/wp-admin\/wp-json\/wp\/v2\/media?parent=4360"}],"curies":[{"name":"wp","href":"https:\/\/api.w.org\/{rel}","templated":true}]}}