{"id":42,"date":"2020-10-08T18:07:52","date_gmt":"2020-10-08T21:07:52","guid":{"rendered":"http:\/ossantacatarina.org.br\/?page_id=42"},"modified":"2023-10-05T16:47:34","modified_gmt":"2023-10-05T19:47:34","slug":"identidade-organizacional","status":"publish","type":"page","link":"https:\/\/intsregiaosaca.org.br\/ints\/wp-admin\/identidade-organizacional\/","title":{"rendered":"Identidade Organizacional"},"content":{"rendered":"<p><strong>MISS\u00c3O<\/strong><\/p>\n<p>Prover \u00e0 administra\u00e7\u00e3o p\u00fablica solu\u00e7\u00f5es de gest\u00e3o e tecnologia na \u00e1rea de sa\u00fade, educa\u00e7\u00e3o e a\u00e7\u00e3o social buscando a satisfa\u00e7\u00e3o das partes interessadas, assim como, a conformidade com as legisla\u00e7\u00f5es aplic\u00e1veis.<\/p>\n<p><strong>VIS\u00c3O<\/strong><\/p>\n<p>Ser refer\u00eancia nacional na gest\u00e3o de servi\u00e7os de sa\u00fade, educa\u00e7\u00e3o e a\u00e7\u00f5es sociais destacando-se pela qualidade, aprimoramento e moderniza\u00e7\u00e3o dos nossos servi\u00e7os.<\/p>\n<p><strong>VALORES<\/strong><\/p>\n<p><strong>\u2713Legalidade:<\/strong> O atendimento \u00e0s legisla\u00e7\u00f5es e \u00e0 conformidade regulat\u00f3ria deve ser uma pr\u00e1tica constante em nossa organiza\u00e7\u00e3o.<br \/>\n<strong>\u2713Transpar\u00eancia em nossas atitudes:<\/strong> Nosso crescimento deve ser pautado na transpar\u00eancia e honestidade de nossas a\u00e7\u00f5es.<br \/>\n<strong>\u2713Prezar pela vida e integridade das pessoas:<\/strong> Devemos considerar esta diretriz mandat\u00f3ria nas atividades de assist\u00eancia \u00e0 sa\u00fade, educa\u00e7\u00e3o e a\u00e7\u00f5es de promo\u00e7\u00e3o \u00e0 sa\u00fade.<br \/>\n<strong>\u2713Preservar e honrar compromissos:<\/strong> Deve ser uma pr\u00e1tica constante por todos.<br \/>\n<strong>\u2713Respeitar as rela\u00e7\u00f5es com as partes interessadas:<\/strong> Em todos os n\u00edveis da nossa organiza\u00e7\u00e3o, devemos buscar construir relacionamentos baseados neste valor, seja com nossos clientes, parceiros, fornecedores, ag\u00eancias regulat\u00f3rias e poder p\u00fablico.<br \/>\n<strong>\u2713Aperfei\u00e7oamento cont\u00ednuo:<\/strong> O aperfei\u00e7oamento cont\u00ednuo da nossa equipe \u00e9 a base para a qualidade dos nossos servi\u00e7os e a gest\u00e3o do nosso neg\u00f3cio.<\/p>\n<p><strong>POL\u00cdTICA DA QUALIDADE<\/strong><\/p>\n<p>O INTS \u2013 Instituto Nacional de Tecnologia e Sa\u00fade presta servi\u00e7o de gest\u00e3o, assist\u00eancia e promo\u00e7\u00e3o \u00e0 sa\u00fade, busca a satisfa\u00e7\u00e3o de seus pacientes, contratantes e demais partes interessadas, a partir do cumprimento dos requisitos legais, regulamentares, estatut\u00e1rios e \u00a0 melhoria cont\u00ednua do Sistema de Gest\u00e3o da Qualidade.<\/p>\n","protected":false},"excerpt":{"rendered":"<p>MISS\u00c3O Prover \u00e0 administra\u00e7\u00e3o p\u00fablica solu\u00e7\u00f5es de gest\u00e3o e tecnologia na \u00e1rea de sa\u00fade, educa\u00e7\u00e3o e a\u00e7\u00e3o social buscando a satisfa\u00e7\u00e3o das partes interessadas, assim como, a conformidade com as legisla\u00e7\u00f5es aplic\u00e1veis. VIS\u00c3O Ser refer\u00eancia nacional na gest\u00e3o de servi\u00e7os de sa\u00fade, educa\u00e7\u00e3o e a\u00e7\u00f5es sociais destacando-se pela qualidade, aprimoramento e moderniza\u00e7\u00e3o dos nossos servi\u00e7os. [&hellip;]<\/p>\n","protected":false},"author":3,"featured_media":0,"parent":0,"menu_order":0,"comment_status":"closed","ping_status":"closed","template":"","meta":{"footnotes":""},"class_list":["post-42","page","type-page","status-publish","hentry"],"_links":{"self":[{"href":"https:\/\/intsregiaosaca.org.br\/ints\/wp-admin\/wp-json\/wp\/v2\/pages\/42","targetHints":{"allow":["GET"]}}],"collection":[{"href":"https:\/\/intsregiaosaca.org.br\/ints\/wp-admin\/wp-json\/wp\/v2\/pages"}],"about":[{"href":"https:\/\/intsregiaosaca.org.br\/ints\/wp-admin\/wp-json\/wp\/v2\/types\/page"}],"author":[{"embeddable":true,"href":"https:\/\/intsregiaosaca.org.br\/ints\/wp-admin\/wp-json\/wp\/v2\/users\/3"}],"replies":[{"embeddable":true,"href":"https:\/\/intsregiaosaca.org.br\/ints\/wp-admin\/wp-json\/wp\/v2\/comments?post=42"}],"version-history":[{"count":8,"href":"https:\/\/intsregiaosaca.org.br\/ints\/wp-admin\/wp-json\/wp\/v2\/pages\/42\/revisions"}],"predecessor-version":[{"id":9021,"href":"https:\/\/intsregiaosaca.org.br\/ints\/wp-admin\/wp-json\/wp\/v2\/pages\/42\/revisions\/9021"}],"wp:attachment":[{"href":"https:\/\/intsregiaosaca.org.br\/ints\/wp-admin\/wp-json\/wp\/v2\/media?parent=42"}],"curies":[{"name":"wp","href":"https:\/\/api.w.org\/{rel}","templated":true}]}}